{"id":9372,"date":"2022-07-14T09:54:56","date_gmt":"2022-07-14T09:54:56","guid":{"rendered":"https:\/\/seayougroup.com\/?page_id=12"},"modified":"2025-03-28T12:17:16","modified_gmt":"2025-03-28T10:17:16","slug":"termini-e-condizioni","status":"publish","type":"page","link":"https:\/\/seayougroup.com\/de\/termini-e-condizioni\/","title":{"rendered":"Bedingungen und Konditionen"},"content":{"rendered":"<h1 class=\"wp-block-heading\"><strong>Allgemeine Gesch\u00e4ftsbedingungen f\u00fcr SeaYouGroup-Erlebnisse<\/strong><\/h1>\n\n\n\n<h2 class=\"wp-block-heading\">Allgemeine Bedingungen und Konditionen<\/h2>\n\n\n\n<p><strong>1 - Der Preis beinhaltet<\/strong><\/p>\n\n\n\n<ul class=\"wp-block-list\">\n<li>Krankenkasse. <strong><a href=\"https:\/\/seayougroup.com\/de\/assicurazione-sanitaria\/\" title=\"\">Mehr lesen<\/a>.<\/strong><\/li>\n\n\n\n<li>Individuelles T-shirt<\/li>\n\n\n\n<li>Teilnahmebescheinigung<\/li>\n\n\n\n<li>Arbeitsbuch und Stift<\/li>\n\n\n\n<li>Skipper<\/li>\n\n\n\n<li>Bett (die Teilnehmer m\u00fcssen auf eigene Kosten eine Unterkunft au\u00dferhalb des Schiffes buchen, wenn sie vor oder nach dem Zeitraum des erworbenen Erlebnisses am Zielort ankommen m\u00f6chten).<\/li>\n\n\n\n<li>Flug<\/li>\n<\/ul>\n\n\n\n<p><strong>WARNUNG:<\/strong> Das Bett im Erlebnis <strong>EXTREME <\/strong>wird von SeaYou abgedeckt <strong>nur auf dem Seeweg und NICHT <\/strong>an den Ausbildungstagen vor der Abreise. Aus diesem Grund m\u00fcssen Sie Ihre Unterkunft in der Stadt selbst buchen.&nbsp;<\/p>\n\n\n\n<p><strong>2 &#8211; <strong>Was im Preis nicht enthalten ist<\/strong><\/strong><\/p>\n\n\n\n<ul class=\"wp-block-list\">\n<li>Bordk\u00fcche und Verpflegung an Land (ca. 30 \u20ac\/Tag)<\/li>\n\n\n\n<li>Kraftstoff (ca. 25 \u20ac pro Person)<\/li>\n\n\n\n<li>Hafengeb\u00fchren (ca. 25 \u20ac pro Person)<\/li>\n\n\n\n<li>Transport vom\/zum Flughafen (kann gegen Aufpreis organisiert werden)<\/li>\n\n\n\n<li>Jede andere Position, die nicht in den enthaltenen Kosten angegeben ist<\/li>\n<\/ul>\n\n\n\n<p><strong>3 - Bezahlung<\/strong><\/p>\n\n\n\n<p>Die Zahlung muss nach den \u00fcblichen Methoden erfolgen: Bank\u00fcberweisung oder Online-Kreditkarte.<\/p>\n\n\n\n<p><strong>4 &#8211; <strong>Verzicht auf das Erlebnis oder den Urlaub<\/strong><\/strong><\/p>\n\n\n\n<ul class=\"wp-block-list\">\n<li>Der Teilnehmer kann auf das Erlebnis verzichten und erh\u00e4lt eine R\u00fcckerstattung in H\u00f6he der<strong>80%<\/strong>&nbsp;wenn der Verzicht innerhalb von&nbsp;<strong>60 Tage<\/strong>&nbsp;vor der Abreise, oder an den&nbsp;<strong>20%<\/strong>&nbsp;wenn der Verzicht innerhalb von&nbsp;<strong>40 Tage<\/strong>&nbsp;vor der Abreise.<br><\/li>\n\n\n\n<li>Im Falle eines R\u00fccktritts aus gesundheitlichen oder dringenden Gr\u00fcnden muss der Teilnehmer&nbsp;<strong>keinen Anspruch auf Erstattung haben<\/strong>&nbsp;Sie k\u00f6nnen auch nicht an einem anderen Erlebnis teilnehmen, ohne eine Versicherung abzuschlie\u00dfen.&nbsp;<strong>SeaYou Safe Return<\/strong>.<\/li>\n<\/ul>\n\n\n\n<p><strong>5 - SeaYou Safe Return Versicherung<\/strong><\/p>\n\n\n\n<p>Wir empfehlen dringend den Abschluss unserer Versicherung&nbsp;<strong>SeaYou Safe Return<\/strong>die es Ihnen erm\u00f6glicht, Ihre Abreise noch am Vortag zu stornieren,&nbsp;<strong>nur aus nachweisbaren Gr\u00fcnden<\/strong>. Im Falle einer Stornierung: Bis zu 90% der Kosten des Erlebnisses\/Urlaubs werden zur\u00fcckerstattet, sofern der Teilnehmer bereits den vollen Preis des Pakets bezahlt hat.<br>Die Kosten f\u00fcr die sichere R\u00fcckkehr von Sea You belaufen sich auf 7% der Gesamtkosten des Erlebnisses.<\/p>\n\n\n\n<ul class=\"wp-block-list\">\n<li>Der Preis f\u00fcr die R\u00fcckkehr ins Meer kann je nach Art des Erlebnisses variieren.<\/li>\n<\/ul>\n\n\n\n<p><strong>6 &#8211; <strong>Stornierung durch SeaYou<\/strong><\/strong><\/p>\n\n\n\n<ul class=\"wp-block-list\">\n<li>Wenn das Erlebnis aus Gr\u00fcnden, die der Teilnehmer nicht zu vertreten hat, abgesagt wird, verpflichtet sich SeaYou, dem Kunden einen Platz in einer anderen Veranstaltung zu einem sp\u00e4teren Zeitpunkt zu reservieren.<\/li>\n<\/ul>\n\n\n\n<ul class=\"wp-block-list\">\n<li>In diesem Fall hat das Unternehmen&nbsp;<strong>wird nicht erstattet<\/strong>&nbsp;Ausgaben au\u00dferhalb des Erlebnisses (Fl\u00fcge, Hotels usw.).<\/li>\n<\/ul>\n\n\n\n<p><strong>7 &#8211; <strong>Aussetzung der Erfahrung (Kurs bereits begonnen)<\/strong><\/strong><\/p>\n\n\n\n<p>Die Aussetzung der Erfahrung ist eine ausschlie\u00dfliche Entscheidung des&nbsp;<strong>Kommandant<\/strong>.<br>Um die h\u00f6chsten Sicherheitsstandards zu gew\u00e4hrleisten, k\u00f6nnen sich die Zeiten und Tage der Abfahrt und der R\u00fcckkehr vom Non-Stop-Segeln \u00e4ndern.<br>In diesem Fall, SeaYou&nbsp;<strong>wird nicht erstattet<\/strong>&nbsp;etwaige \u00c4nderungen der Unterkunftsdaten oder der Fl\u00fcge.<br>Wenn das Erlebnis aufgrund h\u00f6herer Gewalt (schlechtes Wetter, technische Probleme, Unf\u00e4lle oder Fehlen von Mindestsicherheitsbedingungen) unterbrochen wird,&nbsp;<strong>wird nichts zur\u00fcckerstattet<\/strong>&nbsp;f\u00fcr den Teilnehmer, einschlie\u00dflich zus\u00e4tzlicher Kosten f\u00fcr Fl\u00fcge, Unterkunft usw.<\/p>\n\n\n\n<p><strong>8 &#8211; <strong>Verantwortlichkeiten und Verhaltensregeln des Teilnehmers<\/strong><\/strong><\/p>\n\n\n\n<p>Der Teilnehmer ist sich bewusst, dass die Aktivit\u00e4t k\u00f6rperlich und geistig anstrengend sein kann.<br>Es ist obligatorisch, ein Verhalten zu zeigen&nbsp;<strong>nicht bedrohlich und kooperativ<\/strong>die Einhaltung der Verfahren und Befehle des Kommandanten, insbesondere im Bereich der Sicherheit.<br><span id=\"docs-internal-guid-64b3482c-7fff-34a2-fb36-4ad7e2753dd8\"><\/span><\/p>\n\n\n\n<p><strong>9 - Besch\u00e4digung<\/strong><\/p>\n\n\n\n<ul class=\"wp-block-list\">\n<li>Der Teilnehmer&nbsp;<strong>ist nicht verantwortlich<\/strong>&nbsp;f\u00fcr jegliche Sch\u00e4den am Boot w\u00e4hrend des Erlebnisses, es sei denn, sie wurden vors\u00e4tzlich verursacht.<\/li>\n\n\n\n<li>SeaYou&nbsp;<strong>ist nicht verantwortlich<\/strong>&nbsp;f\u00fcr Sch\u00e4den an pers\u00f6nlichen Gegenst\u00e4nden (z. B. Bruch von Smartphones, Verlust von Gegenst\u00e4nden auf See usw.).<\/li>\n<\/ul>\n\n\n\n<p><strong>10 - Unterst\u00fctzung<\/strong><\/p>\n\n\n\n<p>F\u00fcr weitere Informationen, die nicht in diesem Dokument aufgef\u00fchrt sind, kontaktieren Sie uns bitte per E-Mail:&nbsp;<a href=\"mailto:info@seayougroup.com\"><strong>info@seayougroup.com<\/strong><\/a>.<\/p>\n\n\n\n<p><strong>Abschlie\u00dfende Anmerkungen<\/strong><\/p>\n\n\n\n<p>Diese Allgemeinen Gesch\u00e4ftsbedingungen k\u00f6nnen ge\u00e4ndert werden. Etwaige Aktualisierungen werden umgehend bekannt gegeben.<br>Es ist ratsam, alle Klauseln sorgf\u00e4ltig zu lesen, bevor Sie mit der Buchung fortfahren.<\/p>","protected":false},"excerpt":{"rendered":"<p>Allgemeine Gesch\u00e4ftsbedingungen von SeaYouGroup Experiences Allgemeine Gesch\u00e4ftsbedingungen 1 - Im Preis inbegriffen ACHTUNG: Die \u00dcbernachtung bei EXTREME Experiences wird von SeaYou nur auf der Seestrecke und NICHT an den Trainingstagen vor der Abfahrt \u00fcbernommen. Aus diesem Grund m\u00fcssen Sie Ihre \u00dcbernachtung in der Stadt selbst reservieren.  2 - Was ist nicht im Preis inbegriffen [...].<\/p>","protected":false},"author":1,"featured_media":0,"parent":0,"menu_order":0,"comment_status":"closed","ping_status":"closed","template":"","meta":{"_acf_changed":false,"_joinchat":[],"footnotes":""},"class_list":["post-9372","page","type-page","status-publish","hentry"],"acf":[],"aioseo_notices":[],"_links":{"self":[{"href":"https:\/\/seayougroup.com\/de\/wp-json\/wp\/v2\/pages\/9372","targetHints":{"allow":["GET"]}}],"collection":[{"href":"https:\/\/seayougroup.com\/de\/wp-json\/wp\/v2\/pages"}],"about":[{"href":"https:\/\/seayougroup.com\/de\/wp-json\/wp\/v2\/types\/page"}],"author":[{"embeddable":true,"href":"https:\/\/seayougroup.com\/de\/wp-json\/wp\/v2\/users\/1"}],"replies":[{"embeddable":true,"href":"https:\/\/seayougroup.com\/de\/wp-json\/wp\/v2\/comments?post=9372"}],"version-history":[{"count":15,"href":"https:\/\/seayougroup.com\/de\/wp-json\/wp\/v2\/pages\/9372\/revisions"}],"predecessor-version":[{"id":12230,"href":"https:\/\/seayougroup.com\/de\/wp-json\/wp\/v2\/pages\/9372\/revisions\/12230"}],"wp:attachment":[{"href":"https:\/\/seayougroup.com\/de\/wp-json\/wp\/v2\/media?parent=9372"}],"curies":[{"name":"wp","href":"https:\/\/api.w.org\/{rel}","templated":true}]}}