{"id":10341,"date":"2024-06-24T13:42:06","date_gmt":"2024-06-24T13:42:06","guid":{"rendered":"https:\/\/seayougroup.com\/?post_type=product&#038;p=10341"},"modified":"2025-09-26T15:53:10","modified_gmt":"2025-09-26T13:53:10","slug":"grecia-dodecaneso-la-scoperta-del-mar-egeo","status":"publish","type":"product","link":"https:\/\/seayougroup.com\/de\/esperienza\/grecia-dodecaneso-la-scoperta-del-mar-egeo\/","title":{"rendered":"Griechenland Dodekanes: Entdeckung der \u00c4g\u00e4is"},"content":{"rendered":"<h2><b>\u00a0Ein Traumerlebnis mit einem Hauch von Abenteuer!<\/b><\/h2>\n<p>Tauchen Sie ein in die zeitlose Sch\u00f6nheit der \u00c4g\u00e4is mit unserer exklusiven Erkundungstour durch den Dodekanes, einem Archipel bezaubernder Inseln mit kristallklarem Wasser und atemberaubenden Ausblicken. Entdecken Sie malerische D\u00f6rfer mit traditionellen H\u00e4usern \u00fcber dem Meer, die direkt einem M\u00e4rchen entsprungen zu sein scheinen. Bei Einbruch der Dunkelheit schafft der Zauber der mondbeschienenen Buchten traumhafte Landschaften, in denen sich die D\u00f6rfer in den ruhigen Gew\u00e4ssern spiegeln.<\/p>\n<p>Der Dodekanes ist auch ein Paradies f\u00fcr Segelbegeisterte, mit herrlichen Buchten und idealen Winden, die den perfekten Ort bieten, um Ihre F\u00e4higkeiten zu testen und die Grundlagen des Segelns zu festigen. Segeln Sie zwischen unber\u00fchrten Inseln und geheimen Buchten und erleben Sie die pure Freiheit des Meeres in der Gesellschaft neuer Freunde. Begleiten Sie uns auf ein Abenteuer, das Kultur, landschaftliche Sch\u00f6nheit, Gastronomie und Segeln verbindet, und entdecken Sie einen der faszinierendsten Orte des Mittelmeers, wo jeder Tag eine neue Entdeckung und jeder Augenblick ein Geschenk des Meeres ist.<\/p>\n<p><b>Aber das ist noch nicht alles!<\/b><\/p>\n<p><span style=\"font-weight: 400;\">W\u00e4hrend der Reise k\u00f6nnen Sie auch die Kunst des Segelns auf eine leichte und unterhaltsame Weise entdecken. Es sind keine Vorkenntnisse erforderlich: Dies ist nicht nur ein Urlaub, sondern eine Reise, bei der Sie etwas Neues lernen k\u00f6nnen, ohne auf das Vergn\u00fcgen zu verzichten. Jeder Tag wird ein Gleichgewicht zwischen Abenteuer und Entspannung sein, mit Momenten des Segelns, der Entdeckung und des Eintauchens in die lokale Kultur.<\/span><\/p>\n<h3><b>Entdecken Sie die Rolle, die zu Ihnen passt<\/b><\/h3>\n<p><span style=\"font-weight: 400;\">An Bord haben Sie die M\u00f6glichkeit, sich abwechselnd am Betrieb des Schiffes zu beteiligen, aber immer in einem informellen und angenehmen Rahmen. Sie werden versuchen, das Ruder in die Hand zu nehmen, die Segel zu setzen und vielleicht herausfinden, wie man das Leben an Bord meistert. Nach jedem Seetag gibt es Raum f\u00fcr eine entspannte Nachbesprechung und, warum nicht, einen Spaziergang durch die nahe gelegenen D\u00f6rfer oder ein Abendessen in einem typischen Restaurant.<\/span><\/p>\n<h3><b>F\u00fcr alle, die das Meer lieben, ohne das Abenteuer zu vergessen!<\/b><\/h3>\n<p><span style=\"font-weight: 400;\">Lernen Sie die Grundlagen der Navigation auf nat\u00fcrliche Weise, ohne Stress, und finden Sie heraus, wie:<\/span><\/p>\n<ul>\n<li style=\"font-weight: 400;\" aria-level=\"1\"><span style=\"font-weight: 400;\">Die Segel einstellen und die Geheimnisse des Windes verstehen.<\/span><\/li>\n<li style=\"font-weight: 400;\" aria-level=\"1\"><span style=\"font-weight: 400;\">Legen Sie in atemberaubenden Buchten an und benutzen Sie das Beiboot, um ans Ufer zu gelangen.<\/span><\/li>\n<li style=\"font-weight: 400;\" aria-level=\"1\"><span style=\"font-weight: 400;\">Segeln Sie sicher und lernen Sie die Tricks des Lebens an Bord.<\/span><\/li>\n<\/ul>\n<p><span style=\"font-weight: 400;\">Und das alles mit Blick auf Sicherheit und Entdeckung: von der Bergung eines Mannes \u00fcber Bord (die Sie hoffentlich nie brauchen werden!) bis zur Bew\u00e4ltigung des Stresses einer Crew. Sie werden Teil einer umfassenden Erfahrung sein, die Ihnen das Gef\u00fchl geben wird, ein echter Seemann zu sein... oder einfach jemand, der beschlossen hat, das Meer in vollen Z\u00fcgen zu genie\u00dfen!<\/span><\/p>\n<h3><b>Mehr als ein Urlaub: ein Abenteuer mit SeaYou<\/b><\/h3>\n<p><span style=\"font-weight: 400;\">Ganz gleich, ob Sie sich f\u00fcr jedes technische Detail interessieren oder lieber die Sonnenunterg\u00e4nge genie\u00dfen m\u00f6chten: Dodecanese Explore wartet darauf, Ihnen einzigartige Momente zu bescheren, in denen das Meer nicht nur eine Kulisse, sondern der eigentliche Protagonist ist.<\/span><\/p>","protected":false},"excerpt":{"rendered":"<h2>Ausr\u00fcstung<\/h2>\n<ul>\n<li>Bettw\u00e4sche oder ein Schlafsack<\/li>\n<li>Voller Mackintosh<\/li>\n<li>Unentbehrliche Arzneimittel<\/li>\n<li>Handt\u00fccher<\/li>\n<li>Bootsschuhe<\/li>\n<li>Bootshandschuhe<\/li>\n<li>Frontleuchte<\/li>\n<\/ul>\n<p>Vor jeder Reise wird eine detaillierte Ausr\u00fcstungsliste per E-Mail und \u00fcber eine spezielle WhatsApp-Gruppe verschickt, um sicherzustellen, dass die Teilnehmer angemessen vorbereitet sind. Lesen Sie die\u00a0 <a href=\"https:\/\/seayougroup.com\/de\/faq\/\">FAQ<\/a> f\u00fcr die Abmessungen des Gep\u00e4cks.<\/p>\n<p>&nbsp;<\/p>\n<h2>Wetterlage<\/h2>\n<p>Das Programm kann je nach Wetterbedingungen ge\u00e4ndert werden.<\/p>\n<p>&nbsp;<\/p>\n<h2>Flug<\/h2>\n<p><span style=\"font-weight: 400;\">T<\/span><span style=\"font-weight: 400;\">Ich erinnere Sie daran, dass die SeaYou-Reisen keine Hin- und R\u00fcckfl\u00fcge ab Italien beinhalten, so dass die Teilnehmer ihre Fluggesellschaft, den Abflughafen und eventuelle Zwischenlandungen selbst w\u00e4hlen k\u00f6nnen. <\/span><a href=\"https:\/\/www.skyscanner.it\/\" target=\"_blank\" rel=\"noopener\"><span style=\"font-weight: 400;\">Suchen Sie Ihren Flug<\/span><\/a><\/p>","protected":false},"featured_media":11659,"comment_status":"open","ping_status":"closed","template":"","meta":{"_acf_changed":false,"_joinchat":[]},"product_brand":[],"product_cat":[28],"product_tag":[],"class_list":{"0":"post-10341","1":"product","2":"type-product","3":"status-publish","4":"has-post-thumbnail","6":"brw_brw_tour_difficulty-day-skipper","7":"product_cat-esperienze","9":"first","10":"outofstock","11":"sale","12":"taxable","13":"shipping-taxable","14":"purchasable","15":"product-type-ovabrw_car_rental"},"acf":[],"aioseo_notices":[],"_links":{"self":[{"href":"https:\/\/seayougroup.com\/de\/wp-json\/wp\/v2\/product\/10341","targetHints":{"allow":["GET"]}}],"collection":[{"href":"https:\/\/seayougroup.com\/de\/wp-json\/wp\/v2\/product"}],"about":[{"href":"https:\/\/seayougroup.com\/de\/wp-json\/wp\/v2\/types\/product"}],"replies":[{"embeddable":true,"href":"https:\/\/seayougroup.com\/de\/wp-json\/wp\/v2\/comments?post=10341"}],"wp:featuredmedia":[{"embeddable":true,"href":"https:\/\/seayougroup.com\/de\/wp-json\/wp\/v2\/media\/11659"}],"wp:attachment":[{"href":"https:\/\/seayougroup.com\/de\/wp-json\/wp\/v2\/media?parent=10341"}],"wp:term":[{"taxonomy":"product_brand","embeddable":true,"href":"https:\/\/seayougroup.com\/de\/wp-json\/wp\/v2\/product_brand?post=10341"},{"taxonomy":"product_cat","embeddable":true,"href":"https:\/\/seayougroup.com\/de\/wp-json\/wp\/v2\/product_cat?post=10341"},{"taxonomy":"product_tag","embeddable":true,"href":"https:\/\/seayougroup.com\/de\/wp-json\/wp\/v2\/product_tag?post=10341"}],"curies":[{"name":"wp","href":"https:\/\/api.w.org\/{rel}","templated":true}]}}