{"id":10741,"date":"2024-08-02T08:28:45","date_gmt":"2024-08-02T08:28:45","guid":{"rendered":"https:\/\/seayougroup.com\/?post_type=product&#038;p=10741"},"modified":"2025-09-11T14:59:26","modified_gmt":"2025-09-11T12:59:26","slug":"portogallo-training-lisbona-e-oceano-atlantico-a-360","status":"publish","type":"product","link":"https:\/\/seayougroup.com\/de\/esperienza\/portogallo-training-lisbona-e-oceano-atlantico-a-360\/","title":{"rendered":"Portugal Training: Lissabon und der Atlantische Ozean in 360\u00b0."},"content":{"rendered":"<h2>Was werden Sie tun?<\/h2>\n<p>Ein kompletter Kurs f\u00fcr Hochseenavigation, der in zwei Phasen unterteilt ist: Die erste Phase besteht aus theoretischem Unterricht und t\u00e4glichen Fahrten auf dem Meer. Ziel ist es, das Boot kennenzulernen und zu lernen, wie man in den wichtigsten Notf\u00e4llen vorbeugt und reagiert: Mann \u00fcber Bord, Kollision und Schlechtwetternavigation. Die zweite Phase ist eine lange Non-Stop-Navigationsphase auf dem Meer: Die Teilnehmer arbeiten 24 Stunden am Tag, aufgeteilt in zwei Zweier-\/Dreier-Teams, abwechselnd 3 Stunden Ruhe und 3 Stunden Arbeit. W\u00e4hrend des Kurses lernen Sie professionelle Methoden, um schnell und sicher zu segeln.<\/p>\n<p><b>Man\u00f6vrieren des Bootes:<\/b><\/p>\n<ul>\n<li>Kleine Besatzung und Soloman\u00f6ver<\/li>\n<li>Einstellung von Segel und Spinnaker<\/li>\n<li>Navigation bei Nacht und bei schlechtem Wetter<\/li>\n<\/ul>\n<p>&nbsp;<\/p>\n<p><b>Navigationskenntnisse:<\/b><\/p>\n<ul>\n<li>Routenmanagement je nach Wetterbedingungen<\/li>\n<li>Nutzung von IT-Systemen f\u00fcr Sicherheits- und Routingaktivit\u00e4ten<\/li>\n<li>Verwendung von MOB-, EPIRB-, PLB- und AIS-Systemen<\/li>\n<li>Schlaf- und Stressmanagement<\/li>\n<\/ul>\n<p>&nbsp;<\/p>\n<p><b>Sicherheit:<\/b><\/p>\n<ul>\n<li style=\"font-weight: 400;\" aria-level=\"1\"><span style=\"font-weight: 400;\">Notruf<\/span><\/li>\n<li style=\"font-weight: 400;\" aria-level=\"1\"><span style=\"font-weight: 400;\">Sicherheitsprozeduren<\/span><\/li>\n<li style=\"font-weight: 400;\" aria-level=\"1\"><span style=\"font-weight: 400;\">Verwaltung<\/span> <span style=\"font-weight: 400;\">von<\/span> <span style=\"font-weight: 400;\">Stress und Schlaf<\/span><\/li>\n<li style=\"font-weight: 400;\" aria-level=\"1\"><span style=\"font-weight: 400;\">Lebensmittel und Komb\u00fcse<\/span><\/li>\n<li style=\"font-weight: 400;\" aria-level=\"1\">Logbuch<\/li>\n<\/ul>","protected":false},"excerpt":{"rendered":"<h2>Ausr\u00fcstung<\/h2>\n<ul>\n<li>Bettw\u00e4sche oder ein Schlafsack<\/li>\n<li>Voller Mackintosh<\/li>\n<li>Unentbehrliche Arzneimittel<\/li>\n<li>Handt\u00fccher<\/li>\n<li>Bootsschuhe<\/li>\n<li>Bootshandschuhe<\/li>\n<li>Frontleuchte<\/li>\n<\/ul>\n<p>Vor jeder Reise wird eine detaillierte Ausr\u00fcstungsliste per E-Mail und \u00fcber eine spezielle WhatsApp-Gruppe verschickt, um sicherzustellen, dass die Teilnehmer angemessen vorbereitet sind. Lesen Sie die\u00a0 <a href=\"https:\/\/seayougroup.com\/de\/faq\/\">FAQ<\/a> f\u00fcr die Abmessungen des Gep\u00e4cks.<\/p>\n<h2>Erforderliche Voraussetzungen<\/h2>\n<p>Grundlagen des Bootfahrens und der Navigation, Nomenklatur, Wenden und Herunterschalten.<\/p>\n<p>&nbsp;<\/p>\n<h2>Wetterlage<\/h2>\n<p>Das Programm kann je nach Wetterbedingungen ge\u00e4ndert werden.<\/p>\n<p>&nbsp;<\/p>\n<h2>Flug<\/h2>\n<p><span style=\"font-weight: 400;\">T<\/span><span style=\"font-weight: 400;\">Ich erinnere Sie daran, dass die SeaYou-Reisen keine Hin- und R\u00fcckfl\u00fcge ab Italien beinhalten, so dass die Teilnehmer ihre Fluggesellschaft, den Abflughafen und eventuelle Zwischenlandungen selbst w\u00e4hlen k\u00f6nnen. <\/span><a href=\"https:\/\/www.skyscanner.it\/\" target=\"_blank\" rel=\"noopener\"><span style=\"font-weight: 400;\">Suchen Sie Ihren Flug<\/span><\/a><\/p>","protected":false},"featured_media":10744,"comment_status":"open","ping_status":"closed","template":"","meta":{"_acf_changed":false,"_joinchat":[]},"product_brand":[],"product_cat":[28,15],"product_tag":[],"class_list":{"0":"post-10741","1":"product","2":"type-product","3":"status-publish","4":"has-post-thumbnail","6":"brw_brw_tour_difficulty-ocean-experience","7":"product_cat-esperienze","8":"product_cat-uncategorized","10":"first","11":"instock","12":"sale","13":"taxable","14":"shipping-taxable","15":"purchasable","16":"product-type-ovabrw_car_rental"},"acf":[],"aioseo_notices":[],"_links":{"self":[{"href":"https:\/\/seayougroup.com\/de\/wp-json\/wp\/v2\/product\/10741","targetHints":{"allow":["GET"]}}],"collection":[{"href":"https:\/\/seayougroup.com\/de\/wp-json\/wp\/v2\/product"}],"about":[{"href":"https:\/\/seayougroup.com\/de\/wp-json\/wp\/v2\/types\/product"}],"replies":[{"embeddable":true,"href":"https:\/\/seayougroup.com\/de\/wp-json\/wp\/v2\/comments?post=10741"}],"wp:featuredmedia":[{"embeddable":true,"href":"https:\/\/seayougroup.com\/de\/wp-json\/wp\/v2\/media\/10744"}],"wp:attachment":[{"href":"https:\/\/seayougroup.com\/de\/wp-json\/wp\/v2\/media?parent=10741"}],"wp:term":[{"taxonomy":"product_brand","embeddable":true,"href":"https:\/\/seayougroup.com\/de\/wp-json\/wp\/v2\/product_brand?post=10741"},{"taxonomy":"product_cat","embeddable":true,"href":"https:\/\/seayougroup.com\/de\/wp-json\/wp\/v2\/product_cat?post=10741"},{"taxonomy":"product_tag","embeddable":true,"href":"https:\/\/seayougroup.com\/de\/wp-json\/wp\/v2\/product_tag?post=10741"}],"curies":[{"name":"wp","href":"https:\/\/api.w.org\/{rel}","templated":true}]}}