{"id":10746,"date":"2024-08-07T09:48:33","date_gmt":"2024-08-07T09:48:33","guid":{"rendered":"https:\/\/seayougroup.com\/?post_type=product&#038;p=10746"},"modified":"2025-09-26T15:52:26","modified_gmt":"2025-09-26T13:52:26","slug":"isole-eolie-trekking-vulcanico","status":"publish","type":"product","link":"https:\/\/seayougroup.com\/de\/esperienza\/isole-eolie-trekking-vulcanico\/","title":{"rendered":"\u00c4olische Inseln: Vulkantrekking"},"content":{"rendered":"<h1>Was werden Sie tun?<\/h1>\n<p>Entdecken Sie das Paradies der \u00c4olischen Inseln, das \"Hawaii Europas\", mit einem Abenteuer, das Meer, Gastronomie und die Freude an neuen Freundschaften verbindet. Stellen Sie sich vor, Sie segeln zwischen versteckten und bezaubernden Buchten, wo jedes Mittagessen ein Festmahl mit Blick auf kristallklares Wasser und jeder Aperitif ein unvergessliches Erlebnis ist, umgeben von traumhaften Panoramen. W\u00e4hrend unserer Tage erwarten Sie endlose B\u00e4der in t\u00fcrkisfarbenem Wasser und windige Brisen, w\u00e4hrend Sie zu einzigartigen Ecken segeln, die auf dem Landweg nicht erreichbar sind.<\/p>\n<p>Wenn die Sonne untergeht, gehen wir von Bord, um in die umh\u00fcllenden Aromen der \u00c4olischen Inseln einzutauchen und typische Gerichte zu genie\u00dfen, die von der lokalen Geschichte und Tradition erz\u00e4hlen. Die \u00e4olische K\u00fcche mit ihren authentischen und frischen Aromen wird jeden Abend bereichern, w\u00e4hrend wir mit Blick auf die spektakul\u00e4ren Klippen schlafen und uns von den atemberaubenden Sonnenunterg\u00e4ngen verzaubern lassen.<\/p>\n<p>Die \u00c4olischen Inseln mit Sea You zu erleben bedeutet, eine authentische Erfahrung zu machen: neue Freunde zu finden, die nat\u00fcrliche Sch\u00f6nheit dieser magischen Inseln zu erkunden und eine Welt voller Wunder zu entdecken. Erleben Sie mit uns unvergessliche Momente und lassen Sie sich vom Charme des Meeres und der \u00e4olischen Kultur verzaubern. Schlie\u00dfen Sie sich uns an und erleben Sie Ihr Traumabenteuer auf den \u00c4olischen Inseln, wo jeder Tag ein Fest des Lebens und der Freundschaft ist.<\/p>","protected":false},"excerpt":{"rendered":"<h2>Ausr\u00fcstung<\/h2>\n<ul>\n<li>Voller Mackintosh<\/li>\n<li>Unentbehrliche Arzneimittel<\/li>\n<li>Badetuch<\/li>\n<li>K\u00f6rperpflege: Seife, Zahnb\u00fcrste usw.<\/li>\n<li>Frontleuchte<\/li>\n<li>Strandhandtuch<\/li>\n<li>Sonnencreme, Hut<\/li>\n<li>Sommerkleidung, Badesachen und Wanderausr\u00fcstung<\/li>\n<\/ul>\n<p>Vor jeder Reise wird eine detaillierte Ausr\u00fcstungsliste per E-Mail und \u00fcber eine spezielle WhatsApp-Gruppe verschickt, um sicherzustellen, dass die Teilnehmer angemessen vorbereitet sind. Lesen Sie die\u00a0 <a href=\"https:\/\/seayougroup.com\/de\/faq\/\">FAQ<\/a> f\u00fcr die Abmessungen des Gep\u00e4cks.<\/p>\n<p>&nbsp;<\/p>\n<h2>Wetterlage<\/h2>\n<p>Das Programm kann je nach Wetterbedingungen ge\u00e4ndert werden.<\/p>\n<p>&nbsp;<\/p>\n<h2>Flug<\/h2>\n<p><span style=\"font-weight: 400;\">T<\/span><span style=\"font-weight: 400;\">Ich erinnere Sie daran, dass die SeaYou-Reisen keine Hin- und R\u00fcckfl\u00fcge beinhalten, so dass die Teilnehmer ihre Fluggesellschaft, den Abflughafen und eventuelle Zwischenlandungen selbst w\u00e4hlen k\u00f6nnen. <\/span><a href=\"https:\/\/www.skyscanner.it\/\" target=\"_blank\" rel=\"noopener\"><span style=\"font-weight: 400;\">Suchen Sie Ihren Flug<\/span><\/a><\/p>","protected":false},"featured_media":12164,"comment_status":"open","ping_status":"closed","template":"","meta":{"_acf_changed":false,"_joinchat":[]},"product_brand":[],"product_cat":[121],"product_tag":[],"class_list":{"0":"post-10746","1":"product","2":"type-product","3":"status-publish","4":"has-post-thumbnail","6":"brw_brw_brw_brw_type_adventure-hike-and-sail","7":"product_cat-adventure","9":"first","10":"instock","11":"sale","12":"taxable","13":"shipping-taxable","14":"purchasable","15":"product-type-ovabrw_car_rental"},"acf":[],"aioseo_notices":[],"_links":{"self":[{"href":"https:\/\/seayougroup.com\/de\/wp-json\/wp\/v2\/product\/10746","targetHints":{"allow":["GET"]}}],"collection":[{"href":"https:\/\/seayougroup.com\/de\/wp-json\/wp\/v2\/product"}],"about":[{"href":"https:\/\/seayougroup.com\/de\/wp-json\/wp\/v2\/types\/product"}],"replies":[{"embeddable":true,"href":"https:\/\/seayougroup.com\/de\/wp-json\/wp\/v2\/comments?post=10746"}],"wp:featuredmedia":[{"embeddable":true,"href":"https:\/\/seayougroup.com\/de\/wp-json\/wp\/v2\/media\/12164"}],"wp:attachment":[{"href":"https:\/\/seayougroup.com\/de\/wp-json\/wp\/v2\/media?parent=10746"}],"wp:term":[{"taxonomy":"product_brand","embeddable":true,"href":"https:\/\/seayougroup.com\/de\/wp-json\/wp\/v2\/product_brand?post=10746"},{"taxonomy":"product_cat","embeddable":true,"href":"https:\/\/seayougroup.com\/de\/wp-json\/wp\/v2\/product_cat?post=10746"},{"taxonomy":"product_tag","embeddable":true,"href":"https:\/\/seayougroup.com\/de\/wp-json\/wp\/v2\/product_tag?post=10746"}],"curies":[{"name":"wp","href":"https:\/\/api.w.org\/{rel}","templated":true}]}}