{"id":11437,"date":"2024-09-19T15:34:34","date_gmt":"2024-09-19T15:34:34","guid":{"rendered":"https:\/\/seayougroup.com\/?post_type=product&#038;p=11437"},"modified":"2025-09-26T15:51:42","modified_gmt":"2025-09-26T13:51:42","slug":"grecia-ionica-veleggia-tra-miti-e-bellezze","status":"publish","type":"product","link":"https:\/\/seayougroup.com\/de\/esperienza\/grecia-ionica-veleggia-tra-miti-e-bellezze\/","title":{"rendered":"Ionisches Griechenland: Segeln zwischen Mythen und Sch\u00f6nheit"},"content":{"rendered":"<p><b>Ein Traumerlebnis mit einem Hauch von Abenteuer!<\/b><\/p>\n<p>Machen Sie sich bereit, die Essenz des ionischen Griechenlands mit der \"Ionian Explore\"-Tour zu erleben: eine perfekte Mischung aus Entspannung, Entdeckung und einer Prise Abenteuer! Sie werden an wundersch\u00f6nen Str\u00e4nden und t\u00fcrkisfarbenem Wasser vorbeisegeln, w\u00e4hrend der warme Wind Ihre Segel streichelt und der Duft des Meeres in der Luft liegt. Stellen Sie sich spektakul\u00e4re Sonnenunterg\u00e4nge vor, die sich auf dem blauen Wasser spiegeln, gemeinsames Lachen mit neuen Freunden und die Freiheit, sich von den Wellen schaukeln zu lassen.<\/p>\n<p>W\u00e4hrend der Reise werden Sie auch malerische H\u00e4fen und charakteristische Restaurants am Meer entdecken, in denen Sie die K\u00f6stlichkeiten der griechischen K\u00fcche wie Moussaka, frische Salate mit Feta und Oliven sowie fangfrischen, mit Kr\u00e4utern zubereiteten Fisch genie\u00dfen k\u00f6nnen.<\/p>\n<p>Zu unseren Stationen geh\u00f6ren die wundersch\u00f6nen Inseln Korfu, Paxos und Lefkada, die alle ihren eigenen Charme haben. Auf Korfu k\u00f6nnen Sie die UNESCO-gesch\u00fctzte Altstadt erkunden und einen Kaffee auf einem der lebhaften Pl\u00e4tze genie\u00dfen. Auf Paxos k\u00f6nnen Sie sich vom kristallklaren Wasser und den Meeresh\u00f6hlen verzaubern lassen, w\u00e4hrend Sie auf Lefkada traumhafte Str\u00e4nde wie Porto Katsiki entdecken.<\/p>\n<p><strong>Aber das ist noch nicht alles!<\/strong><\/p>\n<p>W\u00e4hrend des T\u00f6rns haben Sie auch die M\u00f6glichkeit, die Kunst des Segelns auf leichte und unterhaltsame Weise zu erlernen. Es sind keine Vorkenntnisse erforderlich: Dies ist nicht nur ein Urlaub, sondern eine Reise, auf der Sie etwas Neues lernen k\u00f6nnen, ohne auf das Vergn\u00fcgen zu verzichten. Jeder Tag wird ein Gleichgewicht zwischen Abenteuer und Entspannung sein, mit Momenten des Segelns, der Entdeckung und des Eintauchens in die lokale Kultur.<\/p>\n<p>Lassen Sie sich von der nat\u00fcrlichen Sch\u00f6nheit des ionischen Griechenlands und seinen gastfreundlichen Traditionen verzaubern!<\/p>\n<h3><b>Entdecken Sie die Rolle, die zu Ihnen passt<\/b><\/h3>\n<p>An Bord haben Sie die M\u00f6glichkeit, sich am Betrieb des Schiffes zu beteiligen, aber immer in einem informellen und angenehmen Rahmen. Sie werden versuchen, das Ruder in die Hand zu nehmen, die Segel zu setzen und vielleicht herausfinden, wie man das Leben an Bord bew\u00e4ltigt. Nach jedem Seetag gibt es Raum f\u00fcr eine entspannte Nachbesprechung, einen Spaziergang durch die nahe gelegenen D\u00f6rfer oder ein Abendessen in einem typischen Restaurant.<\/p>\n<h3><b>F\u00fcr alle, die das Meer lieben, ohne das Abenteuer zu vergessen!<\/b><\/h3>\n<p>Lernen Sie die Grundlagen der Navigation auf nat\u00fcrliche Weise, ohne Stress, und finden Sie heraus, wie:<\/p>\n<ul>\n<li aria-level=\"1\">Die Segel einstellen und die Geheimnisse des Windes verstehen.<\/li>\n<li aria-level=\"1\">Legen Sie in atemberaubenden Buchten an und benutzen Sie das Beiboot, um ans Ufer zu gelangen.<\/li>\n<li aria-level=\"1\">Segeln Sie sicher und lernen Sie die Tricks des Lebens an Bord.<\/li>\n<\/ul>\n<p>Und das alles unter dem Aspekt der Sicherheit und der Entdeckung: von der Bergung eines \u00fcber Bord gegangenen Mannes bis zum Management der Mannschaft. Sie werden Teil einer umfassenden Erfahrung sein, die Ihnen das Gef\u00fchl geben wird, ein echter Seemann zu sein... oder einfach jemand, der beschlossen hat, das Meer in vollen Z\u00fcgen zu genie\u00dfen!<\/p>\n<h3><b>Mehr als ein Urlaub: ein Abenteuer mit SeaYou<\/b><\/h3>\n<p>Egal, ob Sie sich f\u00fcr jedes technische Detail interessieren oder lieber die Sonnenunterg\u00e4nge genie\u00dfen m\u00f6chten: Ionica Explore wartet darauf, Ihnen einzigartige Momente zu bescheren, in denen das Meer nicht nur eine Kulisse, sondern der eigentliche Protagonist ist.<\/p>","protected":false},"excerpt":{"rendered":"<h2>Ausr\u00fcstung<\/h2>\n<ul>\n<li>Bettw\u00e4sche oder ein Schlafsack<\/li>\n<li>Voller Mackintosh<\/li>\n<li>Unentbehrliche Arzneimittel<\/li>\n<li>Handt\u00fccher<\/li>\n<li>Bootsschuhe<\/li>\n<li>Bootshandschuhe<\/li>\n<li>Frontleuchte<\/li>\n<\/ul>\n<p>Vor jeder Reise wird eine detaillierte Ausr\u00fcstungsliste per E-Mail und \u00fcber eine spezielle WhatsApp-Gruppe verschickt, um sicherzustellen, dass die Teilnehmer angemessen vorbereitet sind. Lesen Sie die\u00a0 <a href=\"https:\/\/seayougroup.com\/de\/faq\/\">FAQ<\/a> f\u00fcr die Abmessungen des Gep\u00e4cks.<\/p>\n<p>&nbsp;<\/p>\n<h2>Erforderliche Voraussetzungen<\/h2>\n<p><span style=\"font-weight: 400;\">Kenntnisse von Knoten, grundlegende Sicherheit an Bord, Bootsnomenklatur, eventuell Kenntnisse der wichtigsten Man\u00f6ver und <\/span>der verschiedenen Verankerungstechniken.<\/p>\n<p>&nbsp;<\/p>\n<h2>Wetterlage<\/h2>\n<p>Das Programm kann je nach Wetterbedingungen ge\u00e4ndert werden.<\/p>\n<p>&nbsp;<\/p>\n<h2><span style=\"vertical-align: inherit;\"><span style=\"vertical-align: inherit;\">Flug<\/span><\/span><\/h2>\n<p><span style=\"font-weight: 400;\">T<\/span><span style=\"font-weight: 400;\">Ich erinnere Sie daran, dass die SeaYou-Reisen keine Hin- und R\u00fcckfl\u00fcge ab Italien beinhalten, so dass die Teilnehmer ihre Fluggesellschaft, den Abflughafen und eventuelle Zwischenlandungen selbst w\u00e4hlen k\u00f6nnen. <\/span><a href=\"https:\/\/www.skyscanner.it\/\" target=\"_blank\" rel=\"noopener\"><span style=\"font-weight: 400;\">Suchen Sie Ihren Flug<\/span><\/a><\/p>","protected":false},"featured_media":11656,"comment_status":"open","ping_status":"closed","template":"","meta":{"_acf_changed":false,"_joinchat":[]},"product_brand":[],"product_cat":[28],"product_tag":[],"class_list":{"0":"post-11437","1":"product","2":"type-product","3":"status-publish","4":"has-post-thumbnail","6":"brw_brw_tour_difficulty-day-skipper","7":"product_cat-esperienze","9":"first","10":"outofstock","11":"sale","12":"taxable","13":"shipping-taxable","14":"purchasable","15":"product-type-ovabrw_car_rental"},"acf":[],"aioseo_notices":[],"_links":{"self":[{"href":"https:\/\/seayougroup.com\/de\/wp-json\/wp\/v2\/product\/11437","targetHints":{"allow":["GET"]}}],"collection":[{"href":"https:\/\/seayougroup.com\/de\/wp-json\/wp\/v2\/product"}],"about":[{"href":"https:\/\/seayougroup.com\/de\/wp-json\/wp\/v2\/types\/product"}],"replies":[{"embeddable":true,"href":"https:\/\/seayougroup.com\/de\/wp-json\/wp\/v2\/comments?post=11437"}],"wp:featuredmedia":[{"embeddable":true,"href":"https:\/\/seayougroup.com\/de\/wp-json\/wp\/v2\/media\/11656"}],"wp:attachment":[{"href":"https:\/\/seayougroup.com\/de\/wp-json\/wp\/v2\/media?parent=11437"}],"wp:term":[{"taxonomy":"product_brand","embeddable":true,"href":"https:\/\/seayougroup.com\/de\/wp-json\/wp\/v2\/product_brand?post=11437"},{"taxonomy":"product_cat","embeddable":true,"href":"https:\/\/seayougroup.com\/de\/wp-json\/wp\/v2\/product_cat?post=11437"},{"taxonomy":"product_tag","embeddable":true,"href":"https:\/\/seayougroup.com\/de\/wp-json\/wp\/v2\/product_tag?post=11437"}],"curies":[{"name":"wp","href":"https:\/\/api.w.org\/{rel}","templated":true}]}}