{"id":12282,"date":"2025-04-07T12:14:38","date_gmt":"2025-04-07T10:14:38","guid":{"rendered":"https:\/\/seayougroup.com\/?post_type=product&#038;p=12282"},"modified":"2026-03-30T10:53:48","modified_gmt":"2026-03-30T08:53:48","slug":"sail-hiking-alle-lofoten-dove-le-montagne-uniscono-il-mare-e-il-cielo","status":"publish","type":"product","link":"https:\/\/seayougroup.com\/de\/esperienza\/sail-hiking-alle-lofoten-dove-le-montagne-uniscono-il-mare-e-il-cielo\/","title":{"rendered":"Segelwandern auf den Lofoten: wo Berge Meer und Himmel vereinen"},"content":{"rendered":"<h3><strong>Norwegen: Fjorde und Lofoten - Segeln, Wandern und Nordlicht<\/strong><\/h3>\n<p class=\"cvGsUA direction-ltr align-justify para-style-body\"><span class=\"OYPEnA font-feature-liga-off font-feature-clig-off font-feature-calt-off text-decoration-none text-strikethrough-none\">Ein Traumerlebnis mit einem Hauch von Abenteuer!<\/span><\/p>\n<p class=\"cvGsUA direction-ltr align-justify para-style-body\"><span class=\"OYPEnA font-feature-liga-off font-feature-clig-off font-feature-calt-off text-decoration-none text-strikethrough-none\">Entdecken Sie den Zauber Norwegens auf einer einzigartigen Tour, die Sie durch die majest\u00e4tischen Fjorde und die bezaubernden Lofoten f\u00fchrt. Sie werden nicht nur atemberaubende Landschaften erkunden, sondern auch die M\u00f6glichkeit haben, unter dem Polarlicht zu segeln <\/span><span class=\"OYPEnA font-feature-liga-off font-feature-clig-off font-feature-calt-off text-decoration-none text-strikethrough-none\">boreal, ein Erlebnis, das Ihnen den Atem rauben wird.<\/span><\/p>\n<p class=\"cvGsUA direction-ltr align-justify para-style-body\"><span class=\"OYPEnA font-feature-liga-off font-feature-clig-off font-feature-calt-off text-decoration-none text-strikethrough-none\">Segeln Sie vorbei an hoch aufragenden Klippen und kristallklarem Wasser, w\u00e4hrend der Tanz der Nordlichter den Himmel erhellt. Jeder Tag ist ein Abenteuer in der Wildnis und in den malerischen norwegischen D\u00f6rfern und macht diese Reise zu einem unvergesslichen Erlebnis.<\/span><\/p>\n<p class=\"cvGsUA direction-ltr align-justify para-style-body\"><span class=\"OYPEnA font-feature-liga-off font-feature-clig-off font-feature-calt-off text-decoration-none text-strikethrough-none\">Aber das ist noch nicht alles!<\/span><\/p>\n<p class=\"cvGsUA direction-ltr align-justify para-style-body\"><span class=\"OYPEnA font-feature-liga-off font-feature-clig-off font-feature-calt-off text-decoration-none text-strikethrough-none\">Auf jeder Etappe unserer Reise werden wir mit atemberaubenden Aussichten wandern!<\/span><\/p>\n<p class=\"cvGsUA direction-ltr align-justify para-style-body\"><span class=\"OYPEnA font-feature-liga-off font-feature-clig-off font-feature-calt-off text-decoration-none text-strikethrough-none\">Schritt f\u00fcr Schritt lernen Sie mit einem ortskundigen F\u00fchrer die nat\u00fcrliche Sch\u00f6nheit der Lofoten kennen und tauchen in die lokale Kultur ein.<\/span><\/p>\n<p class=\"cvGsUA direction-ltr align-justify para-style-body\"><span class=\"OYPEnA font-feature-liga-off font-feature-clig-off font-feature-calt-off text-decoration-none text-strikethrough-none\">Jeder Tag wird ein Gleichgewicht zwischen Abenteuer und Entspannung sein, mit Momenten des Segelns, der Erkundung und der Geselligkeit.<\/span><\/p>\n<p>*Nachmittag im SPA <em>einschlie\u00dflich<\/em><\/p>\n<h3><\/h3>","protected":false},"excerpt":{"rendered":"<h2>Ausr\u00fcstung<\/h2>\n<ul>\n<li>Wasserdicht<\/li>\n<li>Unentbehrliche Arzneimittel<\/li>\n<li>Handtuch f\u00fcr die K\u00f6rperpflege<\/li>\n<li>Kleidung (bis zur Einweisung vor der Abreise)<\/li>\n<li>Frontleuchte<\/li>\n<\/ul>\n<p>Vor jeder Reise wird eine detaillierte Ausr\u00fcstungsliste per E-Mail und \u00fcber eine spezielle WhatsApp-Gruppe verschickt, um sicherzustellen, dass die Teilnehmer angemessen vorbereitet sind. Lesen Sie die\u00a0 <a href=\"https:\/\/seayougroup.com\/de\/faq\/\">FAQ<\/a> f\u00fcr die Abmessungen des Gep\u00e4cks.<\/p>\n<p>&nbsp;<\/p>\n<h2>Erforderliche Voraussetzungen<\/h2>\n<p>Keine Voraussetzungen erforderlich<\/p>\n<p>&nbsp;<\/p>\n<h2>Wetterlage<\/h2>\n<p>Das Programm kann je nach Wetterbedingungen ge\u00e4ndert werden.<\/p>","protected":false},"featured_media":12287,"comment_status":"open","ping_status":"closed","template":"","meta":{"_acf_changed":false,"_joinchat":[]},"product_brand":[],"product_cat":[121,48],"product_tag":[],"class_list":{"0":"post-12282","1":"product","2":"type-product","3":"status-publish","4":"has-post-thumbnail","6":"brw_brw_brw_brw_type_adventure-hike-and-sail","7":"brw_brw_brw_tour_status-confermato","8":"product_cat-adventure","9":"product_cat-vacanze","11":"first","12":"instock","13":"sale","14":"taxable","15":"shipping-taxable","16":"purchasable","17":"product-type-ovabrw_car_rental"},"acf":[],"aioseo_notices":[],"_links":{"self":[{"href":"https:\/\/seayougroup.com\/de\/wp-json\/wp\/v2\/product\/12282","targetHints":{"allow":["GET"]}}],"collection":[{"href":"https:\/\/seayougroup.com\/de\/wp-json\/wp\/v2\/product"}],"about":[{"href":"https:\/\/seayougroup.com\/de\/wp-json\/wp\/v2\/types\/product"}],"replies":[{"embeddable":true,"href":"https:\/\/seayougroup.com\/de\/wp-json\/wp\/v2\/comments?post=12282"}],"wp:featuredmedia":[{"embeddable":true,"href":"https:\/\/seayougroup.com\/de\/wp-json\/wp\/v2\/media\/12287"}],"wp:attachment":[{"href":"https:\/\/seayougroup.com\/de\/wp-json\/wp\/v2\/media?parent=12282"}],"wp:term":[{"taxonomy":"product_brand","embeddable":true,"href":"https:\/\/seayougroup.com\/de\/wp-json\/wp\/v2\/product_brand?post=12282"},{"taxonomy":"product_cat","embeddable":true,"href":"https:\/\/seayougroup.com\/de\/wp-json\/wp\/v2\/product_cat?post=12282"},{"taxonomy":"product_tag","embeddable":true,"href":"https:\/\/seayougroup.com\/de\/wp-json\/wp\/v2\/product_tag?post=12282"}],"curies":[{"name":"wp","href":"https:\/\/api.w.org\/{rel}","templated":true}]}}