{"id":12337,"date":"2025-04-07T18:25:03","date_gmt":"2025-04-07T16:25:03","guid":{"rendered":"https:\/\/seayougroup.com\/?post_type=product&#038;p=12337"},"modified":"2026-04-20T15:37:58","modified_gmt":"2026-04-20T13:37:58","slug":"thailandia-climbing-nella-baia-di-phang-nga","status":"publish","type":"product","link":"https:\/\/seayougroup.com\/de\/esperienza\/thailandia-climbing-nella-baia-di-phang-nga\/","title":{"rendered":"Thailand: Klettern in der Bucht von Phang Nga"},"content":{"rendered":"<h4>Auf den Gipfeln von Phang Nga: Eine Reise durch Fels, Meer und Kultur<\/h4>\n<p>Erleben Sie mit uns ein unvergessliches Abenteuer in der Phang Nga Bay! Mit unseren erfahrenen Guides werden Sie einige der besten Kletterw\u00e4nde Asiens erklimmen, mit Routen von Level 5 bis 7b, die f\u00fcr alle Schwierigkeitsgrade geeignet sind. Genie\u00dfen Sie kristallklares, ruhiges Wasser, baden Sie an unglaublichen Orten und lassen Sie sich von der lokalen Kultur \u00fcberw\u00e4ltigen. Sie werden auch die Gelegenheit haben, neue Freunde zu finden, sich auf dem Boot zu entspannen und atemberaubende Sonnenunterg\u00e4nge zu erleben. W\u00e4hrend der Reise probieren Sie k\u00f6stliche einheimische Gerichte, erkunden lebhafte Strandorte, in denen die Nacht mit einer grenz\u00fcberschreitenden Atmosph\u00e4re zum Leben erweckt wird, und haben die M\u00f6glichkeit zu schnorcheln, Stand-up-Paddeln und Kajakfahren. Eine perfekte Mischung aus Abenteuer, Entspannung und unvergesslichen Momenten an einem der sch\u00f6nsten Orte Thailands!\"<\/p>","protected":false},"excerpt":{"rendered":"<h2>Ausr\u00fcstung<\/h2>\n<ul>\n<li>Sommerkleidung<\/li>\n<li>Hut und Sonnenschutzmittel<\/li>\n<li>Maske + Schnorchel<\/li>\n<li>Badeset (Seife + Handtuch + Hygieneset)<\/li>\n<li>Wasserdicht<\/li>\n<li>Unentbehrliche Arzneimittel<\/li>\n<li>Strandhandtuch<\/li>\n<li>Sonnenbrille<\/li>\n<li>Hausschuhe<\/li>\n<li>Kletterausr\u00fcstung, falls vorhanden<\/li>\n<\/ul>\n<p>Vor jeder Reise wird eine detaillierte Ausr\u00fcstungsliste per E-Mail und \u00fcber eine spezielle WhatsApp-Gruppe verschickt, um sicherzustellen, dass die Teilnehmer angemessen vorbereitet sind. Lesen Sie die\u00a0 <a href=\"https:\/\/seayougroup.com\/de\/faq\/\">FAQ<\/a> f\u00fcr die Abmessungen des Gep\u00e4cks.<\/p>\n<p>&nbsp;<\/p>\n<h2>Wetterlage<\/h2>\n<p>Das Programm kann je nach Wetterbedingungen ge\u00e4ndert werden.<\/p>","protected":false},"featured_media":12344,"comment_status":"open","ping_status":"closed","template":"","meta":{"_acf_changed":false,"_joinchat":[]},"product_brand":[],"product_cat":[121],"product_tag":[],"class_list":{"0":"post-12337","1":"product","2":"type-product","3":"status-publish","4":"has-post-thumbnail","6":"brw_brw_brw_brw_type_adventure-sail-and-climb","7":"brw_brw_brw_tour_status-confermato","8":"product_cat-adventure","10":"first","11":"instock","12":"sale","13":"taxable","14":"shipping-taxable","15":"purchasable","16":"product-type-ovabrw_car_rental"},"acf":[],"aioseo_notices":[],"_links":{"self":[{"href":"https:\/\/seayougroup.com\/de\/wp-json\/wp\/v2\/product\/12337","targetHints":{"allow":["GET"]}}],"collection":[{"href":"https:\/\/seayougroup.com\/de\/wp-json\/wp\/v2\/product"}],"about":[{"href":"https:\/\/seayougroup.com\/de\/wp-json\/wp\/v2\/types\/product"}],"replies":[{"embeddable":true,"href":"https:\/\/seayougroup.com\/de\/wp-json\/wp\/v2\/comments?post=12337"}],"wp:featuredmedia":[{"embeddable":true,"href":"https:\/\/seayougroup.com\/de\/wp-json\/wp\/v2\/media\/12344"}],"wp:attachment":[{"href":"https:\/\/seayougroup.com\/de\/wp-json\/wp\/v2\/media?parent=12337"}],"wp:term":[{"taxonomy":"product_brand","embeddable":true,"href":"https:\/\/seayougroup.com\/de\/wp-json\/wp\/v2\/product_brand?post=12337"},{"taxonomy":"product_cat","embeddable":true,"href":"https:\/\/seayougroup.com\/de\/wp-json\/wp\/v2\/product_cat?post=12337"},{"taxonomy":"product_tag","embeddable":true,"href":"https:\/\/seayougroup.com\/de\/wp-json\/wp\/v2\/product_tag?post=12337"}],"curies":[{"name":"wp","href":"https:\/\/api.w.org\/{rel}","templated":true}]}}