{"id":13362,"date":"2025-09-11T15:00:19","date_gmt":"2025-09-11T13:00:19","guid":{"rendered":"https:\/\/seayougroup.com\/?post_type=product&#038;p=13362"},"modified":"2025-09-11T17:27:09","modified_gmt":"2025-09-11T15:27:09","slug":"solo-sailor-regatta-mode-on-ottobre","status":"publish","type":"product","link":"https:\/\/seayougroup.com\/de\/esperienza\/solo-sailor-regatta-mode-on-ottobre\/","title":{"rendered":"Nur f\u00fcr Segler: Regatta-Modus ON - OCTOBER"},"content":{"rendered":"<h2>Was werden Sie tun?<\/h2>\n<p>Sind Sie bereit, den Sprung zu wagen und Ihre Leidenschaft in eine echte Herausforderung zu verwandeln? Wenn Sie davon tr\u00e4umen, allein zu segeln, nicht nur als einfacher Segler, sondern als echter <b>Solorennfahrer<\/b>unser <b>erleben<\/b> das Richtige f\u00fcr Sie ist.<\/p>\n<p>L'<b>Erleben Sie nur Segler Regatta-Modus ein<\/b> ist f\u00fcr Segler gedacht, die ihre F\u00e4higkeiten testen und lernen wollen, wie man ein Boot in v\u00f6lliger Autonomie steuert, genau wie bei einer Solo-Offshore-Regatta. All dies an Bord eines fantastischen <b>Mini 6.50 von der Werft Cima Boats<\/b>Modell Wevo, ein Boot, das sich perfekt f\u00fcr das offene Meer und die Herausforderungen einer Ozeanregatta eignet.<\/p>\n<h3>Was Sie lernen werden<\/h3>\n<p>Dies ist nicht nur eine Bootsfahrt: Es ist ein eindringliches Erlebnis von <b>drei Tage<\/b> die Sie auf die n\u00e4chste Stufe bringen werden. Wir beginnen am Freitagnachmittag auf der Lega Navale in La Spezia mit einer gr\u00fcndlichen Besprechung von Man\u00f6vern, Gangarten und dem richtigen Umgang mit dem Ruder. Bevor wir in See stechen, analysieren wir die Wetterbedingungen mit dem <b>Wetterrouting<\/b> Das ist die modernste Art, unsere Segelstrategie zu planen, genau wie bei einer Regatta.<\/p>\n<p>Wir setzen die Segel in Richtung der Insel Elba oder Korsika und kehren am Sonntagnachmittag zur\u00fcck. W\u00e4hrend der Navigation werden wir Ihnen beibringen, wie man:<\/p>\n<ul>\n<li><b>Analyse des Wetters<\/b> selbst\u00e4ndig.<\/li>\n<li><b>Verwaltung einer Renntaktik<\/b> und wichtige Entscheidungen zu treffen.<\/li>\n<li><b>Hissen und Einholen des Spinnakers<\/b>ein grundlegendes Man\u00f6ver bei Regatten.<\/li>\n<li><b>Crashs und Drehungen durchf\u00fchren<\/b> schnell und effizient.<\/li>\n<\/ul>\n<hr \/>\n<p>Unser Ziel ist es, Sie zu einem <b>ausgezeichneter Solo-Offshore-Rennfahrer<\/b>So k\u00f6nnen Sie alle Aspekte des Bootes und des Rennens steuern.<\/p>\n<p>Wenn Sie bereit sind, sich selbst auf die Probe zu stellen und den Nervenkitzel einer Soloregatta zu erleben, ist dies die richtige Erfahrung f\u00fcr Sie.<\/p>","protected":false},"excerpt":{"rendered":"<h2>Ausr\u00fcstung<\/h2>\n<ul>\n<li>Schlafsack<\/li>\n<li>Off-Shore-Anzug<\/li>\n<li>Unentbehrliche Arzneimittel<\/li>\n<li>Handtuch<\/li>\n<li>Bootsschuhe<\/li>\n<li>Bootshandschuhe<\/li>\n<li>Frontleuchte<\/li>\n<\/ul>\n<p>Vor jeder Reise wird eine detaillierte Ausr\u00fcstungsliste per E-Mail und \u00fcber eine spezielle WhatsApp-Gruppe verschickt, um sicherzustellen, dass die Teilnehmer angemessen vorbereitet sind. Lesen Sie die\u00a0 <a href=\"https:\/\/seayougroup.com\/de\/faq\/\">FAQ<\/a> f\u00fcr die Abmessungen des Gep\u00e4cks.<\/p>\n<h2>Erforderliche Voraussetzungen<\/h2>\n<p>Grundlagen des Bootfahrens und der Navigation, Nomenklatur, Wenden und Herunterschalten.<\/p>\n<p>&nbsp;<\/p>\n<h2>Wetterlage<\/h2>\n<p>Das Programm kann je nach Wetterbedingungen ge\u00e4ndert werden.<\/p>\n<p>&nbsp;<\/p>\n<h2>Flug<\/h2>\n<p><span style=\"font-weight: 400;\">T<\/span><span style=\"font-weight: 400;\">Ich erinnere Sie daran, dass die SeaYou-Reisen keine Hin- und R\u00fcckfl\u00fcge ab Italien beinhalten, so dass die Teilnehmer ihre Fluggesellschaft, den Abflughafen und eventuelle Zwischenlandungen selbst w\u00e4hlen k\u00f6nnen. <\/span><a href=\"https:\/\/www.skyscanner.it\/\" target=\"_blank\" rel=\"noopener\"><span style=\"font-weight: 400;\">Suchen Sie Ihren Flug<\/span><\/a><\/p>","protected":false},"featured_media":13365,"comment_status":"open","ping_status":"closed","template":"","meta":{"_acf_changed":false,"_joinchat":[]},"product_brand":[],"product_cat":[28,126,15],"product_tag":[],"class_list":{"0":"post-13362","1":"product","2":"type-product","3":"status-publish","4":"has-post-thumbnail","6":"brw_brw_tour_difficulty-solo-sailor","7":"product_cat-esperienze","8":"product_cat-sail-academy","9":"product_cat-uncategorized","11":"first","12":"instock","13":"sale","14":"taxable","15":"shipping-taxable","16":"purchasable","17":"product-type-ovabrw_car_rental"},"acf":[],"aioseo_notices":[],"_links":{"self":[{"href":"https:\/\/seayougroup.com\/de\/wp-json\/wp\/v2\/product\/13362","targetHints":{"allow":["GET"]}}],"collection":[{"href":"https:\/\/seayougroup.com\/de\/wp-json\/wp\/v2\/product"}],"about":[{"href":"https:\/\/seayougroup.com\/de\/wp-json\/wp\/v2\/types\/product"}],"replies":[{"embeddable":true,"href":"https:\/\/seayougroup.com\/de\/wp-json\/wp\/v2\/comments?post=13362"}],"wp:featuredmedia":[{"embeddable":true,"href":"https:\/\/seayougroup.com\/de\/wp-json\/wp\/v2\/media\/13365"}],"wp:attachment":[{"href":"https:\/\/seayougroup.com\/de\/wp-json\/wp\/v2\/media?parent=13362"}],"wp:term":[{"taxonomy":"product_brand","embeddable":true,"href":"https:\/\/seayougroup.com\/de\/wp-json\/wp\/v2\/product_brand?post=13362"},{"taxonomy":"product_cat","embeddable":true,"href":"https:\/\/seayougroup.com\/de\/wp-json\/wp\/v2\/product_cat?post=13362"},{"taxonomy":"product_tag","embeddable":true,"href":"https:\/\/seayougroup.com\/de\/wp-json\/wp\/v2\/product_tag?post=13362"}],"curies":[{"name":"wp","href":"https:\/\/api.w.org\/{rel}","templated":true}]}}