{"id":13377,"date":"2025-09-11T16:40:57","date_gmt":"2025-09-11T14:40:57","guid":{"rendered":"https:\/\/seayougroup.com\/?post_type=product&#038;p=13377"},"modified":"2026-04-20T15:35:14","modified_gmt":"2026-04-20T13:35:14","slug":"corso-yachtmaster-offshore-rya","status":"publish","type":"product","link":"https:\/\/seayougroup.com\/de\/esperienza\/corso-yachtmaster-offshore-rya\/","title":{"rendered":"Yachtmaster Offshore RYA Vorbereitungskurs"},"content":{"rendered":"<p data-path-to-node=\"5\">Wenn Sie ernsthaft im Bereich der Nautik arbeiten wollen <b>Yachtmaster Offshore<\/b> ist der begehrteste Titel der Welt. In unserem Zentrum, dem ersten in S\u00fcdeuropa in Bezug auf die Anzahl der abgelegten Pr\u00fcfungen, bieten wir Ihnen die notwendige Vorbereitung, um die Pr\u00fcfung zu bestehen und Ihre Karriere sofort zu starten.<\/p>\n<h3 data-path-to-node=\"6\">1. Was bietet Ihnen die Yachtmaster-Lizenz?<\/h3>\n<ul data-path-to-node=\"7\">\n<li>\n<p data-path-to-node=\"7,0,0\"><b>Internationale Erm\u00f6glichung:<\/b> Sie k\u00f6nnen Schiffe bis zu 200 Bruttoregistertonnen innerhalb von 150 Meilen vor der K\u00fcste kommandieren.<\/p>\n<\/li>\n<li>\n<p data-path-to-node=\"7,1,0\"><b>Zugang zur Arbeit:<\/b> Mit dem <i>Kommerzielles Indossament<\/i>k\u00f6nnen Sie \u00fcberall auf der Welt auf Luxusjachten und Arbeitsbooten arbeiten.<\/p>\n<\/li>\n<li>\n<p data-path-to-node=\"7,2,0\"><b>Prestige und Kompetenz:<\/b> Es ist nicht nur ein \"St\u00fcck Papier\", sondern ein Beweis daf\u00fcr, dass Sie mit Boot, Besatzung und Notf\u00e4llen sicher umgehen k\u00f6nnen.<\/p>\n<\/li>\n<\/ul>\n<h3 data-path-to-node=\"8\">2. Warum ist sie besser als die italienische Offiziersklasse 2?<\/h3>\n<p data-path-to-node=\"9\">Viele Kandidaten entscheiden sich f\u00fcr den Yachtmaster Offshore, weil er Vorteile bietet, die der italienische Weg nicht bietet:<\/p>\n<ul data-path-to-node=\"10\">\n<li>\n<p data-path-to-node=\"10,0,0\"><b>Globale Anerkennung:<\/b> Der Yachtmaster ist universell anerkannt; die Offiziersklasse II ist oft auf die italienische Flagge beschr\u00e4nkt.<\/p>\n<\/li>\n<li>\n<p data-path-to-node=\"10,1,0\"><b>Abbau der B\u00fcrokratie:<\/b> Das RYA-System ist schnell und leistungsorientiert, ohne die Verz\u00f6gerungen und Wartezeiten von Ministerialabschl\u00fcssen.<\/p>\n<\/li>\n<li>\n<p data-path-to-node=\"10,2,0\"><b>Fokus auf die Praxis:<\/b> W\u00e4hrend der italienische Titel sehr theoretisch ist, bescheinigt der Yachtmaster Ihre tats\u00e4chliche F\u00e4higkeit, auf See zu f\u00fchren.<\/p>\n<\/li>\n<li>\n<p data-path-to-node=\"10,3,0\"><b>Die Sprache des Meeres:<\/b> Die Pr\u00fcfung wird in englischer Sprache abgehalten, so dass Sie unmittelbaren Zugang zum internationalen Superyacht-Markt haben.<\/p>\n<\/li>\n<\/ul>\n<h3 data-path-to-node=\"11\">3. Das Kursprogramm<\/h3>\n<p data-path-to-node=\"12\">Der Kurs ist so aufgebaut, dass Sie sich in jeder Phase der Pr\u00fcfung absolut sicher f\u00fchlen:<\/p>\n<ul data-path-to-node=\"13\">\n<li>\n<p data-path-to-node=\"13,0,0\"><b>Im Unterricht (6 Tage):<\/b> Wir werden uns eingehend mit Seekarten, Gezeitenberechnungen, Meteorologie und COLREG-Regeln besch\u00e4ftigen und kleine praktische \u00dcbungen zum Radar durchf\u00fchren.<\/p>\n<\/li>\n<li>\n<p data-path-to-node=\"13,1,0\"><b>Mit dem Schiff (5 Tage):<\/b> Wir werden an Bord gehen, um alle praktischen Man\u00f6ver zu wiederholen und zu verfeinern, damit Sie bereit und entspannt zur Pr\u00fcfung erscheinen.<\/p>\n<\/li>\n<li>\n<p data-path-to-node=\"13,2,0\"><b>Zus\u00e4tzliche Zertifizierungen:<\/b> Wenn Sie das Zertifikat nicht haben <b>GMDSS SRC<\/b>k\u00f6nnen Sie dies direkt mit uns w\u00e4hrend der Unterrichtstage erreichen, bevor Sie zur Basis der <b>Porto Santo Stefano<\/b>.<\/p>\n<\/li>\n<\/ul>\n<h3 data-path-to-node=\"14\">4. Kosten und Werbeaktionen<\/h3>\n<ul data-path-to-node=\"15\">\n<li>\n<p data-path-to-node=\"15,0,0\"><b>Yachtmaster SAIL:<\/b> \u20ac 2.700<\/p>\n<\/li>\n<li>\n<p data-path-to-node=\"15,1,0\"><b>Yachtmaster ENGINE:<\/b> \u20ac 2.900<\/p>\n<\/li>\n<li>\n<p data-path-to-node=\"15,2,0\"><b>COMBO OFFER (Segel + Motor): \u20ac 3.100<\/b> (Eine enorme Ersparnis f\u00fcr diejenigen, die die Doppelqualifikation anstreben).<\/p>\n<\/li>\n<li>\n<p data-path-to-node=\"15,3,0\"><i>Hinweis: Die MCA-Pr\u00fcfungsgeb\u00fchr von \u00a3 256 (ca. \u20ac 280) muss zu den Preisen hinzugerechnet werden.<\/i><\/p>\n<\/li>\n<\/ul>\n<h3 data-path-to-node=\"16\">5. Unsere Garantie<\/h3>\n<p data-path-to-node=\"17\">Unsere Erfolgsquote \u00fcbersteigt <b>90%<\/b> bis zur zweiten Pr\u00fcfung. Wir erm\u00f6glichen allen Kandidaten den Zugang zu zwei aufeinanderfolgenden Pr\u00fcfungssitzungen, ohne dass dem Zentrum zus\u00e4tzliche Kosten entstehen. Sollten Sie mehr Zeit ben\u00f6tigen, organisieren wir innerhalb von zwei Monaten ein ma\u00dfgeschneidertes Training, um Sie an Ihr Ziel zu bringen.<\/p>","protected":false},"excerpt":{"rendered":"<h3 data-path-to-node=\"2\">Empfohlene Ausr\u00fcstung<\/h3>\n<p data-path-to-node=\"3\">Um den Kurs optimal bew\u00e4ltigen zu k\u00f6nnen, ist es notwendig, \u00fcber die notwendigen Voraussetzungen zu verf\u00fcgen:<\/p>\n<ul data-path-to-node=\"4\">\n<li>\n<p data-path-to-node=\"4,0,0\"><b>Kleidung:<\/b> Kompletter Offshore-Anzug und technische Bootsschuhe.<\/p>\n<\/li>\n<li>\n<p data-path-to-node=\"4,1,0\"><b>Zubeh\u00f6r:<\/b> Segelhandschuhe und Stirnlampe (unerl\u00e4sslich f\u00fcr Nachtfahrten).<\/p>\n<\/li>\n<li>\n<p data-path-to-node=\"4,2,0\"><b>Pers\u00f6nlich:<\/b> Unentbehrliche Arzneimittel.<\/p>\n<\/li>\n<\/ul>\n<blockquote data-path-to-node=\"5\">\n<p data-path-to-node=\"5,0\"><b>Anmerkung:<\/b> Vor dem Start erhalten Sie eine detaillierte Liste per E-Mail und in der speziellen WhatsApp-Gruppe. Die zul\u00e4ssigen H\u00f6chstma\u00dfe des Gep\u00e4cks an Bord entnehmen Sie bitte unserem Abschnitt <b>FAQ<\/b>.<\/p>\n<\/blockquote>\n<hr data-path-to-node=\"6\" \/>\n<h3 data-path-to-node=\"7\">Erforderliche Voraussetzungen<\/h3>\n<p data-path-to-node=\"8\">Der Yachtmaster-Kurs ist ein fortgeschrittener Kommandokurs. Um teilzunehmen, m\u00fcssen Sie besitzen:<\/p>\n<ul data-path-to-node=\"9\">\n<li>\n<p data-path-to-node=\"9,0,0\"><b>Technische Fertigkeiten:<\/b> Ausgezeichnete Kenntnisse der Nomenklatur, der Handhabung des Bootes (Wenden und Kreuzen) und der Anlegeman\u00f6ver.<\/p>\n<\/li>\n<li>\n<p data-path-to-node=\"9,1,0\"><b>Navigation:<\/b> Beherrschung des Plotters und eine solide Grundlage in der nautischen Kartographie.<\/p>\n<\/li>\n<li>\n<p data-path-to-node=\"9,2,0\"><b>Theorie:<\/b> Gr\u00fcndliche Kenntnis der Normen <b>COLREG<\/b> (Kollisionen auf See).<\/p>\n<\/li>\n<li>\n<p data-path-to-node=\"9,3,0\"><b>Sprache:<\/b> Gute Kenntnisse der englischen Sprache (erforderlich f\u00fcr die Pr\u00fcfung mit dem RYA-Pr\u00fcfer).<\/p>\n<\/li>\n<\/ul>\n<p>&nbsp;<\/p>\n<h2>Wetterlage<\/h2>\n<p>Das Programm kann je nach Wetterbedingungen ge\u00e4ndert werden.<\/p>","protected":false},"featured_media":13290,"comment_status":"open","ping_status":"closed","template":"","meta":{"_acf_changed":false,"_joinchat":[]},"product_brand":[],"product_cat":[28,126,15],"product_tag":[],"class_list":{"0":"post-13377","1":"product","2":"type-product","3":"status-publish","4":"has-post-thumbnail","6":"brw_brw_tour_difficulty-day-skipper","7":"product_cat-esperienze","8":"product_cat-sail-academy","9":"product_cat-uncategorized","11":"first","12":"instock","13":"sale","14":"taxable","15":"shipping-taxable","16":"purchasable","17":"product-type-ovabrw_car_rental"},"acf":[],"aioseo_notices":[],"_links":{"self":[{"href":"https:\/\/seayougroup.com\/de\/wp-json\/wp\/v2\/product\/13377","targetHints":{"allow":["GET"]}}],"collection":[{"href":"https:\/\/seayougroup.com\/de\/wp-json\/wp\/v2\/product"}],"about":[{"href":"https:\/\/seayougroup.com\/de\/wp-json\/wp\/v2\/types\/product"}],"replies":[{"embeddable":true,"href":"https:\/\/seayougroup.com\/de\/wp-json\/wp\/v2\/comments?post=13377"}],"wp:featuredmedia":[{"embeddable":true,"href":"https:\/\/seayougroup.com\/de\/wp-json\/wp\/v2\/media\/13290"}],"wp:attachment":[{"href":"https:\/\/seayougroup.com\/de\/wp-json\/wp\/v2\/media?parent=13377"}],"wp:term":[{"taxonomy":"product_brand","embeddable":true,"href":"https:\/\/seayougroup.com\/de\/wp-json\/wp\/v2\/product_brand?post=13377"},{"taxonomy":"product_cat","embeddable":true,"href":"https:\/\/seayougroup.com\/de\/wp-json\/wp\/v2\/product_cat?post=13377"},{"taxonomy":"product_tag","embeddable":true,"href":"https:\/\/seayougroup.com\/de\/wp-json\/wp\/v2\/product_tag?post=13377"}],"curies":[{"name":"wp","href":"https:\/\/api.w.org\/{rel}","templated":true}]}}