{"id":13401,"date":"2025-12-01T15:42:44","date_gmt":"2025-12-01T13:42:44","guid":{"rendered":"https:\/\/seayougroup.com\/?post_type=product&#038;p=13401"},"modified":"2026-03-30T11:40:23","modified_gmt":"2026-03-30T09:40:23","slug":"croazia-yoga-e-meditazione-navigando-tra-mare-e-mente","status":"publish","type":"product","link":"https:\/\/seayougroup.com\/de\/esperienza\/croazia-yoga-e-meditazione-navigando-tra-mare-e-mente\/","title":{"rendered":"Kroatien: Yoga und Meditation - Segeln zwischen Meer und Geist"},"content":{"rendered":"<h3 data-path-to-node=\"4\">Der Atem Dalmatiens: Eine Reise durch Yoga, Segeln und den Charme von Split<\/h3>\n<p data-path-to-node=\"4\">Pranayama am Morgen wird unseren Tag erhellen.<br \/>\nHinduistische Gottheiten inspirieren zu Yoga\u00fcbungen am Strand.<br \/>\nDie Abendmeditation wird uns in die tiefe Natur des Seins f\u00fchren.<\/p>\n<p data-path-to-node=\"4\">Stellen Sie sich eine Woche vor, in der die Zeit stillzustehen scheint, in der der Rhythmus der <b>Adriatische Wellen<\/b> verschmilzt mit dem Klopfen Ihres Herzens und der dalmatinische Wind fl\u00fcstert alte Geschichten. Dies ist die Woche, die Sie in Kroatien erwartet, an Bord eines Bootes, das nicht nur unser Transportmittel, sondern auch unser schwimmendes Refugium sein wird.<\/p>\n<p data-path-to-node=\"6\">Aber es wird nicht nur um Yoga und Meditation gehen. Wir werden diese Erfahrungen mit der Entdeckung von <b>bezaubernde Orte<\/b> und kristallklarem Wasser, wo sich Natur und Geschichte in ihrer ganzen wilden Sch\u00f6nheit zeigen.<\/p>\n<h3>Unterwegs mit Federica:<\/h3>\n<p data-path-to-node=\"14\">Federica Saguatti begleitet uns auf dieser Reise nach Dalmatien und nimmt uns mit auf eine Entdeckungsreise in ein tiefes Gleichgewicht zwischen K\u00f6rper, Geist und Seele.<\/p>\n<p data-path-to-node=\"15\">Seit 2009 arbeitet er mit dem renommierten Studienzentrum Yoga Narayana in Modena zusammen und leitet die Zweigstellen Carpi und Frassinoro in den Modeneser Apenninen. Von 2015 bis 2021 geh\u00f6rte er zum Lehrerkollegium der Yogaschule Hari-Om in Alessandria und trug durch Lehrerausbildungen und Meisterkurse zur Ausbildung neuer Lehrer bei.<\/p>\n<p data-path-to-node=\"16\">F\u00fcr Federica ist die Praxis und der Unterricht von Yoga eine st\u00e4ndige Gelegenheit f\u00fcr Wachstum und Bewusstsein. Durch K\u00f6rperbewegung, Atem und Meditation lehrt sie uns, die Schwingung unserer inneren Landschaft mit der der \u00e4u\u00dferen Welt zu vereinen und sie als eine Essenz zu erfahren.<\/p>\n<p data-path-to-node=\"17\">Unter ihrer Anleitung werden wir entdecken, wie Dankbarkeit in uns geboren werden und aus unseren Augen flie\u00dfen kann, w\u00e4hrend wir das unendliche Blau der Adria betrachten, die unber\u00fchrte Natur einatmen und uns von der Sch\u00f6nheit Dalmatiens einh\u00fcllen lassen. Federica wird uns auf eine Reise begleiten, die \u00fcber Yoga hinausgeht, hin zu einer <b>authentische Verbindung<\/b> mit uns selbst und der Welt um uns herum.<\/p>","protected":false},"excerpt":{"rendered":"<h2>Ausr\u00fcstung<\/h2>\n<ul>\n<li>Wasserdicht<\/li>\n<li>Unentbehrliche Arzneimittel<\/li>\n<li>Wanderschuhe<\/li>\n<li>Sommerkleider<\/li>\n<li>Yogamatte<\/li>\n<li>Strandtuch + Sonnencreme<\/li>\n<li>Maske und Schnorchel<\/li>\n<li>Handtuch \"Gast<\/li>\n<\/ul>\n<p>Vor jeder Reise wird eine detaillierte Ausr\u00fcstungsliste per E-Mail und \u00fcber eine spezielle WhatsApp-Gruppe verschickt, um sicherzustellen, dass die Teilnehmer angemessen vorbereitet sind. Lesen Sie die\u00a0 <a href=\"https:\/\/seayougroup.com\/de\/faq\/\">FAQ<\/a> f\u00fcr die Abmessungen des Gep\u00e4cks.<\/p>\n<p>&nbsp;<\/p>\n<h2>Wetterlage<\/h2>\n<p>Das Programm kann je nach Wetterbedingungen ge\u00e4ndert werden.<\/p>\n<p>&nbsp;<\/p>","protected":false},"featured_media":12194,"comment_status":"open","ping_status":"closed","template":"","meta":{"_acf_changed":false,"_joinchat":[]},"product_brand":[],"product_cat":[48],"product_tag":[],"class_list":{"0":"post-13401","1":"product","2":"type-product","3":"status-publish","4":"has-post-thumbnail","6":"brw_brw_brw_type_holiday-holidays","7":"brw_brw_brw_type_holiday-yoga-retreat","8":"brw_brw_brw_tour_status-confermato","9":"product_cat-vacanze","11":"first","12":"instock","13":"sale","14":"taxable","15":"shipping-taxable","16":"purchasable","17":"product-type-ovabrw_car_rental"},"acf":[],"aioseo_notices":[],"_links":{"self":[{"href":"https:\/\/seayougroup.com\/de\/wp-json\/wp\/v2\/product\/13401","targetHints":{"allow":["GET"]}}],"collection":[{"href":"https:\/\/seayougroup.com\/de\/wp-json\/wp\/v2\/product"}],"about":[{"href":"https:\/\/seayougroup.com\/de\/wp-json\/wp\/v2\/types\/product"}],"replies":[{"embeddable":true,"href":"https:\/\/seayougroup.com\/de\/wp-json\/wp\/v2\/comments?post=13401"}],"wp:featuredmedia":[{"embeddable":true,"href":"https:\/\/seayougroup.com\/de\/wp-json\/wp\/v2\/media\/12194"}],"wp:attachment":[{"href":"https:\/\/seayougroup.com\/de\/wp-json\/wp\/v2\/media?parent=13401"}],"wp:term":[{"taxonomy":"product_brand","embeddable":true,"href":"https:\/\/seayougroup.com\/de\/wp-json\/wp\/v2\/product_brand?post=13401"},{"taxonomy":"product_cat","embeddable":true,"href":"https:\/\/seayougroup.com\/de\/wp-json\/wp\/v2\/product_cat?post=13401"},{"taxonomy":"product_tag","embeddable":true,"href":"https:\/\/seayougroup.com\/de\/wp-json\/wp\/v2\/product_tag?post=13401"}],"curies":[{"name":"wp","href":"https:\/\/api.w.org\/{rel}","templated":true}]}}