{"id":13409,"date":"2025-12-01T16:39:34","date_gmt":"2025-12-01T14:39:34","guid":{"rendered":"https:\/\/seayougroup.com\/?post_type=product&#038;p=13409"},"modified":"2025-12-09T20:04:35","modified_gmt":"2025-12-09T18:04:35","slug":"sardegnaarcipelago-della-mente-vela-yoga-e-il-respiro-della-gallura","status":"publish","type":"product","link":"https:\/\/seayougroup.com\/de\/esperienza\/sardegnaarcipelago-della-mente-vela-yoga-e-il-respiro-della-gallura\/","title":{"rendered":"Sardinien: Archipel des Geistes: Segeln, Yoga und der Atem der Gallura"},"content":{"rendered":"<h3>Yogisches Segeln: Das perfekte Gleichgewicht zwischen Meer, Segeln und Bewusstheit.<\/h3>\n<p data-path-to-node=\"3\">Stellen Sie sich vor, Sie wachen jeden Morgen mit dem Duft von Salz und mediterranem Gestr\u00fcpp auf und lassen sich vom sanften Schaukeln der Wellen wiegen.<\/p>\n<p data-path-to-node=\"3\">Atmung, Asana, Meditation und Regeneration:<br \/>\nJeder Tag wird von Momenten tiefer Verbundenheit gepr\u00e4gt sein. Wir werden den Tag mit Pranayama (Achtsamkeits- und Atemtechniken) beginnen, um die Energie zu entfachen und K\u00f6rper und Geist auf die bevorstehenden Wunder vorzubereiten. Wir erg\u00e4nzen unser Retreat mit Yoga-Praktiken, die von den Gottheiten des hinduistischen Pantheons inspiriert sind, in ruhigen, abgeschiedenen Buchten.<br \/>\nMeditative \u00dcbungen bei Sonnenuntergang, das Meer und das Wasserelement, von dem wir ein Teil sein werden, werden die introspektive Reise vervollst\u00e4ndigen.<\/p>\n<h3>Die Reiseroute: Die Perlen des Archipels<\/h3>\n<p data-path-to-node=\"7\">Wir segeln durch die ber\u00fchmtesten t\u00fcrkisfarbenen Gew\u00e4sser des Mittelmeers und erkunden ikonische Orte und geheime Buchten in den lebhaften Gegenden von <b>Cannigione<\/b> e <b>Palau<\/b> und Streifz\u00fcge in den Archipel der <b>La Maddalena<\/b>. Wir werden die legend\u00e4ren nat\u00fcrlichen Pools und den ikonischen Pink Beach (aus der Ferne) bewundern, w\u00e4hrend wir zwischen <b>Streuung<\/b> e <b>Budelli<\/b>. Wir erkunden die Insel der <b>Caprera<\/b> mit seiner zerkl\u00fcfteten K\u00fcste und reichen Geschichte, und gehen Sie an Bord der <b>La Maddalena<\/b> um das Inselleben in seinem malerischen Zentrum zu erleben. Wir ankern auch in der N\u00e4he der Insel <b>Molara<\/b> um in sein unglaubliches kristallklares Wasser zu tauchen.<\/p>\n<h3>Abenteuer und Kontemplation bei Sonnenuntergang<\/h3>\n<p data-path-to-node=\"9\">Das Erlebnis h\u00f6rt nicht bei der inneren Einkehr auf. Der sardische Archipel l\u00e4dt zu Action und Freude ein: Tauchen Sie in die sch\u00f6nsten Buchten ein, um <b>Schnorcheln<\/b> und entdecken Sie die reiche Unterwasserwelt, oder stechen Sie in See mit Ihrem <b>Stand-Up-Paddeln (SUP)<\/b> f\u00fcr eine meditative und lustige Aktivit\u00e4t auf flachem Wasser. Wir werden den Tag mit einem Ritual der Dankbarkeit beenden: ein <b>Aperitif an Bord<\/b> wenn die Sonne ins Meer eintaucht und den Himmel in spektakul\u00e4re Farben taucht. Ein Moment der Geselligkeit, um die Emotionen des Tages zu teilen.<\/p>\n<p data-path-to-node=\"10\">Diese Woche ist eine Einladung, langsamer zu werden, den Herzschlag mit dem Rhythmus der Natur in Einklang zu bringen und das Gleichgewicht zwischen der inneren Welt und der Unermesslichkeit des Meeres wiederzufinden. <b>Sind Sie bereit, die Segel auf dieser transformativen Reise zu setzen?<\/b><\/p>","protected":false},"excerpt":{"rendered":"<h2>Ausr\u00fcstung<\/h2>\n<ul>\n<li>Bettw\u00e4sche oder ein Schlafsack<\/li>\n<li>Voller Mackintosh<\/li>\n<li>Unentbehrliche Arzneimittel<\/li>\n<li>Handt\u00fccher<\/li>\n<li>Frontleuchte<\/li>\n<li>Yoga-Praxis-Matte<\/li>\n<\/ul>\n<p>Vor jeder Reise wird eine detaillierte Ausr\u00fcstungsliste per E-Mail und \u00fcber eine spezielle WhatsApp-Gruppe verschickt, um sicherzustellen, dass die Teilnehmer angemessen vorbereitet sind. Lesen Sie die\u00a0 <a href=\"https:\/\/seayougroup.com\/de\/faq\/\">FAQ<\/a> f\u00fcr die Abmessungen des Gep\u00e4cks.<\/p>\n<p>&nbsp;<\/p>\n<h2>Wetterlage<\/h2>\n<p>Das Programm kann je nach Wetterbedingungen ge\u00e4ndert werden.<\/p>\n<p>&nbsp;<\/p>\n<h2>Flug<\/h2>\n<p><span style=\"font-weight: 400;\">T<\/span><span style=\"font-weight: 400;\">Ich erinnere Sie daran, dass die SeaYou-Reisen keine Hin- und R\u00fcckfl\u00fcge beinhalten, so dass die Teilnehmer ihre Fluggesellschaft, den Abflughafen und eventuelle Zwischenlandungen selbst w\u00e4hlen k\u00f6nnen. <\/span><a href=\"https:\/\/www.skyscanner.it\/\" target=\"_blank\" rel=\"noopener\"><span style=\"font-weight: 400;\">Suchen Sie Ihren Flug<\/span><\/a><\/p>","protected":false},"featured_media":13410,"comment_status":"open","ping_status":"closed","template":"","meta":{"_acf_changed":false,"_joinchat":[]},"product_brand":[],"product_cat":[121,48],"product_tag":[],"class_list":{"0":"post-13409","1":"product","2":"type-product","3":"status-publish","4":"has-post-thumbnail","6":"brw_brw_brw_type_holiday-holidays","7":"brw_brw_brw_type_holiday-yoga-retreat","8":"brw_brw_brw_tour_status-confermato","9":"product_cat-adventure","10":"product_cat-vacanze","12":"first","13":"instock","14":"sale","15":"taxable","16":"shipping-taxable","17":"purchasable","18":"product-type-ovabrw_car_rental"},"acf":[],"aioseo_notices":[],"_links":{"self":[{"href":"https:\/\/seayougroup.com\/de\/wp-json\/wp\/v2\/product\/13409","targetHints":{"allow":["GET"]}}],"collection":[{"href":"https:\/\/seayougroup.com\/de\/wp-json\/wp\/v2\/product"}],"about":[{"href":"https:\/\/seayougroup.com\/de\/wp-json\/wp\/v2\/types\/product"}],"replies":[{"embeddable":true,"href":"https:\/\/seayougroup.com\/de\/wp-json\/wp\/v2\/comments?post=13409"}],"wp:featuredmedia":[{"embeddable":true,"href":"https:\/\/seayougroup.com\/de\/wp-json\/wp\/v2\/media\/13410"}],"wp:attachment":[{"href":"https:\/\/seayougroup.com\/de\/wp-json\/wp\/v2\/media?parent=13409"}],"wp:term":[{"taxonomy":"product_brand","embeddable":true,"href":"https:\/\/seayougroup.com\/de\/wp-json\/wp\/v2\/product_brand?post=13409"},{"taxonomy":"product_cat","embeddable":true,"href":"https:\/\/seayougroup.com\/de\/wp-json\/wp\/v2\/product_cat?post=13409"},{"taxonomy":"product_tag","embeddable":true,"href":"https:\/\/seayougroup.com\/de\/wp-json\/wp\/v2\/product_tag?post=13409"}],"curies":[{"name":"wp","href":"https:\/\/api.w.org\/{rel}","templated":true}]}}