{"id":9788,"date":"2024-04-05T14:22:42","date_gmt":"2024-04-05T14:22:42","guid":{"rendered":"https:\/\/seayougroup.com\/?post_type=product&#038;p=9788"},"modified":"2025-08-19T12:19:44","modified_gmt":"2025-08-19T10:19:44","slug":"croazia-spalato-e-le-sue-isole","status":"publish","type":"product","link":"https:\/\/seayougroup.com\/de\/esperienza\/croazia-spalato-e-le-sue-isole\/","title":{"rendered":"Kroatien: Split und seine Inseln"},"content":{"rendered":"<h2><b>Ein Traumerlebnis mit einem Hauch von Abenteuer!<\/b><\/h2>\n<p>Entdecken Sie den Zauber von Split und seinen Inseln mit unserem exklusiven Abenteuer, wo kristallklares Meer und g\u00fcnstige Winde Sie herausfordern und Ihnen ein unvergessliches Segelerlebnis bieten. Split mit seiner charmanten Altstadt und seinen malerischen D\u00f6rfern wird Sie mit seiner lebendigen Atmosph\u00e4re und seiner ber\u00fchmten K\u00fcche willkommen hei\u00dfen. Segeln Sie zwischen den wundersch\u00f6nen Inseln Dalmatiens, jede mit ihrem eigenen Charme und bezaubernden Ankerpl\u00e4tzen, ideal, um das Segeln in Ruhe zu lernen und immer den \u00dcberblick zu behalten. Genie\u00dfen Sie die kroatische K\u00fcche in typischen Restaurants und probieren Sie frische, lokale Gerichte, die die reiche gastronomische Tradition der Region widerspiegeln. Jede Etappe Ihrer Reise wird eine Gelegenheit sein, besondere Momente mit neuen Freunden zu teilen, die Aromen des Meeres zu genie\u00dfen und atemberaubende Ausblicke zu erleben. Genie\u00dfen Sie die Sch\u00f6nheit der K\u00fcste, erkunden Sie die Inseln und erleben Sie ein Abenteuer, das die nat\u00fcrliche Sch\u00f6nheit von Split und seinen Inseln mit einzigartigen kulinarischen und sozialen Erfahrungen verbindet. Begleiten Sie uns auf ein Abenteuer, das das Meer, die K\u00fcche und die Freundschaft an einem der faszinierendsten Orte Kroatiens feiert.<\/p>\n<p>Die ADVENTURE-Erfahrung ist sowohl f\u00fcr Anf\u00e4nger als auch f\u00fcr diejenigen geeignet, die ihre Segelkenntnisse festigen m\u00f6chten. Eine einmalige Gelegenheit, in einem ansprechenden Umfeld zu lernen, zu \u00fcben und seine F\u00e4higkeiten zu verbessern.     Die perfekte Balance zwischen Lernen und Festigung der F\u00e4higkeiten. Kommen Sie zu uns, um neue Herausforderungen zu entdecken, Freunde zu finden und faszinierende Segelziele zu erkunden!\"<\/p>\n<p><strong>Bootsman\u00f6ver<\/strong><\/p>\n<ul>\n<li style=\"font-weight: 400;\" aria-level=\"1\"><span style=\"font-weight: 400;\">Man\u00f6vrieren des Bootes und Untersuchung der Antriebssysteme<\/span><\/li>\n<li><span style=\"font-weight: 400;\">Segelanpassung f\u00fcr Leistungssegeln<\/span><\/li>\n<li style=\"font-weight: 400;\" aria-level=\"1\"><span style=\"font-weight: 400;\">Perfektionierung der Anlegeman\u00f6ver<\/span><\/li>\n<li style=\"font-weight: 400;\" aria-level=\"1\"><span style=\"font-weight: 400;\">Analyse und Untersuchung der Anlegestellen und der Art und Weise des Anlegens an Stra\u00dfenkreuzungen<\/span><\/li>\n<li style=\"font-weight: 400;\" aria-level=\"1\"><span style=\"font-weight: 400;\">Offshore-Navigation<\/span><\/li>\n<\/ul>\n<p>&nbsp;<\/p>\n<p><b>Navigationskenntnisse:<\/b><\/p>\n<ul>\n<li style=\"font-weight: 400;\" aria-level=\"1\"><span style=\"font-weight: 400;\">Meteorologie<\/span><\/li>\n<li style=\"font-weight: 400;\" aria-level=\"1\"><span style=\"font-weight: 400;\">Methoden des Kartenlesens<\/span><\/li>\n<li style=\"font-weight: 400;\" aria-level=\"1\"><span style=\"font-weight: 400;\">Navigationsplan und Routenbeschreibung<\/span><\/li>\n<li style=\"font-weight: 400;\" aria-level=\"1\"><span style=\"font-weight: 400;\">Verwendung von Navigationshilfen<\/span><\/li>\n<li aria-level=\"1\">COLREG<\/li>\n<li aria-level=\"1\">Einf\u00fchrung in die ROUTING-Aktivit\u00e4ten<\/li>\n<\/ul>\n<p>&nbsp;<\/p>\n<p><b>Sicherheit:<\/b><\/p>\n<ul>\n<li style=\"font-weight: 400;\" aria-level=\"1\"><span style=\"font-weight: 400;\">Steuerung von Motor und Antriebssystem<\/span><\/li>\n<li style=\"font-weight: 400;\" aria-level=\"1\"><span style=\"font-weight: 400;\">Erkennen und Beheben von h\u00e4ufigen Fehlern\u00a0<\/span><\/li>\n<li style=\"font-weight: 400;\" aria-level=\"1\"><span style=\"font-weight: 400;\">Wie man die h\u00e4ufigsten Sch\u00e4den an Booten vermeidet<\/span><\/li>\n<li style=\"font-weight: 400;\" aria-level=\"1\">Erste Hilfe<\/li>\n<li style=\"font-weight: 400;\" aria-level=\"1\"><span style=\"font-weight: 400;\">T\u00e4gliche praktische Arbeit an der UKW-Radiostation<\/span><\/li>\n<li style=\"font-weight: 400;\" aria-level=\"1\"><span style=\"font-weight: 400;\">Kenntnis der Verantwortlichkeiten, Pflichten und Rechte eines Skippers<\/span><\/li>\n<li style=\"font-weight: 400;\" aria-level=\"1\"><span style=\"font-weight: 400;\">Check-in und Check-out Verfahren<\/span><\/li>\n<li style=\"font-weight: 400;\" aria-level=\"1\"><span style=\"font-weight: 400;\">Interne Kommunikation der Besatzung<\/span><\/li>\n<\/ul>\n<h3><b>Mehr als ein Urlaub: ein Abenteuer mit SeaYou<\/b><\/h3>\n<p><span style=\"font-weight: 400;\">Egal, ob Sie sich f\u00fcr jedes technische Detail interessieren oder lieber die Sonnenunterg\u00e4nge genie\u00dfen m\u00f6chten: Croatia Adventure wartet darauf, Ihnen einzigartige Momente zu bescheren, in denen das Meer nicht nur eine Kulisse, sondern der eigentliche Protagonist ist.<\/span><\/p>","protected":false},"excerpt":{"rendered":"<h2>Ausr\u00fcstung<\/h2>\n<ul>\n<li>Bettw\u00e4sche oder ein Schlafsack<\/li>\n<li>Voller Mackintosh<\/li>\n<li>Unentbehrliche Arzneimittel<\/li>\n<li>Handt\u00fccher<\/li>\n<li>Bootsschuhe<\/li>\n<li>Bootshandschuhe<\/li>\n<li>Frontleuchte<\/li>\n<\/ul>\n<p>Vor jeder Reise wird eine detaillierte Ausr\u00fcstungsliste per E-Mail und \u00fcber eine spezielle WhatsApp-Gruppe verschickt, um sicherzustellen, dass die Teilnehmer angemessen vorbereitet sind. Lesen Sie die\u00a0 <a href=\"https:\/\/seayougroup.com\/de\/faq\/\">FAQ<\/a> f\u00fcr die Abmessungen des Gep\u00e4cks.<\/p>\n<p>&nbsp;<\/p>\n<h2>Erforderliche Voraussetzungen<\/h2>\n<p><span style=\"font-weight: 400;\">Kenntnisse von Knoten, grundlegende Sicherheit an Bord, Bootsnomenklatur, eventuell Kenntnisse der wichtigsten Man\u00f6ver und <\/span>der verschiedenen Verankerungstechniken.<\/p>\n<p>&nbsp;<\/p>\n<h2>Wetterlage<\/h2>\n<p>Das Programm kann je nach Wetterbedingungen ge\u00e4ndert werden.<\/p>\n<p>&nbsp;<\/p>\n<h2>Flug<\/h2>\n<p><span style=\"font-weight: 400;\">T<\/span><span style=\"font-weight: 400;\">Ich erinnere Sie daran, dass die SeaYou-Reisen keine Hin- und R\u00fcckfl\u00fcge ab Italien beinhalten, so dass die Teilnehmer ihre Fluggesellschaft, den Abflughafen und eventuelle Zwischenlandungen selbst w\u00e4hlen k\u00f6nnen. <\/span><a href=\"https:\/\/www.skyscanner.it\/\" target=\"_blank\" rel=\"noopener\"><span style=\"font-weight: 400;\">Suchen Sie Ihren Flug<\/span><\/a><\/p>","protected":false},"featured_media":11654,"comment_status":"open","ping_status":"closed","template":"","meta":{"_acf_changed":false,"_joinchat":[]},"product_brand":[],"product_cat":[48],"product_tag":[],"class_list":{"0":"post-9788","1":"product","2":"type-product","3":"status-publish","4":"has-post-thumbnail","6":"brw_tour_types-tutte-le-attivita","7":"brw_brw_brw_type_holiday-holidays","8":"product_cat-vacanze","10":"first","11":"instock","12":"sale","13":"taxable","14":"shipping-taxable","15":"purchasable","16":"product-type-ovabrw_car_rental"},"acf":[],"aioseo_notices":[],"_links":{"self":[{"href":"https:\/\/seayougroup.com\/de\/wp-json\/wp\/v2\/product\/9788","targetHints":{"allow":["GET"]}}],"collection":[{"href":"https:\/\/seayougroup.com\/de\/wp-json\/wp\/v2\/product"}],"about":[{"href":"https:\/\/seayougroup.com\/de\/wp-json\/wp\/v2\/types\/product"}],"replies":[{"embeddable":true,"href":"https:\/\/seayougroup.com\/de\/wp-json\/wp\/v2\/comments?post=9788"}],"wp:featuredmedia":[{"embeddable":true,"href":"https:\/\/seayougroup.com\/de\/wp-json\/wp\/v2\/media\/11654"}],"wp:attachment":[{"href":"https:\/\/seayougroup.com\/de\/wp-json\/wp\/v2\/media?parent=9788"}],"wp:term":[{"taxonomy":"product_brand","embeddable":true,"href":"https:\/\/seayougroup.com\/de\/wp-json\/wp\/v2\/product_brand?post=9788"},{"taxonomy":"product_cat","embeddable":true,"href":"https:\/\/seayougroup.com\/de\/wp-json\/wp\/v2\/product_cat?post=9788"},{"taxonomy":"product_tag","embeddable":true,"href":"https:\/\/seayougroup.com\/de\/wp-json\/wp\/v2\/product_tag?post=9788"}],"curies":[{"name":"wp","href":"https:\/\/api.w.org\/{rel}","templated":true}]}}