{"id":9789,"date":"2024-04-05T14:47:32","date_gmt":"2024-04-05T14:47:32","guid":{"rendered":"https:\/\/seayougroup.com\/?post_type=product&#038;p=9789"},"modified":"2025-08-19T12:31:03","modified_gmt":"2025-08-19T10:31:03","slug":"ocean-da-lisbona-alle-azzorre","status":"publish","type":"product","link":"https:\/\/seayougroup.com\/de\/esperienza\/ocean-da-lisbona-alle-azzorre\/","title":{"rendered":"Ozean: von Lissabon bis zu den Azoren"},"content":{"rendered":"<h2>Was werden Sie tun?<\/h2>\n<p>Machen Sie sich bereit f\u00fcr das Abenteuer Ihres Lebens: eine Ozean\u00fcberquerung, die uns durch die Weiten des Atlantiks f\u00fchren wird. Diese Erfahrung mit neuen Freunden zu teilen, macht jeden Moment noch besonderer und l\u00e4sst einen Traum Wirklichkeit werden. Stellen Sie sich das Gef\u00fchl vor, mitten auf dem Ozean zu sein, wo der Horizont endlos scheint und der Nachthimmel eine Decke aus Sternen ist, die man fast ber\u00fchren kann. Jede Nacht unter dem Sternenhimmel wird zu einem magischen Moment, in dem die Zeit stillsteht und das Universum sich in seiner ganzen Sch\u00f6nheit offenbart.<\/p>\n<p>Das Adrenalin bei der \u00dcberquerung des Atlantiks ist sp\u00fcrbar: die m\u00e4chtigen Wellen, der Wind, der hart in den Segeln bl\u00e4st, das Herzklopfen, w\u00e4hrend wir ins Unbekannte segeln. Jeder Tag ist eine neue Herausforderung, ein Test f\u00fcr unsere F\u00e4higkeiten und unseren Abenteuergeist. Aber gerade in diesen Momenten kommt die Gruppe zusammen, werden Freundschaften gest\u00e4rkt und unzerst\u00f6rbare Bande gekn\u00fcpft. Den Ruf des Meeres zu h\u00f6ren, sich der Kraft der Natur hinzugeben und gemeinsam Orte zu entdecken, an denen nur wenige waren, ist ein Privileg, das nur wenige kennen.<\/p>\n<p>Diese \u00dcberfahrt ist nicht nur eine Reise, sie ist eine Erfahrung, die Sie ver\u00e4ndert, die tiefe Spuren hinterl\u00e4sst. Es ist eine Gelegenheit, nicht nur neue L\u00e4nder zu entdecken, sondern auch neue Seiten an sich selbst, und das alles gemeinsam mit einer Gruppe von Menschen, die wie Sie das Abenteuer und die Freiheit suchen. Auf dem Meer zu segeln bedeutet, sich auf das Unbekannte einzulassen, sich vom Wind leiten zu lassen und jeden Moment mit Intensit\u00e4t und Leidenschaft zu leben. Ein Abenteuer, das Sie nie vergessen werden, bei dem der Ozean zur Heimat und neue Freunde zur Familie werden.<\/p>\n<p><span style=\"font-weight: 400;\">Dabei haben Sie die M\u00f6glichkeit, Ihr Wissen \u00fcber Tiefseenavigation und modernste Sicherheitssysteme zu vertiefen. <\/span><span style=\"font-weight: 400;\">Sie werden mit dem Autopiloten, dem AIS und dem Radarsystem vertrauter, lernen, das Schiff allein zu steuern und sind in der Lage, Routing-Aufgaben in v\u00f6lliger Autonomie auszuf\u00fchren.<\/span><\/p>\n<p>&nbsp;<\/p>\n<p><b>Man\u00f6vrieren des Bootes:<\/b><\/p>\n<ul>\n<li>Einblicke in die Handhabung und Nutzung von Segeln<\/li>\n<li>Kenntnisse \u00fcber Takelage und Man\u00f6vrieren<\/li>\n<li>Man\u00f6ver mit einer kleinen Besatzung<\/li>\n<li>Einstellung von Segel und Spinnaker<\/li>\n<li>Navigation bei Nacht und bei schlechtem Wetter<\/li>\n<\/ul>\n<p>&nbsp;<\/p>\n<p><b>Navigationskenntnisse:<\/b><\/p>\n<ul>\n<li>Routenmanagement je nach Wetterbedingungen<\/li>\n<li>Nutzung von IT-Systemen f\u00fcr Sicherheits- und Routingaktivit\u00e4ten<\/li>\n<li>Verwendung von MOB-, EPIRB-, PLB- und AIS-Systemen<\/li>\n<li>Schlaf- und Stressmanagement<\/li>\n<\/ul>\n<p><b>Sicherheit:<\/b><\/p>\n<ul>\n<li style=\"font-weight: 400;\" aria-level=\"1\"><span style=\"font-weight: 400;\">Notruf<\/span><\/li>\n<li style=\"font-weight: 400;\" aria-level=\"1\"><span style=\"font-weight: 400;\">Sicherheitsprozeduren<\/span><\/li>\n<li style=\"font-weight: 400;\" aria-level=\"1\"><span style=\"font-weight: 400;\">Verwaltung<\/span> <span style=\"font-weight: 400;\">von<\/span> <span style=\"font-weight: 400;\">Stress und Schlaf<\/span><\/li>\n<li style=\"font-weight: 400;\" aria-level=\"1\"><span style=\"font-weight: 400;\">Lebensmittel und Komb\u00fcse<\/span><\/li>\n<li style=\"font-weight: 400;\" aria-level=\"1\">Logbuch<\/li>\n<\/ul>","protected":false},"excerpt":{"rendered":"<h2>Ausr\u00fcstung<\/h2>\n<ul>\n<li>Bettw\u00e4sche oder ein Schlafsack<\/li>\n<li>Voller Mackintosh<\/li>\n<li>Unentbehrliche Arzneimittel<\/li>\n<li>Handt\u00fccher<\/li>\n<li>Bootsschuhe<\/li>\n<li>Bootshandschuhe<\/li>\n<li>Frontleuchte<\/li>\n<\/ul>\n<p>Vor jeder Reise wird eine detaillierte Ausr\u00fcstungsliste per E-Mail und \u00fcber eine spezielle WhatsApp-Gruppe verschickt, um sicherzustellen, dass die Teilnehmer angemessen vorbereitet sind. Lesen Sie die\u00a0 <a href=\"https:\/\/seayougroup.com\/de\/faq\/\">FAQ<\/a> f\u00fcr die Abmessungen des Gep\u00e4cks.<\/p>\n<p>&nbsp;<\/p>\n<h2>Erforderliche Voraussetzungen<\/h2>\n<p>Boots- und Navigationsgrundlagen, Nomenklatur, Theorie der Segelman\u00f6ver, Grundkenntnisse der Meteorologie.<\/p>\n<p>&nbsp;<\/p>\n<h2>Wetterlage<\/h2>\n<p>Das Programm kann je nach Wetterbedingungen ge\u00e4ndert werden.<\/p>\n<p>&nbsp;<\/p>\n<h2>Flug<\/h2>\n<p><span style=\"font-weight: 400;\">T<\/span><span style=\"font-weight: 400;\">Ich erinnere Sie daran, dass die SeaYou-Reisen keine Hin- und R\u00fcckfl\u00fcge ab Italien beinhalten, so dass die Teilnehmer ihre Fluggesellschaft, den Abflughafen und eventuelle Zwischenlandungen selbst w\u00e4hlen k\u00f6nnen. <\/span><a href=\"https:\/\/www.skyscanner.it\/\" target=\"_blank\" rel=\"noopener\"><span style=\"font-weight: 400;\">Suchen Sie Ihren Flug<\/span><\/a><\/p>","protected":false},"featured_media":10615,"comment_status":"open","ping_status":"closed","template":"","meta":{"_acf_changed":false,"_joinchat":[]},"product_brand":[],"product_cat":[28],"product_tag":[],"class_list":{"0":"post-9789","1":"product","2":"type-product","3":"status-publish","4":"has-post-thumbnail","6":"brw_tour_types-tutte-le-attivita","7":"brw_brw_tour_difficulty-ocean-experience","8":"product_cat-esperienze","10":"first","11":"instock","12":"sale","13":"taxable","14":"shipping-taxable","15":"purchasable","16":"product-type-ovabrw_car_rental"},"acf":[],"aioseo_notices":[],"_links":{"self":[{"href":"https:\/\/seayougroup.com\/de\/wp-json\/wp\/v2\/product\/9789","targetHints":{"allow":["GET"]}}],"collection":[{"href":"https:\/\/seayougroup.com\/de\/wp-json\/wp\/v2\/product"}],"about":[{"href":"https:\/\/seayougroup.com\/de\/wp-json\/wp\/v2\/types\/product"}],"replies":[{"embeddable":true,"href":"https:\/\/seayougroup.com\/de\/wp-json\/wp\/v2\/comments?post=9789"}],"wp:featuredmedia":[{"embeddable":true,"href":"https:\/\/seayougroup.com\/de\/wp-json\/wp\/v2\/media\/10615"}],"wp:attachment":[{"href":"https:\/\/seayougroup.com\/de\/wp-json\/wp\/v2\/media?parent=9789"}],"wp:term":[{"taxonomy":"product_brand","embeddable":true,"href":"https:\/\/seayougroup.com\/de\/wp-json\/wp\/v2\/product_brand?post=9789"},{"taxonomy":"product_cat","embeddable":true,"href":"https:\/\/seayougroup.com\/de\/wp-json\/wp\/v2\/product_cat?post=9789"},{"taxonomy":"product_tag","embeddable":true,"href":"https:\/\/seayougroup.com\/de\/wp-json\/wp\/v2\/product_tag?post=9789"}],"curies":[{"name":"wp","href":"https:\/\/api.w.org\/{rel}","templated":true}]}}