{"id":9791,"date":"2024-04-05T14:57:51","date_gmt":"2024-04-05T14:57:51","guid":{"rendered":"https:\/\/seayougroup.com\/?post_type=product&#038;p=9791"},"modified":"2025-09-26T15:56:01","modified_gmt":"2025-09-26T13:56:01","slug":"thailandia-baia-di-phang-nga","status":"publish","type":"product","link":"https:\/\/seayougroup.com\/de\/esperienza\/thailandia-baia-di-phang-nga\/","title":{"rendered":"Thailand: Phang Nga Bay"},"content":{"rendered":"<h2>Was werden Sie tun?<\/h2>\n<p>Entdecken Sie den Zauber der Phang Nga-Halbinsel mit unserem exklusiven Erlebnis, wo kristallklares Meer und bezaubernde Inseln wie kostbare Edelsteine aus einer atemberaubenden Landschaft auftauchen. Segeln Sie durch Meeresnationalparks und bewundern Sie die majest\u00e4tischen Berge, die sich aus dem Wasser erheben und eine einzigartige und faszinierende Naturkulisse bilden. Jeder Winkel von Phang Nga ist eine Explosion der Farben: vom tief t\u00fcrkisfarbenen Wasser bis hin zum leuchtenden Regenbogen der thail\u00e4ndischen K\u00fcche, die authentische, w\u00fcrzige Gerichte bietet, die den Gaumen erfreuen. Tauchen Sie ein in die lokale Kultur, in der sich gesch\u00e4ftiges Leben und spirituelle Gelassenheit in perfekter Harmonie verbinden. Mit der unverf\u00e4lschten Gastfreundschaft der Thail\u00e4nder wird jeder Moment zu einem Fest der Sch\u00f6nheit und Kultur dieses bezaubernden Fleckchens Erde. Mit Freunden in diesem Meeresparadies zu segeln, ist ein wahr gewordener Traum: Stellen Sie sich Cocktails vor, umgeben von atemberaubenden Panoramen und Sonnenunterg\u00e4ngen, die den Himmel in warmen Farben f\u00e4rben, w\u00e4hrend sich die Berge am Horizont abzeichnen. Begleiten Sie uns auf ein Abenteuer, das den nat\u00fcrlichen Charme der thail\u00e4ndischen Halbinsel mit einzigartigen Erlebnissen verbindet, die nur wir bieten k\u00f6nnen.<\/p>\n<p>Im Rotationsverfahren lernen die Teilnehmer die verschiedenen Rollen: Boots-\/Besatzungsf\u00fchrung und -management, Schichten und Wachen, Ruder, Segeltrimm.  Nach dem Anlegen findet ein De-Briefing statt und die Umgebung wird erkundet. W\u00e4hrend des Segelns k\u00f6nnen die Teilnehmer das Meer genie\u00dfen, sich an atemberaubenden Ankerpl\u00e4tzen erfreuen und haben auch Zeit, die verschiedenen D\u00f6rfer und Restaurants in der Umgebung zu erkunden.<\/p>\n<p><b>Man\u00f6vrieren des Bootes:<\/b><\/p>\n<ul>\n<li style=\"font-weight: 400;\" aria-level=\"1\"><span style=\"font-weight: 400;\">Scharfmachen und Entwaffnen von Segeln<\/span><\/li>\n<li style=\"font-weight: 400;\" aria-level=\"1\"><span style=\"font-weight: 400;\">Den Wind und die Gangart kennen<\/span><\/li>\n<li style=\"font-weight: 400;\" aria-level=\"1\"><span style=\"font-weight: 400;\">Bug- und Heckdrehungen<\/span><\/li>\n<li style=\"font-weight: 400;\" aria-level=\"1\"><span style=\"font-weight: 400;\">Verminderung der Verschleierung<\/span><\/li>\n<li style=\"font-weight: 400;\" aria-level=\"1\"><span style=\"font-weight: 400;\">Haubenman\u00f6ver<\/span><\/li>\n<li style=\"font-weight: 400;\" aria-level=\"1\"><span style=\"font-weight: 400;\">Schwerter und Anker<\/span><\/li>\n<li style=\"font-weight: 400;\" aria-level=\"1\"><span style=\"font-weight: 400;\">Motorisierte Man\u00f6ver<\/span><\/li>\n<li style=\"font-weight: 400;\" aria-level=\"1\"><span style=\"font-weight: 400;\">Man\u00f6ver in begrenzten Gew\u00e4ssern<\/span><\/li>\n<li style=\"font-weight: 400;\" aria-level=\"1\"><span style=\"font-weight: 400;\">Tender verwenden<\/span><\/li>\n<\/ul>\n<p>&nbsp;<\/p>\n<p><b>Navigationskenntnisse:<\/b><\/p>\n<ul>\n<li style=\"font-weight: 400;\" aria-level=\"1\"><span style=\"font-weight: 400;\">Wetteranalysen und synoptische Karten und deren<\/span> <span style=\"font-weight: 400;\">Auslegung<\/span><\/li>\n<li style=\"font-weight: 400;\" aria-level=\"1\"><span style=\"font-weight: 400;\">COLREG<\/span><\/li>\n<li style=\"font-weight: 400;\" aria-level=\"1\"><span style=\"font-weight: 400;\">Analyse und erste Ann\u00e4herung an die bordeigenen Instrumente und deren Einsatz<\/span><\/li>\n<li style=\"font-weight: 400;\" aria-level=\"1\"><span style=\"font-weight: 400;\">Analyse des Motorger\u00e4ts und Erkennung von Anfangsanomalien<\/span><\/li>\n<li style=\"font-weight: 400;\" aria-level=\"1\"><span style=\"font-weight: 400;\">Knotenpunkte<\/span><\/li>\n<li style=\"font-weight: 400;\" aria-level=\"1\"><span style=\"font-weight: 400;\">Nomenklatur<\/span><\/li>\n<\/ul>\n<p>&nbsp;<\/p>\n<p><b>Sicherheit:<\/b><\/p>\n<ul>\n<li style=\"font-weight: 400;\" aria-level=\"1\"><span style=\"font-weight: 400;\">Bergung eines Mannes \u00fcber Bord<\/span><\/li>\n<li style=\"font-weight: 400;\" aria-level=\"1\"><span style=\"font-weight: 400;\">Notruf<\/span><\/li>\n<li style=\"font-weight: 400;\" aria-level=\"1\"><span style=\"font-weight: 400;\">Schutzma\u00dfnahmen f\u00fcr die Besatzung<\/span><\/li>\n<li style=\"font-weight: 400;\" aria-level=\"1\"><span style=\"font-weight: 400;\">Verwaltung<\/span> <span style=\"font-weight: 400;\">von<\/span> <span style=\"font-weight: 400;\">Stress und Besatzung<\/span><\/li>\n<li style=\"font-weight: 400;\" aria-level=\"1\"><span style=\"font-weight: 400;\">Lebensmittel und Komb\u00fcse<\/span><\/li>\n<li style=\"font-weight: 400;\" aria-level=\"1\"><span style=\"font-weight: 400;\">Logbuch<\/span><\/li>\n<\/ul>","protected":false},"excerpt":{"rendered":"<h2>Ausr\u00fcstung<\/h2>\n<ul>\n<li>Bettw\u00e4sche oder ein Schlafsack<\/li>\n<li>Voller Mackintosh<\/li>\n<li>Unentbehrliche Arzneimittel<\/li>\n<li>Handt\u00fccher<\/li>\n<li>Bootsschuhe<\/li>\n<li>Bootshandschuhe<\/li>\n<li>Frontleuchte<\/li>\n<\/ul>\n<p>Vor jeder Reise wird eine detaillierte Ausr\u00fcstungsliste per E-Mail und \u00fcber eine spezielle WhatsApp-Gruppe verschickt, um sicherzustellen, dass die Teilnehmer angemessen vorbereitet sind. Lesen Sie die\u00a0 <a href=\"https:\/\/seayougroup.com\/de\/faq\/\">FAQ<\/a> f\u00fcr die Abmessungen des Gep\u00e4cks.<\/p>\n<p>&nbsp;<\/p>\n<h2>Erforderliche Voraussetzungen<\/h2>\n<p>Keine Voraussetzungen erforderlich.<\/p>\n<p>&nbsp;<\/p>\n<h2>Wetterlage<\/h2>\n<p>Das Programm kann je nach Wetterbedingungen ge\u00e4ndert werden.<\/p>\n<p>&nbsp;<\/p>\n<h2>Flug<\/h2>\n<p><span style=\"font-weight: 400;\">T<\/span><span style=\"font-weight: 400;\">Ich erinnere Sie daran, dass die SeaYou-Reisen keine Hin- und R\u00fcckfl\u00fcge ab Italien beinhalten, so dass die Teilnehmer ihre Fluggesellschaft, den Abflughafen und eventuelle Zwischenlandungen selbst w\u00e4hlen k\u00f6nnen. <\/span><a href=\"https:\/\/www.skyscanner.it\/\" target=\"_blank\" rel=\"noopener\"><span style=\"font-weight: 400;\">Suchen Sie Ihren Flug<\/span><\/a><\/p>","protected":false},"featured_media":11660,"comment_status":"open","ping_status":"closed","template":"","meta":{"_acf_changed":false,"_joinchat":[]},"product_brand":[],"product_cat":[28],"product_tag":[112],"class_list":{"0":"post-9791","1":"product","2":"type-product","3":"status-publish","4":"has-post-thumbnail","6":"brw_tour_types-tutte-le-attivita","7":"brw_brw_tour_difficulty-day-skipper","8":"product_cat-esperienze","9":"product_tag-sold-out","11":"first","12":"outofstock","13":"sale","14":"taxable","15":"shipping-taxable","16":"purchasable","17":"product-type-ovabrw_car_rental"},"acf":[],"aioseo_notices":[],"_links":{"self":[{"href":"https:\/\/seayougroup.com\/de\/wp-json\/wp\/v2\/product\/9791","targetHints":{"allow":["GET"]}}],"collection":[{"href":"https:\/\/seayougroup.com\/de\/wp-json\/wp\/v2\/product"}],"about":[{"href":"https:\/\/seayougroup.com\/de\/wp-json\/wp\/v2\/types\/product"}],"replies":[{"embeddable":true,"href":"https:\/\/seayougroup.com\/de\/wp-json\/wp\/v2\/comments?post=9791"}],"wp:featuredmedia":[{"embeddable":true,"href":"https:\/\/seayougroup.com\/de\/wp-json\/wp\/v2\/media\/11660"}],"wp:attachment":[{"href":"https:\/\/seayougroup.com\/de\/wp-json\/wp\/v2\/media?parent=9791"}],"wp:term":[{"taxonomy":"product_brand","embeddable":true,"href":"https:\/\/seayougroup.com\/de\/wp-json\/wp\/v2\/product_brand?post=9791"},{"taxonomy":"product_cat","embeddable":true,"href":"https:\/\/seayougroup.com\/de\/wp-json\/wp\/v2\/product_cat?post=9791"},{"taxonomy":"product_tag","embeddable":true,"href":"https:\/\/seayougroup.com\/de\/wp-json\/wp\/v2\/product_tag?post=9791"}],"curies":[{"name":"wp","href":"https:\/\/api.w.org\/{rel}","templated":true}]}}