{"id":9372,"date":"2022-07-14T09:54:56","date_gmt":"2022-07-14T09:54:56","guid":{"rendered":"https:\/\/seayougroup.com\/?page_id=12"},"modified":"2025-03-28T12:17:16","modified_gmt":"2025-03-28T10:17:16","slug":"termini-e-condizioni","status":"publish","type":"page","link":"https:\/\/seayougroup.com\/es\/termini-e-condizioni\/","title":{"rendered":"Condiciones generales"},"content":{"rendered":"<h1 class=\"wp-block-heading\"><strong>Condiciones de las experiencias SeaYouGroup<\/strong><\/h1>\n\n\n\n<h2 class=\"wp-block-heading\">Condiciones generales<\/h2>\n\n\n\n<p><strong>1 - El precio incluye<\/strong><\/p>\n\n\n\n<ul class=\"wp-block-list\">\n<li>Seguro de enfermedad. <strong><a href=\"https:\/\/seayougroup.com\/es\/assicurazione-sanitaria\/\" title=\"\">Seguir leyendo<\/a>.<\/strong><\/li>\n\n\n\n<li>Camiseta personalizada<\/li>\n\n\n\n<li>Certificado de participaci\u00f3n<\/li>\n\n\n\n<li>Cuaderno de ejercicios y bol\u00edgrafo<\/li>\n\n\n\n<li>Patr\u00f3n<\/li>\n\n\n\n<li>Cama (los participantes deber\u00e1n reservar alojamiento fuera del barco por su cuenta si desean llegar a su destino antes o despu\u00e9s del periodo de la experiencia adquirida).<\/li>\n\n\n\n<li>Vuelo<\/li>\n<\/ul>\n\n\n\n<p><strong>ADVERTENCIA:<\/strong> La cama en la experiencia <strong>EXTREMO <\/strong>est\u00e1 cubierto por SeaYou <strong>s\u00f3lo en la ruta oce\u00e1nica y NO <\/strong>en los d\u00edas de formaci\u00f3n previos a la salida. Por este motivo, tendr\u00e1s que reservar tu propio alojamiento en la ciudad.&nbsp;<\/p>\n\n\n\n<p><strong>2 &#8211; <strong>Lo que no est\u00e1 incluido en el precio<\/strong><\/strong><\/p>\n\n\n\n<ul class=\"wp-block-list\">\n<li>Cocina a bordo (despensa del barco) y comida en tierra (aprox. 30 euros\/d\u00eda)<\/li>\n\n\n\n<li>Combustible (aprox. 25 euros por persona)<\/li>\n\n\n\n<li>Tasas del puerto deportivo (aprox. 25 euros por persona)<\/li>\n\n\n\n<li>transporte desde\/hasta el aeropuerto (puede organizarse con coste adicional)<\/li>\n\n\n\n<li>Cualquier otro elemento no especificado en los costes incluidos<\/li>\n<\/ul>\n\n\n\n<p><strong>3 - Pago<\/strong><\/p>\n\n\n\n<p>El pago debe efectuarse seg\u00fan los m\u00e9todos establecidos: transferencia bancaria o tarjeta de cr\u00e9dito en l\u00ednea.<\/p>\n\n\n\n<p><strong>4 &#8211; <strong>Renunciar a la experiencia o a las vacaciones<\/strong><\/strong><\/p>\n\n\n\n<ul class=\"wp-block-list\">\n<li>El participante podr\u00e1 renunciar a la experiencia y recibir un reembolso igual al<strong>80%<\/strong>&nbsp;si la renuncia tiene lugar dentro de&nbsp;<strong>60 d\u00edas<\/strong>&nbsp;antes de la salida, o al&nbsp;<strong>20%<\/strong>&nbsp;si la renuncia tiene lugar dentro de&nbsp;<strong>40 d\u00edas<\/strong>&nbsp;antes de partir.<br><\/li>\n\n\n\n<li>En caso de retirada por motivos de salud o emergencia, el participante&nbsp;<strong>no tendr\u00e1 derecho a reembolso<\/strong>&nbsp;ni podr\u00e1 participar en otra experiencia sin contratar un seguro&nbsp;<strong>SeaYou Retorno Seguro<\/strong>.<\/li>\n<\/ul>\n\n\n\n<p><strong>5 - Seguro de devoluci\u00f3n SeaYou Safe<\/strong><\/p>\n\n\n\n<p>Recomendamos encarecidamente la contrataci\u00f3n de nuestro seguro&nbsp;<strong>SeaYou Retorno Seguro<\/strong>que le permite cancelar su salida incluso el d\u00eda anterior,&nbsp;<strong>s\u00f3lo por razones justificadas<\/strong>. En caso de cancelaci\u00f3n: Se reembolsar\u00e1n hasta 90% del coste de la experiencia\/vacaciones, siempre que el participante ya haya abonado el precio \u00edntegro del paquete.<br>El coste del retorno seguro de Sea You asciende a 7% del coste total de la experiencia.<\/p>\n\n\n\n<ul class=\"wp-block-list\">\n<li>El precio del mar que devuelve puede variar para cada tipo de experiencia.<\/li>\n<\/ul>\n\n\n\n<p><strong>6 &#8211; <strong>Cancelaci\u00f3n por SeaYou<\/strong><\/strong><\/p>\n\n\n\n<ul class=\"wp-block-list\">\n<li>Si la experiencia se cancela por razones ajenas al participante, SeaYou se compromete a reservar una plaza para el cliente en otra sesi\u00f3n en una fecha posterior.<\/li>\n<\/ul>\n\n\n\n<ul class=\"wp-block-list\">\n<li>En este caso, la empresa&nbsp;<strong>no reembolsar\u00e1<\/strong>&nbsp;gastos ajenos a la experiencia (vuelos, hoteles, etc.).<\/li>\n<\/ul>\n\n\n\n<p><strong>7 &#8211; <strong>Suspensi\u00f3n de la experiencia (curso ya iniciado)<\/strong><\/strong><\/p>\n\n\n\n<p>La suspensi\u00f3n de la experiencia es una decisi\u00f3n exclusiva del&nbsp;<strong>Comandante<\/strong>.<br>Para garantizar los m\u00e1ximos niveles de seguridad, la experiencia puede estar sujeta a cambios en los horarios y d\u00edas de salida y regreso de la navegaci\u00f3n sin escalas.<br>En ese caso, SeaYou&nbsp;<strong>no reembolsar\u00e1<\/strong>&nbsp;cualquier cambio en las fechas de alojamiento o en los vuelos.<br>Si la experiencia se suspende por causas de fuerza mayor (mal tiempo, problemas t\u00e9cnicos, accidentes o falta de condiciones m\u00ednimas de seguridad),&nbsp;<strong>no se reembolsar\u00e1 nada<\/strong>&nbsp;al participante, incluidos los costes adicionales de vuelos, alojamiento, etc.<\/p>\n\n\n\n<p><strong>8 &#8211; <strong>Responsabilidades de los participantes y normas de conducta<\/strong><\/strong><\/p>\n\n\n\n<p>El participante es consciente de que la actividad puede ser f\u00edsica y mentalmente exigente.<br>Es obligatorio mantener un comportamiento&nbsp;<strong>no amenazante y cooperativo<\/strong>respetar los procedimientos y \u00f3rdenes del Comandante, especialmente en el \u00e1mbito de la seguridad.<br><span id=\"docs-internal-guid-64b3482c-7fff-34a2-fb36-4ad7e2753dd8\"><\/span><\/p>\n\n\n\n<p><strong>9 - Da\u00f1os<\/strong><\/p>\n\n\n\n<ul class=\"wp-block-list\">\n<li>El participante&nbsp;<strong>no es responsable<\/strong>&nbsp;por cualquier da\u00f1o ocasionado a la embarcaci\u00f3n durante la experiencia, salvo que haya sido causado intencionadamente.<\/li>\n\n\n\n<li>SeaYou&nbsp;<strong>no es responsable<\/strong>&nbsp;por da\u00f1os a bienes personales (por ejemplo, rotura de smartphones, p\u00e9rdida de objetos en el mar, etc.).<\/li>\n<\/ul>\n\n\n\n<p><strong>10 - Asistencia<\/strong><\/p>\n\n\n\n<p>Si desea m\u00e1s informaci\u00f3n no especificada en este documento, p\u00f3ngase en contacto con nosotros por correo electr\u00f3nico:&nbsp;<a href=\"mailto:info@seayougroup.com\"><strong>info@seayougroup.com<\/strong><\/a>.<\/p>\n\n\n\n<p><strong>Notas finales<\/strong><\/p>\n\n\n\n<p>Estas Condiciones Generales est\u00e1n sujetas a cambios. Cualquier actualizaci\u00f3n se comunicar\u00e1 con prontitud.<br>Se recomienda leer atentamente todas las cl\u00e1usulas antes de proceder a la reserva.<\/p>","protected":false},"excerpt":{"rendered":"<p>T\u00e9rminos y condiciones de las experiencias SeaYouGroup T\u00e9rminos y condiciones generales 1 - El precio incluye ADVERTENCIA: El alojamiento para dormir en las experiencias EXTREME s\u00f3lo est\u00e1 cubierto por SeaYou en la etapa oce\u00e1nica y NO en los d\u00edas de entrenamiento previos a la salida. Por esta raz\u00f3n tendr\u00e1s que hacer tu propia reserva de alojamiento en la ciudad.  2 - Lo que no est\u00e1 incluido en el [...].<\/p>","protected":false},"author":1,"featured_media":0,"parent":0,"menu_order":0,"comment_status":"closed","ping_status":"closed","template":"","meta":{"_acf_changed":false,"_joinchat":[],"footnotes":""},"class_list":["post-9372","page","type-page","status-publish","hentry"],"acf":[],"aioseo_notices":[],"_links":{"self":[{"href":"https:\/\/seayougroup.com\/es\/wp-json\/wp\/v2\/pages\/9372","targetHints":{"allow":["GET"]}}],"collection":[{"href":"https:\/\/seayougroup.com\/es\/wp-json\/wp\/v2\/pages"}],"about":[{"href":"https:\/\/seayougroup.com\/es\/wp-json\/wp\/v2\/types\/page"}],"author":[{"embeddable":true,"href":"https:\/\/seayougroup.com\/es\/wp-json\/wp\/v2\/users\/1"}],"replies":[{"embeddable":true,"href":"https:\/\/seayougroup.com\/es\/wp-json\/wp\/v2\/comments?post=9372"}],"version-history":[{"count":15,"href":"https:\/\/seayougroup.com\/es\/wp-json\/wp\/v2\/pages\/9372\/revisions"}],"predecessor-version":[{"id":12230,"href":"https:\/\/seayougroup.com\/es\/wp-json\/wp\/v2\/pages\/9372\/revisions\/12230"}],"wp:attachment":[{"href":"https:\/\/seayougroup.com\/es\/wp-json\/wp\/v2\/media?parent=9372"}],"curies":[{"name":"wp","href":"https:\/\/api.w.org\/{rel}","templated":true}]}}