{"id":10341,"date":"2024-06-24T13:42:06","date_gmt":"2024-06-24T13:42:06","guid":{"rendered":"https:\/\/seayougroup.com\/?post_type=product&#038;p=10341"},"modified":"2025-09-26T15:53:10","modified_gmt":"2025-09-26T13:53:10","slug":"grecia-dodecaneso-la-scoperta-del-mar-egeo","status":"publish","type":"product","link":"https:\/\/seayougroup.com\/es\/esperienza\/grecia-dodecaneso-la-scoperta-del-mar-egeo\/","title":{"rendered":"Grecia Dodecaneso: Descubrir el mar Egeo"},"content":{"rendered":"<h2><b>\u00a0\u00a1Una experiencia de ensue\u00f1o con un toque de aventura!<\/b><\/h2>\n<p>Sum\u00e9rjase en la belleza intemporal del mar Egeo con nuestra exclusiva exploraci\u00f3n del Dodecaneso, un archipi\u00e9lago de islas encantadoras que se asoman a aguas cristalinas y ofrecen vistas impresionantes. Descubra pueblos pintorescos, con casas tradicionales asomadas al mar, que parecen salidos directamente de las p\u00e1ginas de un cuento de hadas. Al anochecer, la magia de las calas iluminadas por la luna crea paisajes de ensue\u00f1o, con pueblos que se reflejan en las tranquilas aguas.<\/p>\n<p>El Dodecaneso es tambi\u00e9n un para\u00edso para los aficionados a la vela, con magn\u00edficas ensenadas y vientos ideales que ofrecen el lugar perfecto para poner a prueba sus habilidades y consolidar los fundamentos de la navegaci\u00f3n. Navegue entre islas v\u00edrgenes y calas secretas, experimentando la pura libertad del mar en compa\u00f1\u00eda de nuevos amigos. \u00danase a nosotros en una aventura que combina cultura, belleza paisaj\u00edstica, gastronom\u00eda y navegaci\u00f3n, y descubra uno de los lugares m\u00e1s fascinantes del Mediterr\u00e1neo, donde cada d\u00eda es un nuevo descubrimiento y cada momento un regalo del mar.<\/p>\n<p><b>Pero la cosa no acaba ah\u00ed.<\/b><\/p>\n<p><span style=\"font-weight: 400;\">Durante el viaje, tambi\u00e9n podr\u00e1 descubrir el arte de navegar de una forma ligera y divertida. No es necesaria experiencia previa: no se trata de unas simples vacaciones, sino de un viaje que le permitir\u00e1 aprender algo nuevo sin renunciar al placer. Cada d\u00eda ser\u00e1 un equilibrio entre aventura y relajaci\u00f3n, con momentos de navegaci\u00f3n, exploraci\u00f3n e inmersi\u00f3n en la cultura local.<\/span><\/p>\n<h3><b>Descubra el puesto que le conviene<\/b><\/h3>\n<p><span style=\"font-weight: 400;\">A bordo, tendr\u00e1 la oportunidad de participar en el manejo del barco de forma rotativa, pero siempre en un ambiente informal y agradable. Podr\u00e1 probar a llevar el tim\u00f3n, ajustar las velas y tal vez descubrir c\u00f3mo se lleva la vida a bordo. Despu\u00e9s de cada jornada en el mar, habr\u00e1 tiempo para una charla distendida y, por qu\u00e9 no, un paseo por los pueblos cercanos o una cena en un restaurante t\u00edpico.<\/span><\/p>\n<h3><b>Para los amantes del mar, \u00a1sin olvidar la aventura!<\/b><\/h3>\n<p><span style=\"font-weight: 400;\">Aprenda los fundamentos de la navegaci\u00f3n de forma natural, sin estr\u00e9s, y descubra c\u00f3mo:<\/span><\/p>\n<ul>\n<li style=\"font-weight: 400;\" aria-level=\"1\"><span style=\"font-weight: 400;\">Ajustar las velas y comprender los secretos del viento.<\/span><\/li>\n<li style=\"font-weight: 400;\" aria-level=\"1\"><span style=\"font-weight: 400;\">Atraque en bah\u00edas impresionantes y utilice el bote auxiliar para llegar a la orilla.<\/span><\/li>\n<li style=\"font-weight: 400;\" aria-level=\"1\"><span style=\"font-weight: 400;\">Navega con seguridad y aprende los trucos de la vida a bordo.<\/span><\/li>\n<\/ul>\n<p><span style=\"font-weight: 400;\">Y todo ello con la vista puesta en la seguridad y el descubrimiento: desde la recuperaci\u00f3n de un hombre al agua (\u00a1que esperamos que nunca necesites!) hasta la gesti\u00f3n del estr\u00e9s de una tripulaci\u00f3n. Formar\u00e1s parte de una experiencia completa que te har\u00e1 sentir como un aut\u00e9ntico marinero... \u00a1o simplemente como alguien que ha decidido vivir el mar al m\u00e1ximo!<\/span><\/p>\n<h3><b>M\u00e1s que unas vacaciones: una aventura con SeaYou<\/b><\/h3>\n<p><span style=\"font-weight: 400;\">No importa si elige aprender todos los detalles t\u00e9cnicos o si prefiere disfrutar de las puestas de sol: Dodecanese Explore le espera para regalarle momentos \u00fanicos, donde el mar no es s\u00f3lo un tel\u00f3n de fondo, sino el aut\u00e9ntico protagonista.<\/span><\/p>","protected":false},"excerpt":{"rendered":"<h2>Equipamiento<\/h2>\n<ul>\n<li>Ropa de cama o saco de dormir<\/li>\n<li>Full mackintosh<\/li>\n<li>Medicamentos esenciales<\/li>\n<li>Toallas<\/li>\n<li>Zapatos n\u00e1uticos<\/li>\n<li>Guantes de barco<\/li>\n<li>Luz delantera<\/li>\n<\/ul>\n<p>Antes de cada viaje, se enviar\u00e1 una lista detallada del equipo por correo electr\u00f3nico y a trav\u00e9s de un grupo de WhatsApp espec\u00edfico para garantizar que los participantes est\u00e9n adecuadamente preparados. Lea la\u00a0 <a href=\"https:\/\/seayougroup.com\/es\/faq\/\">PREGUNTAS FRECUENTES<\/a> para las dimensiones del equipaje.<\/p>\n<p>&nbsp;<\/p>\n<h2>Situaci\u00f3n meteorol\u00f3gica<\/h2>\n<p>El programa puede estar sujeto a cambios en funci\u00f3n de las condiciones meteorol\u00f3gicas.<\/p>\n<p>&nbsp;<\/p>\n<h2>Vuelo<\/h2>\n<p><span style=\"font-weight: 400;\">T<\/span><span style=\"font-weight: 400;\">Le recuerdo que los viajes SeaYou no incluyen vuelos de ida y vuelta desde Italia, lo que permite a los participantes elegir su propia compa\u00f1\u00eda a\u00e9rea, aeropuerto de salida y posibles escalas. <\/span><a href=\"https:\/\/www.skyscanner.it\/\" target=\"_blank\" rel=\"noopener\"><span style=\"font-weight: 400;\">Busque su vuelo<\/span><\/a><\/p>","protected":false},"featured_media":11659,"comment_status":"open","ping_status":"closed","template":"","meta":{"_acf_changed":false,"_joinchat":[]},"product_brand":[],"product_cat":[28],"product_tag":[],"class_list":{"0":"post-10341","1":"product","2":"type-product","3":"status-publish","4":"has-post-thumbnail","6":"brw_brw_tour_difficulty-day-skipper","7":"product_cat-esperienze","9":"first","10":"outofstock","11":"sale","12":"taxable","13":"shipping-taxable","14":"purchasable","15":"product-type-ovabrw_car_rental"},"acf":[],"aioseo_notices":[],"_links":{"self":[{"href":"https:\/\/seayougroup.com\/es\/wp-json\/wp\/v2\/product\/10341","targetHints":{"allow":["GET"]}}],"collection":[{"href":"https:\/\/seayougroup.com\/es\/wp-json\/wp\/v2\/product"}],"about":[{"href":"https:\/\/seayougroup.com\/es\/wp-json\/wp\/v2\/types\/product"}],"replies":[{"embeddable":true,"href":"https:\/\/seayougroup.com\/es\/wp-json\/wp\/v2\/comments?post=10341"}],"wp:featuredmedia":[{"embeddable":true,"href":"https:\/\/seayougroup.com\/es\/wp-json\/wp\/v2\/media\/11659"}],"wp:attachment":[{"href":"https:\/\/seayougroup.com\/es\/wp-json\/wp\/v2\/media?parent=10341"}],"wp:term":[{"taxonomy":"product_brand","embeddable":true,"href":"https:\/\/seayougroup.com\/es\/wp-json\/wp\/v2\/product_brand?post=10341"},{"taxonomy":"product_cat","embeddable":true,"href":"https:\/\/seayougroup.com\/es\/wp-json\/wp\/v2\/product_cat?post=10341"},{"taxonomy":"product_tag","embeddable":true,"href":"https:\/\/seayougroup.com\/es\/wp-json\/wp\/v2\/product_tag?post=10341"}],"curies":[{"name":"wp","href":"https:\/\/api.w.org\/{rel}","templated":true}]}}