{"id":10741,"date":"2024-08-02T08:28:45","date_gmt":"2024-08-02T08:28:45","guid":{"rendered":"https:\/\/seayougroup.com\/?post_type=product&#038;p=10741"},"modified":"2025-09-11T14:59:26","modified_gmt":"2025-09-11T12:59:26","slug":"portogallo-training-lisbona-e-oceano-atlantico-a-360","status":"publish","type":"product","link":"https:\/\/seayougroup.com\/es\/esperienza\/portogallo-training-lisbona-e-oceano-atlantico-a-360\/","title":{"rendered":"Portugal Training: Lisboa y el Oc\u00e9ano Atl\u00e1ntico en 360\u00b0."},"content":{"rendered":"<h2>\u00bfQu\u00e9 vas a hacer?<\/h2>\n<p>Un curso completo de navegaci\u00f3n oce\u00e1nica, dividido en dos fases: la primera fase consiste en clases te\u00f3ricas y salidas diarias al mar, el objetivo es conocer el barco y aprender a prevenir y reaccionar en las principales emergencias: hombre al agua, abordaje y navegaci\u00f3n con mal tiempo. La segunda fase es una larga navegaci\u00f3n sin escalas en el oc\u00e9ano: los alumnos trabajar\u00e1n 24 horas al d\u00eda divididos en dos equipos de dos\/tres personas, alternando 3 horas de descanso y 3 horas de trabajo, durante el curso aprender\u00e1s m\u00e9todos profesionales para navegar r\u00e1pido y seguro.<\/p>\n<p><b>Maniobrar el barco:<\/b><\/p>\n<ul>\n<li>Tripulaci\u00f3n reducida y maniobras en solitario<\/li>\n<li>Ajuste de velas y spinnaker<\/li>\n<li>Navegaci\u00f3n nocturna y con mal tiempo<\/li>\n<\/ul>\n<p>&nbsp;<\/p>\n<p><b>Habilidades de navegaci\u00f3n:<\/b><\/p>\n<ul>\n<li>Gesti\u00f3n de rutas en funci\u00f3n de las condiciones meteorol\u00f3gicas<\/li>\n<li>Utilizaci\u00f3n de sistemas inform\u00e1ticos para actividades de seguridad y encaminamiento<\/li>\n<li>Uso de sistemas MOB, EPIRB, PLB y AIS<\/li>\n<li>Gesti\u00f3n del sue\u00f1o y del estr\u00e9s<\/li>\n<\/ul>\n<p>&nbsp;<\/p>\n<p><b>Seguridad:<\/b><\/p>\n<ul>\n<li style=\"font-weight: 400;\" aria-level=\"1\"><span style=\"font-weight: 400;\">Llamada de emergencia<\/span><\/li>\n<li style=\"font-weight: 400;\" aria-level=\"1\"><span style=\"font-weight: 400;\">Procedimientos de seguridad<\/span><\/li>\n<li style=\"font-weight: 400;\" aria-level=\"1\"><span style=\"font-weight: 400;\">Gesti\u00f3n<\/span> <span style=\"font-weight: 400;\">de<\/span> <span style=\"font-weight: 400;\">estr\u00e9s y sue\u00f1o<\/span><\/li>\n<li style=\"font-weight: 400;\" aria-level=\"1\"><span style=\"font-weight: 400;\">Alimentaci\u00f3n y cocina<\/span><\/li>\n<li style=\"font-weight: 400;\" aria-level=\"1\">Bit\u00e1cora<\/li>\n<\/ul>","protected":false},"excerpt":{"rendered":"<h2>Equipamiento<\/h2>\n<ul>\n<li>Ropa de cama o saco de dormir<\/li>\n<li>Full mackintosh<\/li>\n<li>Medicamentos esenciales<\/li>\n<li>Toallas<\/li>\n<li>Zapatos n\u00e1uticos<\/li>\n<li>Guantes de barco<\/li>\n<li>Luz delantera<\/li>\n<\/ul>\n<p>Antes de cada viaje, se enviar\u00e1 una lista detallada del equipo por correo electr\u00f3nico y a trav\u00e9s de un grupo de WhatsApp espec\u00edfico para garantizar que los participantes est\u00e9n adecuadamente preparados. Lea la\u00a0 <a href=\"https:\/\/seayougroup.com\/es\/faq\/\">PREGUNTAS FRECUENTES<\/a> para las dimensiones del equipaje.<\/p>\n<h2>Requisitos previos<\/h2>\n<p>Nociones b\u00e1sicas de n\u00e1utica y navegaci\u00f3n, nomenclatura, saber hacer giros y reducciones de marcha.<\/p>\n<p>&nbsp;<\/p>\n<h2>Situaci\u00f3n meteorol\u00f3gica<\/h2>\n<p>El programa puede estar sujeto a cambios en funci\u00f3n de las condiciones meteorol\u00f3gicas.<\/p>\n<p>&nbsp;<\/p>\n<h2>Vuelo<\/h2>\n<p><span style=\"font-weight: 400;\">T<\/span><span style=\"font-weight: 400;\">Le recuerdo que los viajes SeaYou no incluyen vuelos de ida y vuelta desde Italia, lo que permite a los participantes elegir su propia compa\u00f1\u00eda a\u00e9rea, aeropuerto de salida y posibles escalas. <\/span><a href=\"https:\/\/www.skyscanner.it\/\" target=\"_blank\" rel=\"noopener\"><span style=\"font-weight: 400;\">Busque su vuelo<\/span><\/a><\/p>","protected":false},"featured_media":10744,"comment_status":"open","ping_status":"closed","template":"","meta":{"_acf_changed":false,"_joinchat":[]},"product_brand":[],"product_cat":[28,15],"product_tag":[],"class_list":{"0":"post-10741","1":"product","2":"type-product","3":"status-publish","4":"has-post-thumbnail","6":"brw_brw_tour_difficulty-ocean-experience","7":"product_cat-esperienze","8":"product_cat-uncategorized","10":"first","11":"instock","12":"sale","13":"taxable","14":"shipping-taxable","15":"purchasable","16":"product-type-ovabrw_car_rental"},"acf":[],"aioseo_notices":[],"_links":{"self":[{"href":"https:\/\/seayougroup.com\/es\/wp-json\/wp\/v2\/product\/10741","targetHints":{"allow":["GET"]}}],"collection":[{"href":"https:\/\/seayougroup.com\/es\/wp-json\/wp\/v2\/product"}],"about":[{"href":"https:\/\/seayougroup.com\/es\/wp-json\/wp\/v2\/types\/product"}],"replies":[{"embeddable":true,"href":"https:\/\/seayougroup.com\/es\/wp-json\/wp\/v2\/comments?post=10741"}],"wp:featuredmedia":[{"embeddable":true,"href":"https:\/\/seayougroup.com\/es\/wp-json\/wp\/v2\/media\/10744"}],"wp:attachment":[{"href":"https:\/\/seayougroup.com\/es\/wp-json\/wp\/v2\/media?parent=10741"}],"wp:term":[{"taxonomy":"product_brand","embeddable":true,"href":"https:\/\/seayougroup.com\/es\/wp-json\/wp\/v2\/product_brand?post=10741"},{"taxonomy":"product_cat","embeddable":true,"href":"https:\/\/seayougroup.com\/es\/wp-json\/wp\/v2\/product_cat?post=10741"},{"taxonomy":"product_tag","embeddable":true,"href":"https:\/\/seayougroup.com\/es\/wp-json\/wp\/v2\/product_tag?post=10741"}],"curies":[{"name":"wp","href":"https:\/\/api.w.org\/{rel}","templated":true}]}}