{"id":10746,"date":"2024-08-07T09:48:33","date_gmt":"2024-08-07T09:48:33","guid":{"rendered":"https:\/\/seayougroup.com\/?post_type=product&#038;p=10746"},"modified":"2025-09-26T15:52:26","modified_gmt":"2025-09-26T13:52:26","slug":"isole-eolie-trekking-vulcanico","status":"publish","type":"product","link":"https:\/\/seayougroup.com\/es\/esperienza\/isole-eolie-trekking-vulcanico\/","title":{"rendered":"Islas Eolias: Senderismo volc\u00e1nico"},"content":{"rendered":"<h1>\u00bfQu\u00e9 vas a hacer?<\/h1>\n<p>Descubra el para\u00edso de las Islas Eolias, el \"Hawai de Europa\", con una aventura que combina mar, gastronom\u00eda y la alegr\u00eda de nuevas amistades. Imagine navegar entre calas escondidas y encantadoras, donde cada almuerzo es un fest\u00edn con vistas a aguas cristalinas y cada aperitivo es una experiencia memorable, rodeado de panoramas de ensue\u00f1o. Durante nuestros d\u00edas, le esperar\u00e1n interminables ba\u00f1os en aguas turquesas y brisas azotadas por el viento mientras navega hacia rincones \u00fanicos inaccesibles por tierra.<\/p>\n<p>Cuando se pone el sol, desembarcamos para sumergirnos en los envolventes aromas de las Islas Eolias y disfrutar de platos t\u00edpicos que narran la historia y las tradiciones locales. La cocina eolia, con sus sabores aut\u00e9nticos y frescos, enriquecer\u00e1 cada velada mientras dormimos con vistas a espectaculares acantilados y nos dejamos hechizar por las impresionantes puestas de sol.<\/p>\n<p>Conocer las Islas Eolias con Sea You significa vivir una experiencia aut\u00e9ntica: hacer nuevos amigos, explorar la belleza natural de estas islas m\u00e1gicas y descubrir un mundo de maravillas. Comparta momentos inolvidables con nosotros y d\u00e9jese cautivar por el encanto del mar y la cultura eolia. \u00danase a nosotros y viva la aventura de sus sue\u00f1os en las Islas Eolias, donde cada d\u00eda es una celebraci\u00f3n de la vida y la amistad.<\/p>","protected":false},"excerpt":{"rendered":"<h2>Equipamiento<\/h2>\n<ul>\n<li>Full mackintosh<\/li>\n<li>Medicamentos esenciales<\/li>\n<li>Toalla de ba\u00f1o<\/li>\n<li>Higiene personal: jab\u00f3n, cepillo de dientes, etc.<\/li>\n<li>Luz delantera<\/li>\n<li>Toalla de playa<\/li>\n<li>Crema solar, sombrero<\/li>\n<li>Ropa de verano, ba\u00f1adores y equipo de senderismo<\/li>\n<\/ul>\n<p>Antes de cada viaje, se enviar\u00e1 una lista detallada del equipo por correo electr\u00f3nico y a trav\u00e9s de un grupo de WhatsApp espec\u00edfico para garantizar que los participantes est\u00e9n adecuadamente preparados. Lea la\u00a0 <a href=\"https:\/\/seayougroup.com\/es\/faq\/\">PREGUNTAS FRECUENTES<\/a> para las dimensiones del equipaje.<\/p>\n<p>&nbsp;<\/p>\n<h2>Situaci\u00f3n meteorol\u00f3gica<\/h2>\n<p>El programa puede estar sujeto a cambios en funci\u00f3n de las condiciones meteorol\u00f3gicas.<\/p>\n<p>&nbsp;<\/p>\n<h2>Vuelo<\/h2>\n<p><span style=\"font-weight: 400;\">T<\/span><span style=\"font-weight: 400;\">Le recuerdo que los viajes SeaYou no incluyen vuelos de ida y vuelta, lo que permite a los participantes elegir su propia compa\u00f1\u00eda a\u00e9rea, aeropuerto de salida y posibles escalas. <\/span><a href=\"https:\/\/www.skyscanner.it\/\" target=\"_blank\" rel=\"noopener\"><span style=\"font-weight: 400;\">Busque su vuelo<\/span><\/a><\/p>","protected":false},"featured_media":12164,"comment_status":"open","ping_status":"closed","template":"","meta":{"_acf_changed":false,"_joinchat":[]},"product_brand":[],"product_cat":[121],"product_tag":[],"class_list":{"0":"post-10746","1":"product","2":"type-product","3":"status-publish","4":"has-post-thumbnail","6":"brw_brw_brw_brw_type_adventure-hike-and-sail","7":"product_cat-adventure","9":"first","10":"instock","11":"sale","12":"taxable","13":"shipping-taxable","14":"purchasable","15":"product-type-ovabrw_car_rental"},"acf":[],"aioseo_notices":[],"_links":{"self":[{"href":"https:\/\/seayougroup.com\/es\/wp-json\/wp\/v2\/product\/10746","targetHints":{"allow":["GET"]}}],"collection":[{"href":"https:\/\/seayougroup.com\/es\/wp-json\/wp\/v2\/product"}],"about":[{"href":"https:\/\/seayougroup.com\/es\/wp-json\/wp\/v2\/types\/product"}],"replies":[{"embeddable":true,"href":"https:\/\/seayougroup.com\/es\/wp-json\/wp\/v2\/comments?post=10746"}],"wp:featuredmedia":[{"embeddable":true,"href":"https:\/\/seayougroup.com\/es\/wp-json\/wp\/v2\/media\/12164"}],"wp:attachment":[{"href":"https:\/\/seayougroup.com\/es\/wp-json\/wp\/v2\/media?parent=10746"}],"wp:term":[{"taxonomy":"product_brand","embeddable":true,"href":"https:\/\/seayougroup.com\/es\/wp-json\/wp\/v2\/product_brand?post=10746"},{"taxonomy":"product_cat","embeddable":true,"href":"https:\/\/seayougroup.com\/es\/wp-json\/wp\/v2\/product_cat?post=10746"},{"taxonomy":"product_tag","embeddable":true,"href":"https:\/\/seayougroup.com\/es\/wp-json\/wp\/v2\/product_tag?post=10746"}],"curies":[{"name":"wp","href":"https:\/\/api.w.org\/{rel}","templated":true}]}}