{"id":11437,"date":"2024-09-19T15:34:34","date_gmt":"2024-09-19T15:34:34","guid":{"rendered":"https:\/\/seayougroup.com\/?post_type=product&#038;p=11437"},"modified":"2025-09-26T15:51:42","modified_gmt":"2025-09-26T13:51:42","slug":"grecia-ionica-veleggia-tra-miti-e-bellezze","status":"publish","type":"product","link":"https:\/\/seayougroup.com\/es\/esperienza\/grecia-ionica-veleggia-tra-miti-e-bellezze\/","title":{"rendered":"Grecia J\u00f3nica: navegar entre mitos y belleza"},"content":{"rendered":"<p><b>\u00a1Una experiencia de ensue\u00f1o con un toque de aventura!<\/b><\/p>\n<p>Prep\u00e1rese para vivir la esencia de la Grecia J\u00f3nica con la excursi\u00f3n \"Ionian Explore\": \u00a1una mezcla perfecta de relax, descubrimiento y una pizca de aventura! Navegar\u00e1 entre hermosas playas y aguas turquesas, con el c\u00e1lido viento acariciando sus velas y el aroma del mar llenando el aire. Imag\u00ednese espectaculares puestas de sol reflej\u00e1ndose en las aguas azules, risas compartidas con nuevos amigos y la libertad de dejarse mecer por las olas.<\/p>\n<p>Durante el viaje, tambi\u00e9n descubrir\u00e1 pintorescos puertos y caracter\u00edsticos restaurantes costeros, donde podr\u00e1 disfrutar de las delicias de la cocina griega, como la moussaka, ensaladas frescas con feta y aceitunas, y pescado reci\u00e9n capturado preparado con hierbas.<\/p>\n<p>Nuestras paradas incluir\u00e1n las hermosas islas de Corf\u00fa, Paxos y Lefkada, cada una con su propio encanto. En Corf\u00fa, podr\u00e1 explorar el casco antiguo, declarado Patrimonio de la Humanidad por la UNESCO, y disfrutar de un caf\u00e9 en una de sus animadas plazas. En Paxos, d\u00e9jese hechizar por las aguas cristalinas y las cuevas marinas, mientras que en Lefkada, descubra playas de ensue\u00f1o como Porto Katsiki.<\/p>\n<p><strong>Pero la cosa no acaba ah\u00ed.<\/strong><\/p>\n<p>Durante el viaje, tambi\u00e9n tendr\u00e1 la oportunidad de aprender el arte de navegar de una forma ligera y divertida. No es necesaria experiencia previa: no se trata de unas simples vacaciones, sino de un viaje que le permitir\u00e1 aprender algo nuevo sin renunciar al placer. Cada d\u00eda ser\u00e1 un equilibrio entre aventura y relajaci\u00f3n, con momentos de navegaci\u00f3n, exploraci\u00f3n e inmersi\u00f3n en la cultura local.<\/p>\n<p>D\u00e9jese cautivar por la belleza natural de la Grecia j\u00f3nica y sus hospitalarias tradiciones.<\/p>\n<h3><b>Descubra el puesto que le conviene<\/b><\/h3>\n<p>A bordo, tendr\u00e1 la oportunidad de participar en el manejo del barco, pero siempre en un ambiente informal y agradable. Podr\u00e1 probar a llevar el tim\u00f3n, ajustar las velas y tal vez descubrir c\u00f3mo se lleva la vida a bordo. Despu\u00e9s de cada jornada en el mar, habr\u00e1 tiempo para una charla distendida y un paseo por los pueblos cercanos o una cena en un restaurante t\u00edpico.<\/p>\n<h3><b>Para los amantes del mar, \u00a1sin olvidar la aventura!<\/b><\/h3>\n<p>Aprenda los fundamentos de la navegaci\u00f3n de forma natural, sin estr\u00e9s, y descubra c\u00f3mo:<\/p>\n<ul>\n<li aria-level=\"1\">Ajustar las velas y comprender los secretos del viento.<\/li>\n<li aria-level=\"1\">Atraque en bah\u00edas impresionantes y utilice el bote auxiliar para llegar a la orilla.<\/li>\n<li aria-level=\"1\">Navega con seguridad y aprende los trucos de la vida a bordo.<\/li>\n<\/ul>\n<p>Y todo ello con la vista puesta en la seguridad y el descubrimiento: desde la recuperaci\u00f3n del hombre al agua hasta la gesti\u00f3n de la tripulaci\u00f3n. Formar\u00e1s parte de una experiencia completa que te har\u00e1 sentir como un aut\u00e9ntico marinero... \u00a1o simplemente como alguien que ha decidido vivir el mar al m\u00e1ximo!<\/p>\n<h3><b>M\u00e1s que unas vacaciones: una aventura con SeaYou<\/b><\/h3>\n<p>No importa si eliges aprender cada detalle t\u00e9cnico o si prefieres disfrutar de las puestas de sol: Ionica Explore te espera para regalarte momentos \u00fanicos, donde el mar no es s\u00f3lo un tel\u00f3n de fondo, sino el verdadero protagonista.<\/p>","protected":false},"excerpt":{"rendered":"<h2>Equipamiento<\/h2>\n<ul>\n<li>Ropa de cama o saco de dormir<\/li>\n<li>Full mackintosh<\/li>\n<li>Medicamentos esenciales<\/li>\n<li>Toallas<\/li>\n<li>Zapatos n\u00e1uticos<\/li>\n<li>Guantes de barco<\/li>\n<li>Luz delantera<\/li>\n<\/ul>\n<p>Antes de cada viaje, se enviar\u00e1 una lista detallada del equipo por correo electr\u00f3nico y a trav\u00e9s de un grupo de WhatsApp espec\u00edfico para garantizar que los participantes est\u00e9n adecuadamente preparados. Lea la\u00a0 <a href=\"https:\/\/seayougroup.com\/es\/faq\/\">PREGUNTAS FRECUENTES<\/a> para las dimensiones del equipaje.<\/p>\n<p>&nbsp;<\/p>\n<h2>Requisitos previos<\/h2>\n<p><span style=\"font-weight: 400;\">Conocimientos de nudos, seguridad b\u00e1sica a bordo, nomenclatura de embarcaciones, posiblemente conocimiento de las principales maniobras y <\/span>de las distintas t\u00e9cnicas de amarre.<\/p>\n<p>&nbsp;<\/p>\n<h2>Situaci\u00f3n meteorol\u00f3gica<\/h2>\n<p>El programa puede estar sujeto a cambios en funci\u00f3n de las condiciones meteorol\u00f3gicas.<\/p>\n<p>&nbsp;<\/p>\n<h2><span style=\"vertical-align: inherit;\"><span style=\"vertical-align: inherit;\">Vuelo<\/span><\/span><\/h2>\n<p><span style=\"font-weight: 400;\">T<\/span><span style=\"font-weight: 400;\">Le recuerdo que los viajes SeaYou no incluyen vuelos de ida y vuelta desde Italia, lo que permite a los participantes elegir su propia compa\u00f1\u00eda a\u00e9rea, aeropuerto de salida y posibles escalas. <\/span><a href=\"https:\/\/www.skyscanner.it\/\" target=\"_blank\" rel=\"noopener\"><span style=\"font-weight: 400;\">Busque su vuelo<\/span><\/a><\/p>","protected":false},"featured_media":11656,"comment_status":"open","ping_status":"closed","template":"","meta":{"_acf_changed":false,"_joinchat":[]},"product_brand":[],"product_cat":[28],"product_tag":[],"class_list":{"0":"post-11437","1":"product","2":"type-product","3":"status-publish","4":"has-post-thumbnail","6":"brw_brw_tour_difficulty-day-skipper","7":"product_cat-esperienze","9":"first","10":"outofstock","11":"sale","12":"taxable","13":"shipping-taxable","14":"purchasable","15":"product-type-ovabrw_car_rental"},"acf":[],"aioseo_notices":[],"_links":{"self":[{"href":"https:\/\/seayougroup.com\/es\/wp-json\/wp\/v2\/product\/11437","targetHints":{"allow":["GET"]}}],"collection":[{"href":"https:\/\/seayougroup.com\/es\/wp-json\/wp\/v2\/product"}],"about":[{"href":"https:\/\/seayougroup.com\/es\/wp-json\/wp\/v2\/types\/product"}],"replies":[{"embeddable":true,"href":"https:\/\/seayougroup.com\/es\/wp-json\/wp\/v2\/comments?post=11437"}],"wp:featuredmedia":[{"embeddable":true,"href":"https:\/\/seayougroup.com\/es\/wp-json\/wp\/v2\/media\/11656"}],"wp:attachment":[{"href":"https:\/\/seayougroup.com\/es\/wp-json\/wp\/v2\/media?parent=11437"}],"wp:term":[{"taxonomy":"product_brand","embeddable":true,"href":"https:\/\/seayougroup.com\/es\/wp-json\/wp\/v2\/product_brand?post=11437"},{"taxonomy":"product_cat","embeddable":true,"href":"https:\/\/seayougroup.com\/es\/wp-json\/wp\/v2\/product_cat?post=11437"},{"taxonomy":"product_tag","embeddable":true,"href":"https:\/\/seayougroup.com\/es\/wp-json\/wp\/v2\/product_tag?post=11437"}],"curies":[{"name":"wp","href":"https:\/\/api.w.org\/{rel}","templated":true}]}}