{"id":12119,"date":"2025-02-14T17:12:36","date_gmt":"2025-02-14T15:12:36","guid":{"rendered":"https:\/\/seayougroup.com\/?post_type=product&#038;p=12119"},"modified":"2025-09-26T15:40:37","modified_gmt":"2025-09-26T13:40:37","slug":"grecia-kalimnos-sail-and-climb-con-guida-alpina-ottobre","status":"publish","type":"product","link":"https:\/\/seayougroup.com\/es\/esperienza\/grecia-kalimnos-sail-and-climb-con-guida-alpina-ottobre\/","title":{"rendered":"Grecia Kalimnos navegar y escalar con gu\u00eda de monta\u00f1a - Octubre"},"content":{"rendered":"<h2><strong>Odisea griega: escalar, navegar, repetir<\/strong><\/h2>\n<p class=\"cvGsUA direction-ltr align-justify para-style-body\"><span class=\"OYPEnA font-feature-liga-off font-feature-clig-off font-feature-calt-off text-decoration-none text-strikethrough-none\">Emb\u00e1rquese en una aventura \u00fanica: escalar y navegar entre las maravillas de <\/span><span class=\"OYPEnA font-feature-liga-off font-feature-clig-off font-feature-calt-off text-decoration-none text-strikethrough-none\">Kalymnos<\/span><span class=\"OYPEnA font-feature-liga-off font-feature-clig-off font-feature-calt-off text-decoration-none text-strikethrough-none\">!<\/span><\/p>\n<p class=\"cvGsUA direction-ltr align-justify para-style-body\"><span class=\"OYPEnA font-feature-liga-off font-feature-clig-off font-feature-calt-off text-decoration-none text-strikethrough-none\">Mar turquesa, acantilados escarpados y el viento hinchando las velas mientras navegamos por la costa de Kalymnos. <\/span><span class=\"OYPEnA font-feature-liga-off font-feature-clig-off font-feature-calt-off text-decoration-none text-strikethrough-none\">VELA Y ESCALADA <\/span><span class=\"OYPEnA font-feature-liga-off font-feature-clig-off font-feature-calt-off text-decoration-none text-strikethrough-none\">es algo m\u00e1s que un viaje: es una experiencia que combina la libertad de la navegaci\u00f3n con la adrenalina de la escalada.<\/span><\/p>\n<p class=\"cvGsUA direction-ltr align-justify para-style-body\"><span class=\"OYPEnA font-feature-liga-off font-feature-clig-off font-feature-calt-off text-decoration-none text-strikethrough-none\">Durante una semana, nuestro hogar ser\u00e1 el <\/span><span class=\"OYPEnA font-feature-liga-off font-feature-clig-off font-feature-calt-off text-decoration-none text-strikethrough-none\">barco<\/span> <span class=\"OYPEnA font-feature-liga-off font-feature-clig-off font-feature-calt-off text-decoration-none text-strikethrough-none\">a<\/span> <span class=\"OYPEnA font-feature-liga-off font-feature-clig-off font-feature-calt-off text-decoration-none text-strikethrough-none\">navegando.<\/span><span class=\"OYPEnA font-feature-liga-off font-feature-clig-off font-feature-calt-off text-decoration-none text-strikethrough-none\"> Costearemos <\/span><span class=\"OYPEnA font-feature-liga-off font-feature-clig-off font-feature-calt-off text-decoration-none text-strikethrough-none\">bah\u00edas<\/span> <span class=\"OYPEnA font-feature-liga-off font-feature-clig-off font-feature-calt-off text-decoration-none text-strikethrough-none\">oculto<\/span><span class=\"OYPEnA font-feature-liga-off font-feature-clig-off font-feature-calt-off text-decoration-none text-strikethrough-none\">atracaremos en <\/span><span class=\"OYPEnA font-feature-liga-off font-feature-clig-off font-feature-calt-off text-decoration-none text-strikethrough-none\">aguas<\/span> <span class=\"OYPEnA font-feature-liga-off font-feature-clig-off font-feature-calt-off text-decoration-none text-strikethrough-none\">cristalino<\/span><span class=\"OYPEnA font-feature-liga-off font-feature-clig-off font-feature-calt-off text-decoration-none text-strikethrough-none\"> y alcanzar las paredes m\u00e1s espectaculares de la isla, acompa\u00f1ados por un capit\u00e1n experimentado y un <\/span><span class=\"OYPEnA font-feature-liga-off font-feature-clig-off font-feature-calt-off text-decoration-none text-strikethrough-none\">Gu\u00eda de monta\u00f1a titulado.<\/span><\/p>\n<p class=\"cvGsUA direction-ltr align-justify para-style-body\"><span class=\"OYPEnA font-feature-liga-off font-feature-clig-off font-feature-calt-off text-decoration-none text-strikethrough-none\">Kalymnos es un para\u00edso para los escaladores, y con nosotros tendr\u00e1 la oportunidad de escalar en <\/span><span class=\"OYPEnA font-feature-liga-off font-feature-clig-off font-feature-calt-off text-decoration-none text-strikethrough-none\">caliza perfecta<\/span><span class=\"OYPEnA font-feature-liga-off font-feature-clig-off font-feature-calt-off text-decoration-none text-strikethrough-none\">entre espectaculares cuevas y rutas con vistas de ensue\u00f1o.<\/span><\/p>\n<p class=\"cvGsUA direction-ltr align-justify para-style-body\"><span class=\"OYPEnA font-feature-liga-off font-feature-clig-off font-feature-calt-off text-decoration-none text-strikethrough-none\">No s\u00f3lo pe\u00f1ascos: tambi\u00e9n probaremos el <\/span><span class=\"OYPEnA font-feature-liga-off font-feature-clig-off font-feature-calt-off text-decoration-none text-strikethrough-none\">Solo en aguas profundas,<\/span><span class=\"OYPEnA font-feature-liga-off font-feature-clig-off font-feature-calt-off text-decoration-none text-strikethrough-none\"> escalada sin cuerdas directamente sobre el agua para una experiencia de pura adrenalina.<\/span><\/p>\n<p class=\"cvGsUA direction-ltr align-justify para-style-body\"><span class=\"OYPEnA font-feature-liga-off font-feature-clig-off font-feature-calt-off text-decoration-none text-strikethrough-none\">Despu\u00e9s de cada d\u00eda de escalada, el ritmo se ralentiza y el <\/span><span class=\"OYPEnA font-feature-liga-off font-feature-clig-off font-feature-calt-off text-decoration-none text-strikethrough-none\">magia<\/span><span class=\"OYPEnA font-feature-liga-off font-feature-clig-off font-feature-calt-off text-decoration-none text-strikethrough-none\"> de Grecia se hace cargo: <\/span><span class=\"OYPEnA font-feature-liga-off font-feature-clig-off font-feature-calt-off text-decoration-none text-strikethrough-none\">aperitivos al atardecer<\/span><span class=\"OYPEnA font-feature-liga-off font-feature-clig-off font-feature-calt-off text-decoration-none text-strikethrough-none\"> a bordo, cenas bajo un cielo estrellado, <\/span><span class=\"OYPEnA font-feature-liga-off font-feature-clig-off font-feature-calt-off text-decoration-none text-strikethrough-none\">ba\u00f1os nocturnos <\/span><span class=\"OYPEnA font-feature-liga-off font-feature-clig-off font-feature-calt-off text-decoration-none text-strikethrough-none\">en las c\u00e1lidas aguas del Egeo y veladas festivas entre amigos. El ambiente ser\u00e1 el de una aventura entre esp\u00edritus libres, un grupo joven y din\u00e1mico dispuesto a compartir emociones, risas y momentos inolvidables.<\/span><\/p>","protected":false},"excerpt":{"rendered":"<p>Antes de cada viaje, se enviar\u00e1 una lista detallada del equipo por correo electr\u00f3nico y a trav\u00e9s de un grupo de WhatsApp espec\u00edfico para garantizar que los participantes est\u00e9n adecuadamente preparados. Lea la\u00a0 <a href=\"https:\/\/seayougroup.com\/es\/faq\/\">PREGUNTAS FRECUENTES<\/a> para las dimensiones del equipaje.<\/p>\n<p>&nbsp;<\/p>\n<h2>Situaci\u00f3n meteorol\u00f3gica<\/h2>\n<p>El programa puede estar sujeto a cambios en funci\u00f3n de las condiciones meteorol\u00f3gicas.<\/p>\n<h2>Vuelo<\/h2>\n<p><span style=\"font-weight: 400;\">T<\/span><span style=\"font-weight: 400;\">Le recuerdo que los viajes SeaYou no incluyen vuelos de ida y vuelta desde Italia, lo que permite a los participantes elegir su propia compa\u00f1\u00eda a\u00e9rea, aeropuerto de salida y posibles escalas. <\/span><a href=\"https:\/\/www.skyscanner.it\/\" target=\"_blank\" rel=\"noopener\"><span style=\"font-weight: 400;\">Busque su vuelo<\/span><\/a><\/p>","protected":false},"featured_media":12117,"comment_status":"open","ping_status":"closed","template":"","meta":{"_acf_changed":false,"_joinchat":[]},"product_brand":[],"product_cat":[121],"product_tag":[],"class_list":{"0":"post-12119","1":"product","2":"type-product","3":"status-publish","4":"has-post-thumbnail","6":"brw_brw_brw_brw_type_adventure-sail-and-climb","7":"product_cat-adventure","9":"first","10":"outofstock","11":"sale","12":"taxable","13":"shipping-taxable","14":"purchasable","15":"product-type-ovabrw_car_rental"},"acf":[],"aioseo_notices":[],"_links":{"self":[{"href":"https:\/\/seayougroup.com\/es\/wp-json\/wp\/v2\/product\/12119","targetHints":{"allow":["GET"]}}],"collection":[{"href":"https:\/\/seayougroup.com\/es\/wp-json\/wp\/v2\/product"}],"about":[{"href":"https:\/\/seayougroup.com\/es\/wp-json\/wp\/v2\/types\/product"}],"replies":[{"embeddable":true,"href":"https:\/\/seayougroup.com\/es\/wp-json\/wp\/v2\/comments?post=12119"}],"wp:featuredmedia":[{"embeddable":true,"href":"https:\/\/seayougroup.com\/es\/wp-json\/wp\/v2\/media\/12117"}],"wp:attachment":[{"href":"https:\/\/seayougroup.com\/es\/wp-json\/wp\/v2\/media?parent=12119"}],"wp:term":[{"taxonomy":"product_brand","embeddable":true,"href":"https:\/\/seayougroup.com\/es\/wp-json\/wp\/v2\/product_brand?post=12119"},{"taxonomy":"product_cat","embeddable":true,"href":"https:\/\/seayougroup.com\/es\/wp-json\/wp\/v2\/product_cat?post=12119"},{"taxonomy":"product_tag","embeddable":true,"href":"https:\/\/seayougroup.com\/es\/wp-json\/wp\/v2\/product_tag?post=12119"}],"curies":[{"name":"wp","href":"https:\/\/api.w.org\/{rel}","templated":true}]}}