{"id":12337,"date":"2025-04-07T18:25:03","date_gmt":"2025-04-07T16:25:03","guid":{"rendered":"https:\/\/seayougroup.com\/?post_type=product&#038;p=12337"},"modified":"2026-04-20T15:37:58","modified_gmt":"2026-04-20T13:37:58","slug":"thailandia-climbing-nella-baia-di-phang-nga","status":"publish","type":"product","link":"https:\/\/seayougroup.com\/es\/esperienza\/thailandia-climbing-nella-baia-di-phang-nga\/","title":{"rendered":"Tailandia: Escalada en la bah\u00eda de Phang Nga"},"content":{"rendered":"<h4>En las cumbres de Phang Nga: un viaje a trav\u00e9s de la roca, el mar y la cultura<\/h4>\n<p>\u00danase a nosotros para vivir una aventura inolvidable en la bah\u00eda de Phang Nga. Con nuestros experimentados gu\u00edas, escalar\u00e1 algunos de los mejores roc\u00f3dromos de Asia, con rutas que van del nivel 5 al 7b, aptas para todos los niveles de habilidad. Disfrute de aguas cristalinas y tranquilas, dese un chapuz\u00f3n en lugares incre\u00edbles y d\u00e9jese abrumar por la cultura local. Tambi\u00e9n tendr\u00e1 la oportunidad de hacer nuevos amigos, relajarse en el barco y presenciar impresionantes puestas de sol. Durante el viaje, degustar\u00e1 deliciosa comida local, explorar\u00e1 animados pueblos de playa donde la noche cobra vida con un ambiente transgresor, y tendr\u00e1 la oportunidad de practicar snorkel, stand-up paddle y kayak. Una mezcla perfecta de aventura, relax y momentos inolvidables en uno de los lugares m\u00e1s bellos de Tailandia\".<\/p>","protected":false},"excerpt":{"rendered":"<h2>Equipamiento<\/h2>\n<ul>\n<li>Ropa de verano<\/li>\n<li>Sombrero y crema solar<\/li>\n<li>M\u00e1scara + Tubo<\/li>\n<li>kit de ba\u00f1o (jab\u00f3n + toalla + kit de higiene personal)<\/li>\n<li>Impermeable<\/li>\n<li>Medicamentos esenciales<\/li>\n<li>Toalla de playa<\/li>\n<li>Gafas de sol<\/li>\n<li>Zapatillas<\/li>\n<li>Equipo de escalada, si se posee<\/li>\n<\/ul>\n<p>Antes de cada viaje, se enviar\u00e1 una lista detallada del equipo por correo electr\u00f3nico y a trav\u00e9s de un grupo de WhatsApp espec\u00edfico para garantizar que los participantes est\u00e9n adecuadamente preparados. Lea la\u00a0 <a href=\"https:\/\/seayougroup.com\/es\/faq\/\">PREGUNTAS FRECUENTES<\/a> para las dimensiones del equipaje.<\/p>\n<p>&nbsp;<\/p>\n<h2>Situaci\u00f3n meteorol\u00f3gica<\/h2>\n<p>El programa puede estar sujeto a cambios en funci\u00f3n de las condiciones meteorol\u00f3gicas.<\/p>","protected":false},"featured_media":12344,"comment_status":"open","ping_status":"closed","template":"","meta":{"_acf_changed":false,"_joinchat":[]},"product_brand":[],"product_cat":[121],"product_tag":[],"class_list":{"0":"post-12337","1":"product","2":"type-product","3":"status-publish","4":"has-post-thumbnail","6":"brw_brw_brw_brw_type_adventure-sail-and-climb","7":"brw_brw_brw_tour_status-confermato","8":"product_cat-adventure","10":"first","11":"instock","12":"sale","13":"taxable","14":"shipping-taxable","15":"purchasable","16":"product-type-ovabrw_car_rental"},"acf":[],"aioseo_notices":[],"_links":{"self":[{"href":"https:\/\/seayougroup.com\/es\/wp-json\/wp\/v2\/product\/12337","targetHints":{"allow":["GET"]}}],"collection":[{"href":"https:\/\/seayougroup.com\/es\/wp-json\/wp\/v2\/product"}],"about":[{"href":"https:\/\/seayougroup.com\/es\/wp-json\/wp\/v2\/types\/product"}],"replies":[{"embeddable":true,"href":"https:\/\/seayougroup.com\/es\/wp-json\/wp\/v2\/comments?post=12337"}],"wp:featuredmedia":[{"embeddable":true,"href":"https:\/\/seayougroup.com\/es\/wp-json\/wp\/v2\/media\/12344"}],"wp:attachment":[{"href":"https:\/\/seayougroup.com\/es\/wp-json\/wp\/v2\/media?parent=12337"}],"wp:term":[{"taxonomy":"product_brand","embeddable":true,"href":"https:\/\/seayougroup.com\/es\/wp-json\/wp\/v2\/product_brand?post=12337"},{"taxonomy":"product_cat","embeddable":true,"href":"https:\/\/seayougroup.com\/es\/wp-json\/wp\/v2\/product_cat?post=12337"},{"taxonomy":"product_tag","embeddable":true,"href":"https:\/\/seayougroup.com\/es\/wp-json\/wp\/v2\/product_tag?post=12337"}],"curies":[{"name":"wp","href":"https:\/\/api.w.org\/{rel}","templated":true}]}}