{"id":13377,"date":"2025-09-11T16:40:57","date_gmt":"2025-09-11T14:40:57","guid":{"rendered":"https:\/\/seayougroup.com\/?post_type=product&#038;p=13377"},"modified":"2026-04-20T15:35:14","modified_gmt":"2026-04-20T13:35:14","slug":"corso-yachtmaster-offshore-rya","status":"publish","type":"product","link":"https:\/\/seayougroup.com\/es\/esperienza\/corso-yachtmaster-offshore-rya\/","title":{"rendered":"Curso de preparaci\u00f3n para Yachtmaster Offshore RYA"},"content":{"rendered":"<p data-path-to-node=\"5\">Si quiere trabajar en serio en la n\u00e1utica <b>Yachtmaster Offshore<\/b> es el t\u00edtulo m\u00e1s solicitado del mundo. En nuestro centro, el primero del sur de Europa por n\u00famero de ex\u00e1menes realizados, te proporcionamos la preparaci\u00f3n necesaria para superar la prueba e iniciar tu carrera profesional de inmediato.<\/p>\n<h3 data-path-to-node=\"6\">1. \u00bfQu\u00e9 le ofrece la licencia Yachtmaster?<\/h3>\n<ul data-path-to-node=\"7\">\n<li>\n<p data-path-to-node=\"7,0,0\"><b>Habilitaci\u00f3n internacional:<\/b> Puede comandar buques de hasta 200 toneladas brutas a menos de 150 millas de la costa.<\/p>\n<\/li>\n<li>\n<p data-path-to-node=\"7,1,0\"><b>Acceso al trabajo:<\/b> Con el <i>Respaldo comercial<\/i>puede trabajar profesionalmente en yates de lujo y barcos de trabajo en cualquier parte del mundo.<\/p>\n<\/li>\n<li>\n<p data-path-to-node=\"7,2,0\"><b>Prestigio y competencia:<\/b> No es s\u00f3lo un \"trozo de papel\", sino la prueba de que puede manejar con confianza el barco, la tripulaci\u00f3n y las emergencias.<\/p>\n<\/li>\n<\/ul>\n<h3 data-path-to-node=\"8\">2. \u00bfPor qu\u00e9 es mejor que el oficial italiano de 2\u00aa clase?<\/h3>\n<p data-path-to-node=\"9\">Muchos candidatos eligen el Yachtmaster Offshore porque ofrece ventajas que no ofrece la ruta italiana:<\/p>\n<ul data-path-to-node=\"10\">\n<li>\n<p data-path-to-node=\"10,0,0\"><b>Reconocimiento mundial:<\/b> El Yachtmaster se acepta universalmente; el Oficial Clase II suele limitarse a la bandera italiana.<\/p>\n<\/li>\n<li>\n<p data-path-to-node=\"10,1,0\"><b>Reducci\u00f3n de la burocracia:<\/b> El sistema de la RYA es r\u00e1pido y meritocr\u00e1tico, sin los retrasos y tiempos de espera de los t\u00edtulos ministeriales.<\/p>\n<\/li>\n<li>\n<p data-path-to-node=\"10,2,0\"><b>Centrarse en la pr\u00e1ctica:<\/b> Mientras que el t\u00edtulo italiano es muy te\u00f3rico, el Yachtmaster certifica su capacidad real de mando en el mar.<\/p>\n<\/li>\n<li>\n<p data-path-to-node=\"10,3,0\"><b>La lengua del mar:<\/b> El examen es en ingl\u00e9s, lo que le da acceso inmediato al mercado internacional de superyates.<\/p>\n<\/li>\n<\/ul>\n<h3 data-path-to-node=\"11\">3. El programa del curso<\/h3>\n<p data-path-to-node=\"12\">El curso est\u00e1 estructurado para darle total confianza en cada fase del examen:<\/p>\n<ul data-path-to-node=\"13\">\n<li>\n<p data-path-to-node=\"13,0,0\"><b>En clase (6 d\u00edas):<\/b> Estudiaremos en detalle la cartograf\u00eda, el c\u00e1lculo de mareas, la meteorolog\u00eda, las normas COLREG y haremos peque\u00f1os ejercicios pr\u00e1cticos sobre radares.<\/p>\n<\/li>\n<li>\n<p data-path-to-node=\"13,1,0\"><b>En barco (5 d\u00edas):<\/b> Nos desplazaremos a bordo para repasar y perfeccionar todas las maniobras pr\u00e1cticas, asegur\u00e1ndonos de que llega al examen preparado y relajado.<\/p>\n<\/li>\n<li>\n<p data-path-to-node=\"13,2,0\"><b>Certificaciones adicionales:<\/b> Si no dispone del certificado <b>SRC SMSSM<\/b>podr\u00e1 conseguirlo directamente con nosotros durante los d\u00edas de clase, antes de dirigirse a la base de <b>Porto Santo Stefano<\/b>.<\/p>\n<\/li>\n<\/ul>\n<h3 data-path-to-node=\"14\">4. Costes y promociones<\/h3>\n<ul data-path-to-node=\"15\">\n<li>\n<p data-path-to-node=\"15,0,0\"><b>Yachtmaster SAIL:<\/b> \u20ac 2.700<\/p>\n<\/li>\n<li>\n<p data-path-to-node=\"15,1,0\"><b>Yachtmaster MOTOR:<\/b> \u20ac 2.900<\/p>\n<\/li>\n<li>\n<p data-path-to-node=\"15,2,0\"><b>OFERTA COMBO (Vela + Motor): \u20ac 3.100<\/b> (Un gran ahorro para quienes deseen la doble titulaci\u00f3n).<\/p>\n<\/li>\n<li>\n<p data-path-to-node=\"15,3,0\"><i>Nota: A los precios hay que a\u00f1adir la tasa de examen MCA de 256 libras esterlinas (unos 280 euros).<\/i><\/p>\n<\/li>\n<\/ul>\n<h3 data-path-to-node=\"16\">5. Nuestra garant\u00eda<\/h3>\n<p data-path-to-node=\"17\">Nuestra tasa de \u00e9xito supera <b>90%<\/b> para el segundo examen. Permitimos a todos los candidatos acceder a dos sesiones de examen consecutivas sin coste adicional para el centro. Si necesita m\u00e1s tiempo, organizaremos una formaci\u00f3n personalizada en un plazo de dos meses para que lo consiga.<\/p>","protected":false},"excerpt":{"rendered":"<h3 data-path-to-node=\"2\">Equipamiento recomendado<\/h3>\n<p data-path-to-node=\"3\">Para afrontar el curso en las mejores condiciones, es necesario disponer de:<\/p>\n<ul data-path-to-node=\"4\">\n<li>\n<p data-path-to-node=\"4,0,0\"><b>Ropa:<\/b> Traje Offshore completo y calzado n\u00e1utico t\u00e9cnico.<\/p>\n<\/li>\n<li>\n<p data-path-to-node=\"4,1,0\"><b>Accesorios:<\/b> Guantes de vela y linterna frontal (imprescindible para las pruebas nocturnas).<\/p>\n<\/li>\n<li>\n<p data-path-to-node=\"4,2,0\"><b>Personal:<\/b> Medicamentos esenciales.<\/p>\n<\/li>\n<\/ul>\n<blockquote data-path-to-node=\"5\">\n<p data-path-to-node=\"5,0\"><b>Nota:<\/b> Antes de la salida, recibir\u00e1 una lista detallada por correo electr\u00f3nico y en el grupo de WhatsApp espec\u00edfico. Para conocer las dimensiones m\u00e1ximas del equipaje permitido a bordo, consulta nuestra secci\u00f3n <b>PREGUNTAS FRECUENTES<\/b>.<\/p>\n<\/blockquote>\n<hr data-path-to-node=\"6\" \/>\n<h3 data-path-to-node=\"7\">Requisitos previos<\/h3>\n<p data-path-to-node=\"8\">El curso Yachtmaster es un curso de mando avanzado. Para participar, debes poseer:<\/p>\n<ul data-path-to-node=\"9\">\n<li>\n<p data-path-to-node=\"9,0,0\"><b>Habilidades t\u00e9cnicas:<\/b> Excelente conocimiento de la nomenclatura, manejo de la embarcaci\u00f3n (virada y virada) y maniobras de amarre.<\/p>\n<\/li>\n<li>\n<p data-path-to-node=\"9,1,0\"><b>Navegaci\u00f3n:<\/b> Dominio en el uso del plotter y una base s\u00f3lida en cartograf\u00eda n\u00e1utica.<\/p>\n<\/li>\n<li>\n<p data-path-to-node=\"9,2,0\"><b>Teor\u00eda:<\/b> Conocimiento profundo de las normas <b>COLREG<\/b> (Colisiones mar\u00edtimas).<\/p>\n<\/li>\n<li>\n<p data-path-to-node=\"9,3,0\"><b>Idioma:<\/b> Buen conocimiento de la lengua inglesa (necesario para el examen con el examinador de la RYA).<\/p>\n<\/li>\n<\/ul>\n<p>&nbsp;<\/p>\n<h2>Situaci\u00f3n meteorol\u00f3gica<\/h2>\n<p>El programa puede estar sujeto a cambios en funci\u00f3n de las condiciones meteorol\u00f3gicas.<\/p>","protected":false},"featured_media":13290,"comment_status":"open","ping_status":"closed","template":"","meta":{"_acf_changed":false,"_joinchat":[]},"product_brand":[],"product_cat":[28,126,15],"product_tag":[],"class_list":{"0":"post-13377","1":"product","2":"type-product","3":"status-publish","4":"has-post-thumbnail","6":"brw_brw_tour_difficulty-day-skipper","7":"product_cat-esperienze","8":"product_cat-sail-academy","9":"product_cat-uncategorized","11":"first","12":"instock","13":"sale","14":"taxable","15":"shipping-taxable","16":"purchasable","17":"product-type-ovabrw_car_rental"},"acf":[],"aioseo_notices":[],"_links":{"self":[{"href":"https:\/\/seayougroup.com\/es\/wp-json\/wp\/v2\/product\/13377","targetHints":{"allow":["GET"]}}],"collection":[{"href":"https:\/\/seayougroup.com\/es\/wp-json\/wp\/v2\/product"}],"about":[{"href":"https:\/\/seayougroup.com\/es\/wp-json\/wp\/v2\/types\/product"}],"replies":[{"embeddable":true,"href":"https:\/\/seayougroup.com\/es\/wp-json\/wp\/v2\/comments?post=13377"}],"wp:featuredmedia":[{"embeddable":true,"href":"https:\/\/seayougroup.com\/es\/wp-json\/wp\/v2\/media\/13290"}],"wp:attachment":[{"href":"https:\/\/seayougroup.com\/es\/wp-json\/wp\/v2\/media?parent=13377"}],"wp:term":[{"taxonomy":"product_brand","embeddable":true,"href":"https:\/\/seayougroup.com\/es\/wp-json\/wp\/v2\/product_brand?post=13377"},{"taxonomy":"product_cat","embeddable":true,"href":"https:\/\/seayougroup.com\/es\/wp-json\/wp\/v2\/product_cat?post=13377"},{"taxonomy":"product_tag","embeddable":true,"href":"https:\/\/seayougroup.com\/es\/wp-json\/wp\/v2\/product_tag?post=13377"}],"curies":[{"name":"wp","href":"https:\/\/api.w.org\/{rel}","templated":true}]}}