{"id":13399,"date":"2025-10-10T09:59:35","date_gmt":"2025-10-10T07:59:35","guid":{"rendered":"https:\/\/seayougroup.com\/?post_type=product&#038;p=13399"},"modified":"2025-12-03T13:31:40","modified_gmt":"2025-12-03T11:31:40","slug":"solo-sailor-regatta-mode-on-21-23-novembre","status":"publish","type":"product","link":"https:\/\/seayougroup.com\/es\/esperienza\/solo-sailor-regatta-mode-on-21-23-novembre\/","title":{"rendered":"S\u00f3lo para navegantes: modo regata ON - 21-23 NOVIEMBRE"},"content":{"rendered":"<h2>\u00bfQu\u00e9 vas a hacer?<\/h2>\n<p>\u00bfEst\u00e1 listo para dar el salto y convertir su pasi\u00f3n en un verdadero reto? Si sue\u00f1a con navegar en solitario, no como un simple marinero, sino como un verdadero <b>corredor en solitario<\/b>nuestra <b>experiencia<\/b> es adecuado para usted.<\/p>\n<p>L'<b>Experiencia S\u00f3lo Marinero Modo Regata Activado<\/b> est\u00e1 dise\u00f1ado para navegantes que quieran poner a prueba sus habilidades y aprender a manejar un barco con total autonom\u00eda, como en una regata oce\u00e1nica en solitario. Todo ello a bordo de un fant\u00e1stico <b>Mini 6.50 del astillero Cima Boats<\/b>, modelo Wevo, un barco perfecto para enfrentarse a mar abierto y a los retos de una regata oce\u00e1nica.<\/p>\n<h3>Lo que aprender\u00e1<\/h3>\n<p>No se trata s\u00f3lo de un paseo en barco: es una experiencia inmersiva de <b>tres d\u00edas<\/b> que te llevar\u00e1n al siguiente nivel. Comenzaremos el viernes por la tarde en la Lega Navale de La Spezia con un repaso exhaustivo de las maniobras, los aires y el uso correcto del tim\u00f3n. Antes de zarpar, analizaremos las condiciones meteorol\u00f3gicas con el <b>ruta meteorol\u00f3gica<\/b> m\u00e1s modernos para planificar nuestra estrategia de navegaci\u00f3n, como en una regata.<\/p>\n<p>Zarparemos hacia la isla de Elba o C\u00f3rcega y regresaremos el domingo por la tarde. Durante la navegaci\u00f3n, te ense\u00f1aremos a:<\/p>\n<ul>\n<li><b>Analizar el tiempo<\/b> de forma aut\u00f3noma.<\/li>\n<li><b>Gestionar una t\u00e1ctica de carrera<\/b> y tomar decisiones cruciales.<\/li>\n<li><b>Izar y arriar el spinnaker<\/b>una maniobra fundamental en las regatas.<\/li>\n<li><b>Realizar choques y giros<\/b> r\u00e1pida y eficazmente.<\/li>\n<\/ul>\n<hr \/>\n<p>Nuestro objetivo es convertirle en <b>excelente regatista de altura en solitario<\/b>para que pueda gestionar todos los aspectos del barco y de la regata.<\/p>\n<p>Si est\u00e1 dispuesto a ponerse a prueba y vivir la emoci\u00f3n de una regata en solitario, \u00e9sta es su experiencia.<\/p>","protected":false},"excerpt":{"rendered":"<h2>Equipamiento<\/h2>\n<ul>\n<li>Saco de dormir<\/li>\n<li>Traje off shore<\/li>\n<li>Medicamentos esenciales<\/li>\n<li>Toalla<\/li>\n<li>Zapatos n\u00e1uticos<\/li>\n<li>Guantes de barco<\/li>\n<li>Luz delantera<\/li>\n<\/ul>\n<p>Antes de cada viaje, se enviar\u00e1 una lista detallada del equipo por correo electr\u00f3nico y a trav\u00e9s de un grupo de WhatsApp espec\u00edfico para garantizar que los participantes est\u00e9n adecuadamente preparados. Lea la\u00a0 <a href=\"https:\/\/seayougroup.com\/es\/faq\/\">PREGUNTAS FRECUENTES<\/a> para las dimensiones del equipaje.<\/p>\n<h2>Requisitos previos<\/h2>\n<p>Nociones b\u00e1sicas de n\u00e1utica y navegaci\u00f3n, nomenclatura, saber hacer giros y reducciones de marcha.<\/p>\n<p>&nbsp;<\/p>\n<h2>Situaci\u00f3n meteorol\u00f3gica<\/h2>\n<p>El programa puede estar sujeto a cambios en funci\u00f3n de las condiciones meteorol\u00f3gicas.<\/p>\n<p>&nbsp;<\/p>\n<h2>Vuelo<\/h2>\n<p><span style=\"font-weight: 400;\">T<\/span><span style=\"font-weight: 400;\">Le recuerdo que los viajes SeaYou no incluyen vuelos de ida y vuelta desde Italia, lo que permite a los participantes elegir su propia compa\u00f1\u00eda a\u00e9rea, aeropuerto de salida y posibles escalas. <\/span><a href=\"https:\/\/www.skyscanner.it\/\" target=\"_blank\" rel=\"noopener\"><span style=\"font-weight: 400;\">Busque su vuelo<\/span><\/a><\/p>","protected":false},"featured_media":13365,"comment_status":"open","ping_status":"closed","template":"","meta":{"_acf_changed":false,"_joinchat":[]},"product_brand":[],"product_cat":[28,126,15],"product_tag":[],"class_list":{"0":"post-13399","1":"product","2":"type-product","3":"status-publish","4":"has-post-thumbnail","6":"product_cat-esperienze","7":"product_cat-sail-academy","8":"product_cat-uncategorized","10":"first","11":"outofstock","12":"sale","13":"taxable","14":"shipping-taxable","15":"purchasable","16":"product-type-ovabrw_car_rental"},"acf":[],"aioseo_notices":[],"_links":{"self":[{"href":"https:\/\/seayougroup.com\/es\/wp-json\/wp\/v2\/product\/13399","targetHints":{"allow":["GET"]}}],"collection":[{"href":"https:\/\/seayougroup.com\/es\/wp-json\/wp\/v2\/product"}],"about":[{"href":"https:\/\/seayougroup.com\/es\/wp-json\/wp\/v2\/types\/product"}],"replies":[{"embeddable":true,"href":"https:\/\/seayougroup.com\/es\/wp-json\/wp\/v2\/comments?post=13399"}],"wp:featuredmedia":[{"embeddable":true,"href":"https:\/\/seayougroup.com\/es\/wp-json\/wp\/v2\/media\/13365"}],"wp:attachment":[{"href":"https:\/\/seayougroup.com\/es\/wp-json\/wp\/v2\/media?parent=13399"}],"wp:term":[{"taxonomy":"product_brand","embeddable":true,"href":"https:\/\/seayougroup.com\/es\/wp-json\/wp\/v2\/product_brand?post=13399"},{"taxonomy":"product_cat","embeddable":true,"href":"https:\/\/seayougroup.com\/es\/wp-json\/wp\/v2\/product_cat?post=13399"},{"taxonomy":"product_tag","embeddable":true,"href":"https:\/\/seayougroup.com\/es\/wp-json\/wp\/v2\/product_tag?post=13399"}],"curies":[{"name":"wp","href":"https:\/\/api.w.org\/{rel}","templated":true}]}}