{"id":13401,"date":"2025-12-01T15:42:44","date_gmt":"2025-12-01T13:42:44","guid":{"rendered":"https:\/\/seayougroup.com\/?post_type=product&#038;p=13401"},"modified":"2026-03-30T11:40:23","modified_gmt":"2026-03-30T09:40:23","slug":"croazia-yoga-e-meditazione-navigando-tra-mare-e-mente","status":"publish","type":"product","link":"https:\/\/seayougroup.com\/es\/esperienza\/croazia-yoga-e-meditazione-navigando-tra-mare-e-mente\/","title":{"rendered":"Croacia: Yoga y meditaci\u00f3n Navegando entre el mar y la mente"},"content":{"rendered":"<h3 data-path-to-node=\"4\">El aliento de Dalmacia: un viaje a trav\u00e9s del yoga, la vela y el encanto de Split<\/h3>\n<p data-path-to-node=\"4\">El Pranayama matutino iluminar\u00e1 nuestros d\u00edas.<br \/>\nLas deidades hind\u00faes servir\u00e1n de inspiraci\u00f3n para las pr\u00e1cticas de yoga en la playa.<br \/>\nLa Meditaci\u00f3n Vespertina nos adentrar\u00e1 en la naturaleza profunda del ser.<\/p>\n<p data-path-to-node=\"4\">Imagine una semana en la que el tiempo parece detenerse, en la que el ritmo de la <b>Olas del Adri\u00e1tico<\/b> se funde con los latidos de tu coraz\u00f3n y el viento d\u00e1lmata susurra historias antiguas. Esta es la semana que le espera en Croacia, a bordo de un barco que no s\u00f3lo ser\u00e1 nuestro medio de transporte, sino tambi\u00e9n nuestro refugio flotante.<\/p>\n<p data-path-to-node=\"6\">Pero no s\u00f3lo habr\u00e1 yoga y meditaci\u00f3n. Puntuaremos estas experiencias con el descubrimiento de <b>lugares con encanto<\/b> y aguas cristalinas, donde la naturaleza y la historia se muestran en toda su belleza salvaje.<\/p>\n<h3>Viajando con Federica:<\/h3>\n<p data-path-to-node=\"14\">Federica Saguatti nos guiar\u00e1 en este viaje a Dalmacia, llev\u00e1ndonos a descubrir un profundo equilibrio entre cuerpo, mente y esp\u00edritu.<\/p>\n<p data-path-to-node=\"15\">Desde 2009 colabora con el prestigioso centro de estudios Yoga Narayana de M\u00f3dena, dirigiendo las sedes de Carpi y Frassinoro, en los Apeninos de M\u00f3dena. De 2015 a 2021 form\u00f3 parte del claustro de profesores de la escuela de yoga Hari-Om de Alessandria, contribuyendo a la formaci\u00f3n de nuevos profesores a trav\u00e9s de cursos de formaci\u00f3n de profesores y master training.<\/p>\n<p data-path-to-node=\"16\">Para Federica, la pr\u00e1ctica y la ense\u00f1anza del yoga son una oportunidad continua de crecimiento y concienciaci\u00f3n. A trav\u00e9s del movimiento corporal, la respiraci\u00f3n y la meditaci\u00f3n, nos ense\u00f1a a unir la vibraci\u00f3n de nuestro paisaje interior con la del mundo exterior, experiment\u00e1ndolas como una sola esencia.<\/p>\n<p data-path-to-node=\"17\">Con su gu\u00eda, descubriremos c\u00f3mo la gratitud puede nacer en nuestro interior y desbordarse por nuestros ojos, mientras contemplamos el infinito azul del Adri\u00e1tico, respiramos la naturaleza virgen y nos dejamos envolver por la belleza de Dalmacia. Federica nos acompa\u00f1ar\u00e1 en un viaje que va m\u00e1s all\u00e1 del yoga, hacia una <b>conexi\u00f3n aut\u00e9ntica<\/b> con nosotros mismos y con el mundo que nos rodea.<\/p>","protected":false},"excerpt":{"rendered":"<h2>Equipamiento<\/h2>\n<ul>\n<li>Impermeable<\/li>\n<li>Medicamentos esenciales<\/li>\n<li>Calzado de senderismo<\/li>\n<li>Vestidos de verano<\/li>\n<li>Esterilla de yoga<\/li>\n<li>Toalla de playa + crema solar<\/li>\n<li>M\u00e1scara y tubo<\/li>\n<li>Toalla para invitados<\/li>\n<\/ul>\n<p>Antes de cada viaje, se enviar\u00e1 una lista detallada del equipo por correo electr\u00f3nico y a trav\u00e9s de un grupo de WhatsApp espec\u00edfico para garantizar que los participantes est\u00e9n adecuadamente preparados. Lea la\u00a0 <a href=\"https:\/\/seayougroup.com\/es\/faq\/\">PREGUNTAS FRECUENTES<\/a> para las dimensiones del equipaje.<\/p>\n<p>&nbsp;<\/p>\n<h2>Situaci\u00f3n meteorol\u00f3gica<\/h2>\n<p>El programa puede estar sujeto a cambios en funci\u00f3n de las condiciones meteorol\u00f3gicas.<\/p>\n<p>&nbsp;<\/p>","protected":false},"featured_media":12194,"comment_status":"open","ping_status":"closed","template":"","meta":{"_acf_changed":false,"_joinchat":[]},"product_brand":[],"product_cat":[48],"product_tag":[],"class_list":{"0":"post-13401","1":"product","2":"type-product","3":"status-publish","4":"has-post-thumbnail","6":"brw_brw_brw_type_holiday-holidays","7":"brw_brw_brw_type_holiday-yoga-retreat","8":"brw_brw_brw_tour_status-confermato","9":"product_cat-vacanze","11":"first","12":"instock","13":"sale","14":"taxable","15":"shipping-taxable","16":"purchasable","17":"product-type-ovabrw_car_rental"},"acf":[],"aioseo_notices":[],"_links":{"self":[{"href":"https:\/\/seayougroup.com\/es\/wp-json\/wp\/v2\/product\/13401","targetHints":{"allow":["GET"]}}],"collection":[{"href":"https:\/\/seayougroup.com\/es\/wp-json\/wp\/v2\/product"}],"about":[{"href":"https:\/\/seayougroup.com\/es\/wp-json\/wp\/v2\/types\/product"}],"replies":[{"embeddable":true,"href":"https:\/\/seayougroup.com\/es\/wp-json\/wp\/v2\/comments?post=13401"}],"wp:featuredmedia":[{"embeddable":true,"href":"https:\/\/seayougroup.com\/es\/wp-json\/wp\/v2\/media\/12194"}],"wp:attachment":[{"href":"https:\/\/seayougroup.com\/es\/wp-json\/wp\/v2\/media?parent=13401"}],"wp:term":[{"taxonomy":"product_brand","embeddable":true,"href":"https:\/\/seayougroup.com\/es\/wp-json\/wp\/v2\/product_brand?post=13401"},{"taxonomy":"product_cat","embeddable":true,"href":"https:\/\/seayougroup.com\/es\/wp-json\/wp\/v2\/product_cat?post=13401"},{"taxonomy":"product_tag","embeddable":true,"href":"https:\/\/seayougroup.com\/es\/wp-json\/wp\/v2\/product_tag?post=13401"}],"curies":[{"name":"wp","href":"https:\/\/api.w.org\/{rel}","templated":true}]}}