{"id":13409,"date":"2025-12-01T16:39:34","date_gmt":"2025-12-01T14:39:34","guid":{"rendered":"https:\/\/seayougroup.com\/?post_type=product&#038;p=13409"},"modified":"2025-12-09T20:04:35","modified_gmt":"2025-12-09T18:04:35","slug":"sardegnaarcipelago-della-mente-vela-yoga-e-il-respiro-della-gallura","status":"publish","type":"product","link":"https:\/\/seayougroup.com\/es\/esperienza\/sardegnaarcipelago-della-mente-vela-yoga-e-il-respiro-della-gallura\/","title":{"rendered":"Cerde\u00f1a:Archipi\u00e9lago de la mente: vela, yoga y el aliento de Gallura"},"content":{"rendered":"<h3>Vela y\u00f3guica: el equilibrio perfecto entre el mar, las velas y la conciencia.<\/h3>\n<p data-path-to-node=\"3\">Imag\u00ednese despertarse cada ma\u00f1ana con el aroma de la sal y el matorral mediterr\u00e1neo, arrullado por el suave vaiv\u00e9n de las olas.<\/p>\n<p data-path-to-node=\"3\">Respiraci\u00f3n, Asana, Meditaci\u00f3n y Regeneraci\u00f3n:<br \/>\nCada d\u00eda estar\u00e1 marcado por momentos de profunda conexi\u00f3n, comenzaremos el d\u00eda con Pranayama (t\u00e9cnicas de atenci\u00f3n y respiraci\u00f3n) para encender la energ\u00eda y preparar cuerpo y mente para las maravillas que nos esperan. Complementaremos nuestro retiro con pr\u00e1cticas de Yoga inspiradas en las deidades del Pante\u00f3n Hind\u00fa en tranquilas y apartadas bah\u00edas.<br \/>\nLas pr\u00e1cticas meditativas al atardecer, el mar y el elemento agua del que formaremos parte, completar\u00e1n el viaje introspectivo.<\/p>\n<h3>Itinerario: Las perlas del archipi\u00e9lago<\/h3>\n<p data-path-to-node=\"7\">Navegaremos por las aguas turquesas m\u00e1s c\u00e9lebres del Mediterr\u00e1neo, explorando lugares emblem\u00e1ticos y calas secretas, con base en las animadas zonas de <b>Cannigione<\/b> e <b>Palau<\/b> e incursiones en el Archipi\u00e9lago de <b>La Maddalena<\/b>. Admiraremos las legendarias piscinas naturales y la emblem\u00e1tica Playa Rosa (desde lejos) mientras navegamos entre <b>Dispersi\u00f3n<\/b> e <b>Budelli<\/b>. Exploraremos la isla de <b>Caprera<\/b> con su escarpada costa y su rica historia, y desembarcar en <b>La Maddalena<\/b> para experimentar la vida isle\u00f1a en su pintoresco centro. Tambi\u00e9n fondearemos cerca de la isla de <b>Molara<\/b> para zambullirse en sus incre\u00edbles aguas cristalinas.<\/p>\n<h3>Aventura y contemplaci\u00f3n al atardecer<\/h3>\n<p data-path-to-node=\"9\">La experiencia no se detiene en la pr\u00e1ctica interior. El archipi\u00e9lago sardo invita a la acci\u00f3n y a la alegr\u00eda: sum\u00e9rgete en las bah\u00edas m\u00e1s bellas para hacer <b>Snorkel<\/b> y descubra la rica vida submarina, o zarpe en su <b>Stand-Up Paddle (SUP)<\/b> para una actividad meditativa y divertida en aguas llanas. Terminaremos el d\u00eda con un ritual de gratitud: un <b>Aperitivo a bordo<\/b> mientras el sol se sumerge en el mar ti\u00f1endo el cielo de colores espectaculares. Un momento de convivencia para compartir las emociones del d\u00eda.<\/p>\n<p data-path-to-node=\"10\">Esta semana es una invitaci\u00f3n a desacelerar, a alinear los latidos de tu coraz\u00f3n con el ritmo de la naturaleza y a redescubrir el equilibrio entre tu mundo interior y la inmensidad del mar. <b>\u00bfEst\u00e1 listo para embarcarse en este viaje transformador?<\/b><\/p>","protected":false},"excerpt":{"rendered":"<h2>Equipamiento<\/h2>\n<ul>\n<li>Ropa de cama o saco de dormir<\/li>\n<li>Full mackintosh<\/li>\n<li>Medicamentos esenciales<\/li>\n<li>Toallas<\/li>\n<li>Luz delantera<\/li>\n<li>Esterilla para practicar yoga<\/li>\n<\/ul>\n<p>Antes de cada viaje, se enviar\u00e1 una lista detallada del equipo por correo electr\u00f3nico y a trav\u00e9s de un grupo de WhatsApp espec\u00edfico para garantizar que los participantes est\u00e9n adecuadamente preparados. Lea la\u00a0 <a href=\"https:\/\/seayougroup.com\/es\/faq\/\">PREGUNTAS FRECUENTES<\/a> para las dimensiones del equipaje.<\/p>\n<p>&nbsp;<\/p>\n<h2>Situaci\u00f3n meteorol\u00f3gica<\/h2>\n<p>El programa puede estar sujeto a cambios en funci\u00f3n de las condiciones meteorol\u00f3gicas.<\/p>\n<p>&nbsp;<\/p>\n<h2>Vuelo<\/h2>\n<p><span style=\"font-weight: 400;\">T<\/span><span style=\"font-weight: 400;\">Le recuerdo que los viajes SeaYou no incluyen vuelos de ida y vuelta, lo que permite a los participantes elegir su propia compa\u00f1\u00eda a\u00e9rea, aeropuerto de salida y posibles escalas. <\/span><a href=\"https:\/\/www.skyscanner.it\/\" target=\"_blank\" rel=\"noopener\"><span style=\"font-weight: 400;\">Busque su vuelo<\/span><\/a><\/p>","protected":false},"featured_media":13410,"comment_status":"open","ping_status":"closed","template":"","meta":{"_acf_changed":false,"_joinchat":[]},"product_brand":[],"product_cat":[121,48],"product_tag":[],"class_list":{"0":"post-13409","1":"product","2":"type-product","3":"status-publish","4":"has-post-thumbnail","6":"brw_brw_brw_type_holiday-holidays","7":"brw_brw_brw_type_holiday-yoga-retreat","8":"brw_brw_brw_tour_status-confermato","9":"product_cat-adventure","10":"product_cat-vacanze","12":"first","13":"instock","14":"sale","15":"taxable","16":"shipping-taxable","17":"purchasable","18":"product-type-ovabrw_car_rental"},"acf":[],"aioseo_notices":[],"_links":{"self":[{"href":"https:\/\/seayougroup.com\/es\/wp-json\/wp\/v2\/product\/13409","targetHints":{"allow":["GET"]}}],"collection":[{"href":"https:\/\/seayougroup.com\/es\/wp-json\/wp\/v2\/product"}],"about":[{"href":"https:\/\/seayougroup.com\/es\/wp-json\/wp\/v2\/types\/product"}],"replies":[{"embeddable":true,"href":"https:\/\/seayougroup.com\/es\/wp-json\/wp\/v2\/comments?post=13409"}],"wp:featuredmedia":[{"embeddable":true,"href":"https:\/\/seayougroup.com\/es\/wp-json\/wp\/v2\/media\/13410"}],"wp:attachment":[{"href":"https:\/\/seayougroup.com\/es\/wp-json\/wp\/v2\/media?parent=13409"}],"wp:term":[{"taxonomy":"product_brand","embeddable":true,"href":"https:\/\/seayougroup.com\/es\/wp-json\/wp\/v2\/product_brand?post=13409"},{"taxonomy":"product_cat","embeddable":true,"href":"https:\/\/seayougroup.com\/es\/wp-json\/wp\/v2\/product_cat?post=13409"},{"taxonomy":"product_tag","embeddable":true,"href":"https:\/\/seayougroup.com\/es\/wp-json\/wp\/v2\/product_tag?post=13409"}],"curies":[{"name":"wp","href":"https:\/\/api.w.org\/{rel}","templated":true}]}}