{"id":13412,"date":"2025-12-03T12:56:31","date_gmt":"2025-12-03T10:56:31","guid":{"rendered":"https:\/\/seayougroup.com\/?post_type=product&#038;p=13412"},"modified":"2025-12-03T15:57:48","modified_gmt":"2025-12-03T13:57:48","slug":"solo-sailor-esperienza-intensiva-per-navigatori-solitari","status":"publish","type":"product","link":"https:\/\/seayougroup.com\/es\/esperienza\/solo-sailor-esperienza-intensiva-per-navigatori-solitari\/","title":{"rendered":"Solo Sailor: experiencia intensiva para navegantes en solitario"},"content":{"rendered":"<h2 data-path-to-node=\"4\">\u00bfQu\u00e9 vas a hacer?<\/h2>\n<p data-path-to-node=\"4\">\u00bfEst\u00e1s listo para dar el salto y convertir tu pasi\u00f3n por la vela en una <strong>navegante solitario<\/strong>?<\/p>\n<p data-path-to-node=\"5\">Si sue\u00f1a con manejar un barco con total independencia, no s\u00f3lo navegando, sino dominando todos los aspectos de la vida a bordo -desde la mec\u00e1nica hasta las emergencias-, esta experiencia intensiva es para usted.<\/p>\n<p data-path-to-node=\"6\">Experiencia <b>S\u00f3lo marinero<\/b> est\u00e1 dise\u00f1ado para los navegantes que quieren convertirse en <b>patrones totalmente aut\u00f3nomos<\/b>capaz de afrontar cualquier situaci\u00f3n, en cualquier condici\u00f3n, sin ayuda de nadie. Todo ello a bordo de un fant\u00e1stico <strong>Oceanis 43<\/strong> un barco de alto rendimiento perfecto para aprender a navegar en solitario en alta mar.<\/p>\n<h3 data-path-to-node=\"7\">Lo que aprender\u00e1: Autonom\u00eda total, sin compromisos<\/h3>\n<p data-path-to-node=\"8\">No se trata s\u00f3lo de un viaje en barco: es una experiencia inmersiva de <b>tres d\u00edas<\/b> que te llevar\u00e1n a un nivel superior de competencia. Comenzamos los viernes por la ma\u00f1ana en Porto Santo Stefano (GR) con una formaci\u00f3n te\u00f3rica y pr\u00e1ctica en profundidad destinada a convertirte en un navegante completo.<\/p>\n<p data-path-to-node=\"9\">Zarparemos hacia la isla de Elba o C\u00f3rcega y regresaremos el domingo por la tarde. Durante la navegaci\u00f3n, te ense\u00f1aremos a:<\/p>\n<ul data-path-to-node=\"10\">\n<li>\n<p data-path-to-node=\"10,0,0\"><b>Amarre y maniobras en solitario:<\/b> Realice amarres y desamarres (incluso en condiciones dif\u00edciles) y maniobras de navegaci\u00f3n con total autonom\u00eda.<\/p>\n<\/li>\n<li>\n<p data-path-to-node=\"10,1,0\"><b>Navegaci\u00f3n avanzada en aguas profundas:<\/b> Planificar rutas eficaces y navegar con total seguridad, optimizando la marcha.<\/p>\n<\/li>\n<li>\n<p data-path-to-node=\"10,2,0\"><b>An\u00e1lisis meteorol\u00f3gico aut\u00f3nomo:<\/b> Utilice la <i>ruta meteorol\u00f3gica<\/i> e interpretar los boletines para tomar decisiones cruciales (no s\u00f3lo t\u00e1cticas, sino de seguridad).<\/p>\n<\/li>\n<li>\n<p data-path-to-node=\"10,3,0\"><b>Gesti\u00f3n de la instrumentaci\u00f3n:<\/b> Dominar el uso del <b>Plotter<\/b>de la<b>Piloto autom\u00e1tico<\/b> e instrumentaci\u00f3n de a bordo esenciales para la navegaci\u00f3n en alta mar.<\/p>\n<\/li>\n<li>\n<p data-path-to-node=\"10,4,0\"><b>Mec\u00e1nica y reparaciones a bordo:<\/b> Llevar a cabo el mantenimiento rutinario y diagnosticar y reparar peque\u00f1as <b>aver\u00edas del motor<\/b> o sistemas de a bordo.<\/p>\n<\/li>\n<li>\n<p data-path-to-node=\"10,5,0\"><b>Gesti\u00f3n de emergencias:<\/b> Hacer frente de forma independiente a las emergencias m\u00e1s comunes (hombre al agua, aver\u00eda del equipo, problemas de salud) con rapidez y eficacia.<\/p>\n<\/li>\n<\/ul>\n<p data-path-to-node=\"11\">Nuestro objetivo es convertirte en patr\u00f3n <b>con experiencia y autosuficiente<\/b>capaz de gestionar todos los aspectos de la embarcaci\u00f3n y la navegaci\u00f3n en alta mar, garantizando la m\u00e1xima seguridad y libertad en el mar.<\/p>\n<p data-path-to-node=\"12\">Si est\u00e1s preparado para convertir tu pasi\u00f3n en una verdadera habilidad profesional en solitario, \u00e9sta es tu experiencia.<\/p>","protected":false},"excerpt":{"rendered":"<h2>Equipamiento<\/h2>\n<ul>\n<li>Saco de dormir<\/li>\n<li>Traje off shore<\/li>\n<li>Medicamentos esenciales<\/li>\n<li>Toalla<\/li>\n<li>Zapatos n\u00e1uticos<\/li>\n<li>Guantes de barco<\/li>\n<li>Luz delantera<\/li>\n<\/ul>\n<p>Antes de cada viaje, se enviar\u00e1 una lista detallada del equipo por correo electr\u00f3nico y a trav\u00e9s de un grupo de WhatsApp espec\u00edfico para garantizar que los participantes est\u00e9n adecuadamente preparados. Lea la\u00a0 <a href=\"https:\/\/seayougroup.com\/es\/faq\/\">PREGUNTAS FRECUENTES<\/a> para las dimensiones del equipaje.<\/p>\n<h2>Requisitos previos<\/h2>\n<p>Nociones b\u00e1sicas de n\u00e1utica y navegaci\u00f3n, nomenclatura, saber hacer giros y reducciones de marcha.<\/p>\n<p>&nbsp;<\/p>\n<h2>Situaci\u00f3n meteorol\u00f3gica<\/h2>\n<p>El programa puede estar sujeto a cambios en funci\u00f3n de las condiciones meteorol\u00f3gicas.<\/p>\n<p>&nbsp;<\/p>\n<h2>Vuelo<\/h2>\n<p><span style=\"font-weight: 400;\">T<\/span><span style=\"font-weight: 400;\">Le recuerdo que los viajes SeaYou no incluyen vuelos de ida y vuelta desde Italia, lo que permite a los participantes elegir su propia compa\u00f1\u00eda a\u00e9rea, aeropuerto de salida y posibles escalas. <\/span><a href=\"https:\/\/www.skyscanner.it\/\" target=\"_blank\" rel=\"noopener\"><span style=\"font-weight: 400;\">Busque su vuelo<\/span><\/a><\/p>","protected":false},"featured_media":13413,"comment_status":"open","ping_status":"closed","template":"","meta":{"_acf_changed":false,"_joinchat":[]},"product_brand":[],"product_cat":[28,126,15],"product_tag":[],"class_list":{"0":"post-13412","1":"product","2":"type-product","3":"status-publish","4":"has-post-thumbnail","6":"brw_brw_tour_difficulty-day-skipper","7":"brw_brw_tour_difficulty-solo-sailor","8":"brw_brw_brw_tour_status-programmato","9":"product_cat-esperienze","10":"product_cat-sail-academy","11":"product_cat-uncategorized","13":"first","14":"instock","15":"sale","16":"taxable","17":"shipping-taxable","18":"purchasable","19":"product-type-ovabrw_car_rental"},"acf":[],"aioseo_notices":[],"_links":{"self":[{"href":"https:\/\/seayougroup.com\/es\/wp-json\/wp\/v2\/product\/13412","targetHints":{"allow":["GET"]}}],"collection":[{"href":"https:\/\/seayougroup.com\/es\/wp-json\/wp\/v2\/product"}],"about":[{"href":"https:\/\/seayougroup.com\/es\/wp-json\/wp\/v2\/types\/product"}],"replies":[{"embeddable":true,"href":"https:\/\/seayougroup.com\/es\/wp-json\/wp\/v2\/comments?post=13412"}],"wp:featuredmedia":[{"embeddable":true,"href":"https:\/\/seayougroup.com\/es\/wp-json\/wp\/v2\/media\/13413"}],"wp:attachment":[{"href":"https:\/\/seayougroup.com\/es\/wp-json\/wp\/v2\/media?parent=13412"}],"wp:term":[{"taxonomy":"product_brand","embeddable":true,"href":"https:\/\/seayougroup.com\/es\/wp-json\/wp\/v2\/product_brand?post=13412"},{"taxonomy":"product_cat","embeddable":true,"href":"https:\/\/seayougroup.com\/es\/wp-json\/wp\/v2\/product_cat?post=13412"},{"taxonomy":"product_tag","embeddable":true,"href":"https:\/\/seayougroup.com\/es\/wp-json\/wp\/v2\/product_tag?post=13412"}],"curies":[{"name":"wp","href":"https:\/\/api.w.org\/{rel}","templated":true}]}}