{"id":9789,"date":"2024-04-05T14:47:32","date_gmt":"2024-04-05T14:47:32","guid":{"rendered":"https:\/\/seayougroup.com\/?post_type=product&#038;p=9789"},"modified":"2025-08-19T12:31:03","modified_gmt":"2025-08-19T10:31:03","slug":"ocean-da-lisbona-alle-azzorre","status":"publish","type":"product","link":"https:\/\/seayougroup.com\/es\/esperienza\/ocean-da-lisbona-alle-azzorre\/","title":{"rendered":"Oc\u00e9ano: de Lisboa a las Azores"},"content":{"rendered":"<h2>\u00bfQu\u00e9 vas a hacer?<\/h2>\n<p>Prep\u00e1rese para la aventura de su vida: una traves\u00eda oce\u00e1nica que nos llevar\u00e1 a cruzar la inmensidad del Atl\u00e1ntico. Compartir esta experiencia con nuevos amigos hace que cada momento sea a\u00fan m\u00e1s especial, convirtiendo un sue\u00f1o en realidad. Imag\u00ednese la sensaci\u00f3n de estar en medio del oc\u00e9ano, donde el horizonte parece no tener fin y el cielo nocturno es un manto de estrellas que casi se puede tocar. Cada noche bajo las estrellas se convierte en un momento m\u00e1gico, donde el tiempo se detiene y el universo se revela en toda su belleza.<\/p>\n<p>La adrenalina de enfrentarse al Atl\u00e1ntico es palpable: las poderosas olas, el viento soplando con fuerza en las velas, el coraz\u00f3n palpitando mientras navegamos hacia lo desconocido. Cada d\u00eda es un nuevo reto, una prueba para nuestras habilidades y nuestro esp\u00edritu de aventura. Pero es precisamente en esos momentos cuando el grupo se une, cuando se fortalece la amistad y se forjan lazos irrompibles. Escuchar la llamada del oc\u00e9ano, entregarse a la fuerza de la naturaleza y descubrir juntos lugares donde s\u00f3lo unos pocos han llegado es un privilegio con el que pocos pueden identificarse.<\/p>\n<p>Esta traves\u00eda no es s\u00f3lo un viaje, es una experiencia que te cambia, que deja una profunda huella. Es una oportunidad de descubrir no s\u00f3lo nuevas tierras, sino tambi\u00e9n nuevas partes de ti mismo, todo ello compartido con un grupo de personas que, como t\u00fa, buscan aventura y libertad. Navegar por el oc\u00e9ano significa abrazar lo desconocido, dejarse guiar por el viento y vivir cada momento con intensidad y pasi\u00f3n. Una aventura que nunca olvidar\u00e1s, en la que el oc\u00e9ano se convierte en tu hogar y los nuevos amigos en tu familia.<\/p>\n<p><span style=\"font-weight: 400;\">En esta experiencia tendr\u00e1 la oportunidad de consolidar sus conocimientos sobre la navegaci\u00f3n en alta mar y los sistemas de seguridad m\u00e1s avanzados. <\/span><span style=\"font-weight: 400;\">Se familiarizar\u00e1 con los sistemas de piloto autom\u00e1tico, AIS y radar, aprender\u00e1 a manejar la embarcaci\u00f3n en solitario y podr\u00e1 realizar tareas de ruteo con total autonom\u00eda.<\/span><\/p>\n<p>&nbsp;<\/p>\n<p><b>Maniobrar el barco:<\/b><\/p>\n<ul>\n<li>Conocimiento del manejo y uso de las velas<\/li>\n<li>Conocimientos de aparejos y maniobras<\/li>\n<li>Maniobras con tripulaci\u00f3n reducida<\/li>\n<li>Ajuste de velas y spinnaker<\/li>\n<li>Navegaci\u00f3n nocturna y con mal tiempo<\/li>\n<\/ul>\n<p>&nbsp;<\/p>\n<p><b>Habilidades de navegaci\u00f3n:<\/b><\/p>\n<ul>\n<li>Gesti\u00f3n de rutas en funci\u00f3n de las condiciones meteorol\u00f3gicas<\/li>\n<li>Utilizaci\u00f3n de sistemas inform\u00e1ticos para actividades de seguridad y encaminamiento<\/li>\n<li>Uso de sistemas MOB, EPIRB, PLB y AIS<\/li>\n<li>Gesti\u00f3n del sue\u00f1o y del estr\u00e9s<\/li>\n<\/ul>\n<p><b>Seguridad:<\/b><\/p>\n<ul>\n<li style=\"font-weight: 400;\" aria-level=\"1\"><span style=\"font-weight: 400;\">Llamada de emergencia<\/span><\/li>\n<li style=\"font-weight: 400;\" aria-level=\"1\"><span style=\"font-weight: 400;\">Procedimientos de seguridad<\/span><\/li>\n<li style=\"font-weight: 400;\" aria-level=\"1\"><span style=\"font-weight: 400;\">Gesti\u00f3n<\/span> <span style=\"font-weight: 400;\">de<\/span> <span style=\"font-weight: 400;\">estr\u00e9s y sue\u00f1o<\/span><\/li>\n<li style=\"font-weight: 400;\" aria-level=\"1\"><span style=\"font-weight: 400;\">Alimentaci\u00f3n y cocina<\/span><\/li>\n<li style=\"font-weight: 400;\" aria-level=\"1\">Bit\u00e1cora<\/li>\n<\/ul>","protected":false},"excerpt":{"rendered":"<h2>Equipamiento<\/h2>\n<ul>\n<li>Ropa de cama o saco de dormir<\/li>\n<li>Full mackintosh<\/li>\n<li>Medicamentos esenciales<\/li>\n<li>Toallas<\/li>\n<li>Zapatos n\u00e1uticos<\/li>\n<li>Guantes de barco<\/li>\n<li>Luz delantera<\/li>\n<\/ul>\n<p>Antes de cada viaje, se enviar\u00e1 una lista detallada del equipo por correo electr\u00f3nico y a trav\u00e9s de un grupo de WhatsApp espec\u00edfico para garantizar que los participantes est\u00e9n adecuadamente preparados. Lea la\u00a0 <a href=\"https:\/\/seayougroup.com\/es\/faq\/\">PREGUNTAS FRECUENTES<\/a> para las dimensiones del equipaje.<\/p>\n<p>&nbsp;<\/p>\n<h2>Requisitos previos<\/h2>\n<p>Nociones b\u00e1sicas de embarcaci\u00f3n y navegaci\u00f3n, nomenclatura, teor\u00eda de las maniobras de navegaci\u00f3n, meteorolog\u00eda b\u00e1sica.<\/p>\n<p>&nbsp;<\/p>\n<h2>Situaci\u00f3n meteorol\u00f3gica<\/h2>\n<p>El programa puede estar sujeto a cambios en funci\u00f3n de las condiciones meteorol\u00f3gicas.<\/p>\n<p>&nbsp;<\/p>\n<h2>Vuelo<\/h2>\n<p><span style=\"font-weight: 400;\">T<\/span><span style=\"font-weight: 400;\">Le recuerdo que los viajes SeaYou no incluyen vuelos de ida y vuelta desde Italia, lo que permite a los participantes elegir su propia compa\u00f1\u00eda a\u00e9rea, aeropuerto de salida y posibles escalas. <\/span><a href=\"https:\/\/www.skyscanner.it\/\" target=\"_blank\" rel=\"noopener\"><span style=\"font-weight: 400;\">Busque su vuelo<\/span><\/a><\/p>","protected":false},"featured_media":10615,"comment_status":"open","ping_status":"closed","template":"","meta":{"_acf_changed":false,"_joinchat":[]},"product_brand":[],"product_cat":[28],"product_tag":[],"class_list":{"0":"post-9789","1":"product","2":"type-product","3":"status-publish","4":"has-post-thumbnail","6":"brw_tour_types-tutte-le-attivita","7":"brw_brw_tour_difficulty-ocean-experience","8":"product_cat-esperienze","10":"first","11":"instock","12":"sale","13":"taxable","14":"shipping-taxable","15":"purchasable","16":"product-type-ovabrw_car_rental"},"acf":[],"aioseo_notices":[],"_links":{"self":[{"href":"https:\/\/seayougroup.com\/es\/wp-json\/wp\/v2\/product\/9789","targetHints":{"allow":["GET"]}}],"collection":[{"href":"https:\/\/seayougroup.com\/es\/wp-json\/wp\/v2\/product"}],"about":[{"href":"https:\/\/seayougroup.com\/es\/wp-json\/wp\/v2\/types\/product"}],"replies":[{"embeddable":true,"href":"https:\/\/seayougroup.com\/es\/wp-json\/wp\/v2\/comments?post=9789"}],"wp:featuredmedia":[{"embeddable":true,"href":"https:\/\/seayougroup.com\/es\/wp-json\/wp\/v2\/media\/10615"}],"wp:attachment":[{"href":"https:\/\/seayougroup.com\/es\/wp-json\/wp\/v2\/media?parent=9789"}],"wp:term":[{"taxonomy":"product_brand","embeddable":true,"href":"https:\/\/seayougroup.com\/es\/wp-json\/wp\/v2\/product_brand?post=9789"},{"taxonomy":"product_cat","embeddable":true,"href":"https:\/\/seayougroup.com\/es\/wp-json\/wp\/v2\/product_cat?post=9789"},{"taxonomy":"product_tag","embeddable":true,"href":"https:\/\/seayougroup.com\/es\/wp-json\/wp\/v2\/product_tag?post=9789"}],"curies":[{"name":"wp","href":"https:\/\/api.w.org\/{rel}","templated":true}]}}