{"id":9790,"date":"2024-04-05T14:53:08","date_gmt":"2024-04-05T14:53:08","guid":{"rendered":"https:\/\/seayougroup.com\/?post_type=product&#038;p=9790"},"modified":"2025-08-19T12:30:30","modified_gmt":"2025-08-19T10:30:30","slug":"norvegia-fiordi-e-isole-lofoten-veleggia-sotto-laurora-boreale","status":"publish","type":"product","link":"https:\/\/seayougroup.com\/es\/esperienza\/norvegia-fiordi-e-isole-lofoten-veleggia-sotto-laurora-boreale\/","title":{"rendered":"Noruega, Fiordos e Islas Lofoten: Navegar bajo la aurora boreal"},"content":{"rendered":"<h2><b>\u00a1Una experiencia de ensue\u00f1o con un toque de aventura!<\/b><\/h2>\n<p>Descubra la magia de Noruega con un recorrido \u00fanico que le llevar\u00e1 por los majestuosos fiordos y las encantadoras islas Lofoten. No s\u00f3lo explorar\u00e1 paisajes impresionantes, sino que tambi\u00e9n tendr\u00e1 la oportunidad de navegar bajo la aurora boreal, una experiencia que le dejar\u00e1 sin aliento. Navegue entre imponentes acantilados y aguas cristalinas mientras la danza de las auroras boreales ilumina el cielo. Cada d\u00eda ser\u00e1 una aventura entre la naturaleza salvaje y los pintorescos pueblos noruegos, haciendo de \u00e9ste un viaje inolvidable.<\/p>\n<p><b>Pero la cosa no acaba ah\u00ed.<\/b><\/p>\n<p><span style=\"font-weight: 400;\">Durante el viaje, tambi\u00e9n podr\u00e1 descubrir el arte de navegar de una forma ligera y divertida. No es necesaria experiencia previa: no se trata de unas simples vacaciones, sino de un viaje que le permitir\u00e1 aprender algo nuevo sin renunciar al placer. Cada d\u00eda ser\u00e1 un equilibrio entre aventura y relajaci\u00f3n, con momentos de navegaci\u00f3n, exploraci\u00f3n e inmersi\u00f3n en la cultura local.<\/span><\/p>\n<h3><b>Descubra el puesto que le conviene<\/b><\/h3>\n<p><span style=\"font-weight: 400;\">A bordo, tendr\u00e1 la oportunidad de participar en el manejo del barco de forma rotativa, pero siempre en un ambiente informal y agradable. Podr\u00e1 probar a llevar el tim\u00f3n, ajustar las velas y tal vez descubrir c\u00f3mo se lleva la vida a bordo. Despu\u00e9s de cada jornada en el mar, habr\u00e1 tiempo para una charla distendida y, por qu\u00e9 no, un paseo por los pueblos cercanos o una cena en un restaurante t\u00edpico.<\/span><\/p>\n<h3><b>Para los amantes del mar, \u00a1sin olvidar la aventura!<\/b><\/h3>\n<p><span style=\"font-weight: 400;\">Aprenda los fundamentos de la navegaci\u00f3n de forma natural, sin estr\u00e9s, y descubra c\u00f3mo:<\/span><\/p>\n<ul>\n<li style=\"font-weight: 400;\" aria-level=\"1\"><span style=\"font-weight: 400;\">Ajustar las velas y comprender los secretos del viento.<\/span><\/li>\n<li style=\"font-weight: 400;\" aria-level=\"1\"><span style=\"font-weight: 400;\">Atraque en bah\u00edas impresionantes y utilice el bote auxiliar para llegar a la orilla.<\/span><\/li>\n<li style=\"font-weight: 400;\" aria-level=\"1\"><span style=\"font-weight: 400;\">Navega con seguridad y aprende los trucos de la vida a bordo.<\/span><\/li>\n<\/ul>\n<p><span style=\"font-weight: 400;\">Y todo ello con la vista puesta en la seguridad y el descubrimiento: desde la recuperaci\u00f3n de un hombre al agua (\u00a1que esperamos que nunca necesites!) hasta la gesti\u00f3n del estr\u00e9s de una tripulaci\u00f3n. Formar\u00e1s parte de una experiencia completa que te har\u00e1 sentir como un aut\u00e9ntico marinero... \u00a1o simplemente como alguien que ha decidido vivir el mar al m\u00e1ximo!<\/span><\/p>\n<h3><b>M\u00e1s que unas vacaciones: una aventura con SeaYou<\/b><\/h3>\n<p><span style=\"font-weight: 400;\">No importa si elige aprender todos los detalles t\u00e9cnicos o si prefiere disfrutar de las puestas de sol: \"Norway Explore\" le espera para regalarle momentos \u00fanicos, en los que el mar no es s\u00f3lo un tel\u00f3n de fondo, sino el aut\u00e9ntico protagonista.<\/span><\/p>","protected":false},"excerpt":{"rendered":"<h2>Equipamiento<\/h2>\n<ul>\n<li>Ropa de cama o saco de dormir<\/li>\n<li>Full mackintosh<\/li>\n<li>Medicamentos esenciales<\/li>\n<li>Toallas<\/li>\n<li>Zapatos n\u00e1uticos<\/li>\n<li>Guantes de barco<\/li>\n<li>Luz delantera<\/li>\n<\/ul>\n<p>Antes de cada viaje, se enviar\u00e1 una lista detallada del equipo por correo electr\u00f3nico y a trav\u00e9s de un grupo de WhatsApp espec\u00edfico para garantizar que los participantes est\u00e9n adecuadamente preparados. Lea la\u00a0 <a href=\"https:\/\/seayougroup.com\/es\/faq\/\">PREGUNTAS FRECUENTES<\/a> para las dimensiones del equipaje.<\/p>\n<p>&nbsp;<\/p>\n<h2>Requisitos previos<\/h2>\n<p>No se requieren requisitos previos<\/p>\n<p>&nbsp;<\/p>\n<h2>Situaci\u00f3n meteorol\u00f3gica<\/h2>\n<p>El programa puede estar sujeto a cambios en funci\u00f3n de las condiciones meteorol\u00f3gicas.<\/p>\n<p>&nbsp;<\/p>\n<h2>Vuelo<\/h2>\n<p><span style=\"font-weight: 400;\">T<\/span><span style=\"font-weight: 400;\">Le recuerdo que los viajes SeaYou no incluyen vuelos de ida y vuelta desde Italia, lo que permite a los participantes elegir su propia compa\u00f1\u00eda a\u00e9rea, aeropuerto de salida y posibles escalas. <\/span><a href=\"https:\/\/www.skyscanner.it\/\" target=\"_blank\" rel=\"noopener\"><span style=\"font-weight: 400;\">Busque su vuelo<\/span><\/a><\/p>","protected":false},"featured_media":11661,"comment_status":"open","ping_status":"closed","template":"","meta":{"_acf_changed":false,"_joinchat":[]},"product_brand":[],"product_cat":[28],"product_tag":[],"class_list":{"0":"post-9790","1":"product","2":"type-product","3":"status-publish","4":"has-post-thumbnail","6":"brw_tour_types-tutte-le-attivita","7":"brw_brw_tour_difficulty-day-skipper","8":"product_cat-esperienze","10":"first","11":"instock","12":"sale","13":"taxable","14":"shipping-taxable","15":"purchasable","16":"product-type-ovabrw_car_rental"},"acf":[],"aioseo_notices":[],"_links":{"self":[{"href":"https:\/\/seayougroup.com\/es\/wp-json\/wp\/v2\/product\/9790","targetHints":{"allow":["GET"]}}],"collection":[{"href":"https:\/\/seayougroup.com\/es\/wp-json\/wp\/v2\/product"}],"about":[{"href":"https:\/\/seayougroup.com\/es\/wp-json\/wp\/v2\/types\/product"}],"replies":[{"embeddable":true,"href":"https:\/\/seayougroup.com\/es\/wp-json\/wp\/v2\/comments?post=9790"}],"wp:featuredmedia":[{"embeddable":true,"href":"https:\/\/seayougroup.com\/es\/wp-json\/wp\/v2\/media\/11661"}],"wp:attachment":[{"href":"https:\/\/seayougroup.com\/es\/wp-json\/wp\/v2\/media?parent=9790"}],"wp:term":[{"taxonomy":"product_brand","embeddable":true,"href":"https:\/\/seayougroup.com\/es\/wp-json\/wp\/v2\/product_brand?post=9790"},{"taxonomy":"product_cat","embeddable":true,"href":"https:\/\/seayougroup.com\/es\/wp-json\/wp\/v2\/product_cat?post=9790"},{"taxonomy":"product_tag","embeddable":true,"href":"https:\/\/seayougroup.com\/es\/wp-json\/wp\/v2\/product_tag?post=9790"}],"curies":[{"name":"wp","href":"https:\/\/api.w.org\/{rel}","templated":true}]}}