{"id":9791,"date":"2024-04-05T14:57:51","date_gmt":"2024-04-05T14:57:51","guid":{"rendered":"https:\/\/seayougroup.com\/?post_type=product&#038;p=9791"},"modified":"2025-09-26T15:56:01","modified_gmt":"2025-09-26T13:56:01","slug":"thailandia-baia-di-phang-nga","status":"publish","type":"product","link":"https:\/\/seayougroup.com\/es\/esperienza\/thailandia-baia-di-phang-nga\/","title":{"rendered":"Tailandia: Bah\u00eda de Phang Nga"},"content":{"rendered":"<h2>\u00bfQu\u00e9 vas a hacer?<\/h2>\n<p>Descubra la magia de la pen\u00ednsula de Phang Nga con nuestra experiencia exclusiva, donde el mar cristalino y las islas encantadoras emergen como gemas preciosas de un paisaje sobrecogedor. Navegue por parques nacionales marinos y admire las majestuosas monta\u00f1as que surgen del agua, creando un tel\u00f3n de fondo natural \u00fanico y fascinante. Cada rinc\u00f3n de Phang Nga es una explosi\u00f3n de color: desde las profundas aguas turquesas hasta el vibrante arco iris de sabores de la cocina tailandesa, que ofrece platos aut\u00e9nticos y especiados que deleitan el paladar. Sum\u00e9rjase en la cultura local, que mezcla en perfecta armon\u00eda una vida ajetreada con la serenidad espiritual. Con la genuina hospitalidad de los tailandeses, cada momento ser\u00e1 una celebraci\u00f3n de la belleza y la cultura de este encantador rinc\u00f3n del mundo. Navegar con amigos por este para\u00edso marino es un sue\u00f1o hecho realidad: imag\u00ednese c\u00f3cteles rodeados de panoramas impresionantes y puestas de sol que pintan el cielo de colores c\u00e1lidos mientras las monta\u00f1as se perfilan en el horizonte. \u00danase a nosotros en una aventura que combina el encanto natural de la pen\u00ednsula tailandesa con experiencias \u00fanicas que s\u00f3lo nosotros podemos ofrecer.<\/p>\n<p>Por turnos, los participantes aprender\u00e1n las diferentes funciones: mando y gesti\u00f3n de la embarcaci\u00f3n\/tripulaci\u00f3n, turnos y guardias, tim\u00f3n, trimado de las velas.  Tras el fondeo, se realizar\u00e1 un briefing y se explorar\u00e1n los alrededores. Durante la navegaci\u00f3n, los alumnos podr\u00e1n apreciar el mar, disfrutar de impresionantes fondeaderos y tambi\u00e9n dispondr\u00e1n de tiempo libre para explorar los distintos pueblos y restaurantes de la zona.<\/p>\n<p><b>Maniobrar el barco:<\/b><\/p>\n<ul>\n<li style=\"font-weight: 400;\" aria-level=\"1\"><span style=\"font-weight: 400;\">Armar y desarmar las velas<\/span><\/li>\n<li style=\"font-weight: 400;\" aria-level=\"1\"><span style=\"font-weight: 400;\">Conocer el viento y los aires<\/span><\/li>\n<li style=\"font-weight: 400;\" aria-level=\"1\"><span style=\"font-weight: 400;\">Giros de proa y popa<\/span><\/li>\n<li style=\"font-weight: 400;\" aria-level=\"1\"><span style=\"font-weight: 400;\">Reducir el velo<\/span><\/li>\n<li style=\"font-weight: 400;\" aria-level=\"1\"><span style=\"font-weight: 400;\">Maniobras con cap\u00f3<\/span><\/li>\n<li style=\"font-weight: 400;\" aria-level=\"1\"><span style=\"font-weight: 400;\">Espadas y anclas<\/span><\/li>\n<li style=\"font-weight: 400;\" aria-level=\"1\"><span style=\"font-weight: 400;\">Maniobras motorizadas<\/span><\/li>\n<li style=\"font-weight: 400;\" aria-level=\"1\"><span style=\"font-weight: 400;\">Maniobras en aguas restringidas<\/span><\/li>\n<li style=\"font-weight: 400;\" aria-level=\"1\"><span style=\"font-weight: 400;\">Utilizar licitaci\u00f3n<\/span><\/li>\n<\/ul>\n<p>&nbsp;<\/p>\n<p><b>Habilidades de navegaci\u00f3n:<\/b><\/p>\n<ul>\n<li style=\"font-weight: 400;\" aria-level=\"1\"><span style=\"font-weight: 400;\">An\u00e1lisis meteorol\u00f3gico y lecturas de cartas sin\u00f3pticas y su<\/span> <span style=\"font-weight: 400;\">interpretaci\u00f3n<\/span><\/li>\n<li style=\"font-weight: 400;\" aria-level=\"1\"><span style=\"font-weight: 400;\">COLREG<\/span><\/li>\n<li style=\"font-weight: 400;\" aria-level=\"1\"><span style=\"font-weight: 400;\">An\u00e1lisis y primera aproximaci\u00f3n a los instrumentos de a bordo y su uso<\/span><\/li>\n<li style=\"font-weight: 400;\" aria-level=\"1\"><span style=\"font-weight: 400;\">An\u00e1lisis de aparatos de motor y detecci\u00f3n de anomal\u00edas iniciales<\/span><\/li>\n<li style=\"font-weight: 400;\" aria-level=\"1\"><span style=\"font-weight: 400;\">Nodos<\/span><\/li>\n<li style=\"font-weight: 400;\" aria-level=\"1\"><span style=\"font-weight: 400;\">Nomenclatura<\/span><\/li>\n<\/ul>\n<p>&nbsp;<\/p>\n<p><b>Seguridad:<\/b><\/p>\n<ul>\n<li style=\"font-weight: 400;\" aria-level=\"1\"><span style=\"font-weight: 400;\">Recuperaci\u00f3n de hombre al agua<\/span><\/li>\n<li style=\"font-weight: 400;\" aria-level=\"1\"><span style=\"font-weight: 400;\">Llamada de emergencia<\/span><\/li>\n<li style=\"font-weight: 400;\" aria-level=\"1\"><span style=\"font-weight: 400;\">Procedimientos de salvaguardia de la tripulaci\u00f3n<\/span><\/li>\n<li style=\"font-weight: 400;\" aria-level=\"1\"><span style=\"font-weight: 400;\">Gesti\u00f3n<\/span> <span style=\"font-weight: 400;\">de<\/span> <span style=\"font-weight: 400;\">estr\u00e9s y tripulaci\u00f3n<\/span><\/li>\n<li style=\"font-weight: 400;\" aria-level=\"1\"><span style=\"font-weight: 400;\">Alimentaci\u00f3n y cocina<\/span><\/li>\n<li style=\"font-weight: 400;\" aria-level=\"1\"><span style=\"font-weight: 400;\">Bit\u00e1cora<\/span><\/li>\n<\/ul>","protected":false},"excerpt":{"rendered":"<h2>Equipamiento<\/h2>\n<ul>\n<li>Ropa de cama o saco de dormir<\/li>\n<li>Full mackintosh<\/li>\n<li>Medicamentos esenciales<\/li>\n<li>Toallas<\/li>\n<li>Zapatos n\u00e1uticos<\/li>\n<li>Guantes de barco<\/li>\n<li>Luz delantera<\/li>\n<\/ul>\n<p>Antes de cada viaje, se enviar\u00e1 una lista detallada del equipo por correo electr\u00f3nico y a trav\u00e9s de un grupo de WhatsApp espec\u00edfico para garantizar que los participantes est\u00e9n adecuadamente preparados. Lea la\u00a0 <a href=\"https:\/\/seayougroup.com\/es\/faq\/\">PREGUNTAS FRECUENTES<\/a> para las dimensiones del equipaje.<\/p>\n<p>&nbsp;<\/p>\n<h2>Requisitos previos<\/h2>\n<p>No se requieren requisitos previos.<\/p>\n<p>&nbsp;<\/p>\n<h2>Situaci\u00f3n meteorol\u00f3gica<\/h2>\n<p>El programa puede estar sujeto a cambios en funci\u00f3n de las condiciones meteorol\u00f3gicas.<\/p>\n<p>&nbsp;<\/p>\n<h2>Vuelo<\/h2>\n<p><span style=\"font-weight: 400;\">T<\/span><span style=\"font-weight: 400;\">Le recuerdo que los viajes SeaYou no incluyen vuelos de ida y vuelta desde Italia, lo que permite a los participantes elegir su propia compa\u00f1\u00eda a\u00e9rea, aeropuerto de salida y posibles escalas. <\/span><a href=\"https:\/\/www.skyscanner.it\/\" target=\"_blank\" rel=\"noopener\"><span style=\"font-weight: 400;\">Busque su vuelo<\/span><\/a><\/p>","protected":false},"featured_media":11660,"comment_status":"open","ping_status":"closed","template":"","meta":{"_acf_changed":false,"_joinchat":[]},"product_brand":[],"product_cat":[28],"product_tag":[112],"class_list":{"0":"post-9791","1":"product","2":"type-product","3":"status-publish","4":"has-post-thumbnail","6":"brw_tour_types-tutte-le-attivita","7":"brw_brw_tour_difficulty-day-skipper","8":"product_cat-esperienze","9":"product_tag-sold-out","11":"first","12":"outofstock","13":"sale","14":"taxable","15":"shipping-taxable","16":"purchasable","17":"product-type-ovabrw_car_rental"},"acf":[],"aioseo_notices":[],"_links":{"self":[{"href":"https:\/\/seayougroup.com\/es\/wp-json\/wp\/v2\/product\/9791","targetHints":{"allow":["GET"]}}],"collection":[{"href":"https:\/\/seayougroup.com\/es\/wp-json\/wp\/v2\/product"}],"about":[{"href":"https:\/\/seayougroup.com\/es\/wp-json\/wp\/v2\/types\/product"}],"replies":[{"embeddable":true,"href":"https:\/\/seayougroup.com\/es\/wp-json\/wp\/v2\/comments?post=9791"}],"wp:featuredmedia":[{"embeddable":true,"href":"https:\/\/seayougroup.com\/es\/wp-json\/wp\/v2\/media\/11660"}],"wp:attachment":[{"href":"https:\/\/seayougroup.com\/es\/wp-json\/wp\/v2\/media?parent=9791"}],"wp:term":[{"taxonomy":"product_brand","embeddable":true,"href":"https:\/\/seayougroup.com\/es\/wp-json\/wp\/v2\/product_brand?post=9791"},{"taxonomy":"product_cat","embeddable":true,"href":"https:\/\/seayougroup.com\/es\/wp-json\/wp\/v2\/product_cat?post=9791"},{"taxonomy":"product_tag","embeddable":true,"href":"https:\/\/seayougroup.com\/es\/wp-json\/wp\/v2\/product_tag?post=9791"}],"curies":[{"name":"wp","href":"https:\/\/api.w.org\/{rel}","templated":true}]}}