{"id":10341,"date":"2024-06-24T13:42:06","date_gmt":"2024-06-24T13:42:06","guid":{"rendered":"https:\/\/seayougroup.com\/?post_type=product&#038;p=10341"},"modified":"2025-09-26T15:53:10","modified_gmt":"2025-09-26T13:53:10","slug":"grecia-dodecaneso-la-scoperta-del-mar-egeo","status":"publish","type":"product","link":"https:\/\/seayougroup.com\/fr\/esperienza\/grecia-dodecaneso-la-scoperta-del-mar-egeo\/","title":{"rendered":"Gr\u00e8ce Dod\u00e9can\u00e8se : \u00e0 la d\u00e9couverte de la mer \u00c9g\u00e9e"},"content":{"rendered":"<h2><b>\u00a0Une exp\u00e9rience de r\u00eave avec une touche d'aventure !<\/b><\/h2>\n<p>Plongez dans la beaut\u00e9 intemporelle de la mer \u00c9g\u00e9e avec notre exploration exclusive du Dod\u00e9can\u00e8se, un archipel d'\u00eeles enchanteresses surplombant des eaux cristallines et offrant des vues \u00e0 couper le souffle. D\u00e9couvrez des villages pittoresques, aux maisons traditionnelles surplombant la mer, qui semblent tout droit sortis des pages d'un conte de f\u00e9es. \u00c0 la nuit tomb\u00e9e, la magie des criques \u00e9clair\u00e9es par la lune cr\u00e9e des paysages de r\u00eave, les villages se refl\u00e9tant dans les eaux calmes.<\/p>\n<p>Le Dod\u00e9can\u00e8se est \u00e9galement un paradis pour les amateurs de voile, avec de magnifiques criques et des vents id\u00e9aux qui offrent l'endroit id\u00e9al pour tester vos comp\u00e9tences et consolider les bases de la voile. Naviguez entre des \u00eeles vierges et des criques secr\u00e8tes, en exp\u00e9rimentant la pure libert\u00e9 de la mer en compagnie de nouveaux amis. Rejoignez-nous pour une aventure qui allie culture, beaut\u00e9 des paysages, gastronomie et voile, et d\u00e9couvrez l'un des endroits les plus fascinants de la M\u00e9diterran\u00e9e, o\u00f9 chaque jour est une nouvelle d\u00e9couverte et chaque instant un cadeau de la mer.<\/p>\n<p><b>Mais ce n'est pas tout !<\/b><\/p>\n<p><span style=\"font-weight: 400;\">Pendant le voyage, vous pourrez \u00e9galement d\u00e9couvrir l'art de la voile d'une mani\u00e8re l\u00e9g\u00e8re et amusante. Aucune exp\u00e9rience pr\u00e9alable n'est n\u00e9cessaire : il ne s'agit pas seulement de vacances, mais d'un voyage qui vous permet d'apprendre quelque chose de nouveau sans sacrifier le plaisir. Chaque jour sera un \u00e9quilibre entre aventure et d\u00e9tente, avec des moments de navigation, d'exploration et d'immersion dans la culture locale.<\/span><\/p>\n<h3><b>D\u00e9couvrez le r\u00f4le qui vous convient<\/b><\/h3>\n<p><span style=\"font-weight: 400;\">A bord, vous aurez l'occasion de participer \u00e0 la conduite du bateau \u00e0 tour de r\u00f4le, mais toujours dans un cadre informel et agr\u00e9able. Vous vous essayerez \u00e0 la barre, au r\u00e9glage des voiles et d\u00e9couvrirez peut-\u00eatre comment g\u00e9rer la vie \u00e0 bord. Apr\u00e8s chaque journ\u00e9e en mer, un d\u00e9briefing d\u00e9tendu est pr\u00e9vu et, pourquoi pas, une balade dans les villages voisins ou un d\u00eener dans un restaurant typique.<\/span><\/p>\n<h3><b>Pour les amoureux de la mer, sans oublier l'aventure !<\/b><\/h3>\n<p><span style=\"font-weight: 400;\">Apprenez les bases de la navigation naturellement, sans stress, et d\u00e9couvrez comment :<\/span><\/p>\n<ul>\n<li style=\"font-weight: 400;\" aria-level=\"1\"><span style=\"font-weight: 400;\">R\u00e9gler les voiles et comprendre les secrets du vent.<\/span><\/li>\n<li style=\"font-weight: 400;\" aria-level=\"1\"><span style=\"font-weight: 400;\">Amarrez dans des baies \u00e0 couper le souffle et utilisez l'annexe pour atteindre le rivage.<\/span><\/li>\n<li style=\"font-weight: 400;\" aria-level=\"1\"><span style=\"font-weight: 400;\">Naviguez en toute s\u00e9curit\u00e9 et apprenez les astuces de la vie \u00e0 bord.<\/span><\/li>\n<\/ul>\n<p><span style=\"font-weight: 400;\">Le tout dans un souci de s\u00e9curit\u00e9 et de d\u00e9couverte : de la r\u00e9cup\u00e9ration de l'homme \u00e0 la mer (dont nous esp\u00e9rons que vous n'aurez jamais besoin !) \u00e0 la gestion du stress d'un \u00e9quipage. Vous ferez partie d'une exp\u00e9rience compl\u00e8te qui vous donnera l'impression d'\u00eatre un vrai marin... ou simplement quelqu'un qui a d\u00e9cid\u00e9 de vivre la mer \u00e0 fond !<\/span><\/p>\n<h3><b>Plus que des vacances : une aventure avec SeaYou<\/b><\/h3>\n<p><span style=\"font-weight: 400;\">Peu importe que vous choisissiez d'apprendre tous les d\u00e9tails techniques ou que vous pr\u00e9f\u00e9riez profiter des couchers de soleil : Dodecanese Explore vous r\u00e9serve des moments uniques, o\u00f9 la mer n'est pas seulement une toile de fond, mais le v\u00e9ritable protagoniste.<\/span><\/p>","protected":false},"excerpt":{"rendered":"<h2>Equipement<\/h2>\n<ul>\n<li>Draps de lit ou sac de couchage<\/li>\n<li>Mackintosh complet<\/li>\n<li>M\u00e9dicaments essentiels<\/li>\n<li>Serviettes<\/li>\n<li>Chaussures bateau<\/li>\n<li>Gants de bateau<\/li>\n<li>Feu avant<\/li>\n<\/ul>\n<p>Avant chaque voyage, une liste d\u00e9taill\u00e9e de l'\u00e9quipement sera envoy\u00e9e par courriel et par l'interm\u00e9diaire d'un groupe WhatsApp d\u00e9di\u00e9, afin de s'assurer que les participants sont bien pr\u00e9par\u00e9s. Lire le\u00a0 <a href=\"https:\/\/seayougroup.com\/fr\/faq\/\">FAQ<\/a> pour les dimensions des bagages.<\/p>\n<p>&nbsp;<\/p>\n<h2>Situation m\u00e9t\u00e9orologique<\/h2>\n<p>Le programme peut \u00eatre modifi\u00e9 en fonction des conditions m\u00e9t\u00e9orologiques.<\/p>\n<p>&nbsp;<\/p>\n<h2>Vol<\/h2>\n<p><span style=\"font-weight: 400;\">T<\/span><span style=\"font-weight: 400;\">Je vous rappelle que les voyages SeaYou n'incluent pas les vols aller-retour depuis l'Italie, ce qui permet aux participants de choisir leur propre compagnie a\u00e9rienne, leur a\u00e9roport de d\u00e9part et leurs \u00e9ventuelles escales. <\/span><a href=\"https:\/\/www.skyscanner.it\/\" target=\"_blank\" rel=\"noopener\"><span style=\"font-weight: 400;\">Recherchez votre vol<\/span><\/a><\/p>","protected":false},"featured_media":11659,"comment_status":"open","ping_status":"closed","template":"","meta":{"_acf_changed":false,"_joinchat":[]},"product_brand":[],"product_cat":[28],"product_tag":[],"class_list":{"0":"post-10341","1":"product","2":"type-product","3":"status-publish","4":"has-post-thumbnail","6":"brw_brw_tour_difficulty-day-skipper","7":"product_cat-esperienze","9":"first","10":"outofstock","11":"sale","12":"taxable","13":"shipping-taxable","14":"purchasable","15":"product-type-ovabrw_car_rental"},"acf":[],"aioseo_notices":[],"_links":{"self":[{"href":"https:\/\/seayougroup.com\/fr\/wp-json\/wp\/v2\/product\/10341","targetHints":{"allow":["GET"]}}],"collection":[{"href":"https:\/\/seayougroup.com\/fr\/wp-json\/wp\/v2\/product"}],"about":[{"href":"https:\/\/seayougroup.com\/fr\/wp-json\/wp\/v2\/types\/product"}],"replies":[{"embeddable":true,"href":"https:\/\/seayougroup.com\/fr\/wp-json\/wp\/v2\/comments?post=10341"}],"wp:featuredmedia":[{"embeddable":true,"href":"https:\/\/seayougroup.com\/fr\/wp-json\/wp\/v2\/media\/11659"}],"wp:attachment":[{"href":"https:\/\/seayougroup.com\/fr\/wp-json\/wp\/v2\/media?parent=10341"}],"wp:term":[{"taxonomy":"product_brand","embeddable":true,"href":"https:\/\/seayougroup.com\/fr\/wp-json\/wp\/v2\/product_brand?post=10341"},{"taxonomy":"product_cat","embeddable":true,"href":"https:\/\/seayougroup.com\/fr\/wp-json\/wp\/v2\/product_cat?post=10341"},{"taxonomy":"product_tag","embeddable":true,"href":"https:\/\/seayougroup.com\/fr\/wp-json\/wp\/v2\/product_tag?post=10341"}],"curies":[{"name":"wp","href":"https:\/\/api.w.org\/{rel}","templated":true}]}}