{"id":10741,"date":"2024-08-02T08:28:45","date_gmt":"2024-08-02T08:28:45","guid":{"rendered":"https:\/\/seayougroup.com\/?post_type=product&#038;p=10741"},"modified":"2025-09-11T14:59:26","modified_gmt":"2025-09-11T12:59:26","slug":"portogallo-training-lisbona-e-oceano-atlantico-a-360","status":"publish","type":"product","link":"https:\/\/seayougroup.com\/fr\/esperienza\/portogallo-training-lisbona-e-oceano-atlantico-a-360\/","title":{"rendered":"Formation Portugal : Lisbonne et l'oc\u00e9an Atlantique \u00e0 360\u00b0."},"content":{"rendered":"<h2>Que ferez-vous ?<\/h2>\n<p>Un cours complet de navigation oc\u00e9anique, divis\u00e9 en deux phases : la premi\u00e8re phase consiste en des cours th\u00e9oriques et des sorties quotidiennes en mer, l'objectif \u00e9tant de conna\u00eetre le bateau et d'apprendre \u00e0 pr\u00e9venir et \u00e0 r\u00e9agir dans les principales situations d'urgence : homme \u00e0 la mer, collision et navigation par mauvais temps. La deuxi\u00e8me phase est une longue navigation sans escale en mer : les \u00e9tudiants travailleront 24 heures sur 24, r\u00e9partis en deux \u00e9quipes de deux\/trois personnes, alternant 3 heures de repos et 3 heures de travail, pendant le cours vous apprendrez des m\u00e9thodes professionnelles pour naviguer rapidement et en toute s\u00e9curit\u00e9.<\/p>\n<p><b>Man\u0153uvrer le bateau :<\/b><\/p>\n<ul>\n<li>Man\u0153uvres en \u00e9quipage r\u00e9duit et en solo<\/li>\n<li>R\u00e9glage de la voile et du spinnaker<\/li>\n<li>Navigation de nuit et par mauvais temps<\/li>\n<\/ul>\n<p>&nbsp;<\/p>\n<p><b>Comp\u00e9tences en mati\u00e8re de navigation :<\/b><\/p>\n<ul>\n<li>Gestion des itin\u00e9raires en fonction des conditions m\u00e9t\u00e9orologiques<\/li>\n<li>Utilisation des syst\u00e8mes informatiques pour les activit\u00e9s de s\u00e9curit\u00e9 et de routage<\/li>\n<li>Utilisation des syst\u00e8mes MOB, EPIRB, PLB et AIS<\/li>\n<li>Gestion du sommeil et du stress<\/li>\n<\/ul>\n<p>&nbsp;<\/p>\n<p><b>La s\u00e9curit\u00e9 :<\/b><\/p>\n<ul>\n<li style=\"font-weight: 400;\" aria-level=\"1\"><span style=\"font-weight: 400;\">Appel d'urgence<\/span><\/li>\n<li style=\"font-weight: 400;\" aria-level=\"1\"><span style=\"font-weight: 400;\">Proc\u00e9dures de s\u00e9curit\u00e9<\/span><\/li>\n<li style=\"font-weight: 400;\" aria-level=\"1\"><span style=\"font-weight: 400;\">Gestion<\/span> <span style=\"font-weight: 400;\">de<\/span> <span style=\"font-weight: 400;\">le stress et le sommeil<\/span><\/li>\n<li style=\"font-weight: 400;\" aria-level=\"1\"><span style=\"font-weight: 400;\">Alimentation et cuisine<\/span><\/li>\n<li style=\"font-weight: 400;\" aria-level=\"1\">Journal de bord<\/li>\n<\/ul>","protected":false},"excerpt":{"rendered":"<h2>Equipement<\/h2>\n<ul>\n<li>Draps de lit ou sac de couchage<\/li>\n<li>Mackintosh complet<\/li>\n<li>M\u00e9dicaments essentiels<\/li>\n<li>Serviettes<\/li>\n<li>Chaussures bateau<\/li>\n<li>Gants de bateau<\/li>\n<li>Feu avant<\/li>\n<\/ul>\n<p>Avant chaque voyage, une liste d\u00e9taill\u00e9e de l'\u00e9quipement sera envoy\u00e9e par courriel et par l'interm\u00e9diaire d'un groupe WhatsApp d\u00e9di\u00e9, afin de s'assurer que les participants sont bien pr\u00e9par\u00e9s. Lire le\u00a0 <a href=\"https:\/\/seayougroup.com\/fr\/faq\/\">FAQ<\/a> pour les dimensions des bagages.<\/p>\n<h2>Conditions pr\u00e9alables requises<\/h2>\n<p>Bases de la navigation de plaisance et de la navigation, nomenclature, savoir faire des virages et r\u00e9trograder.<\/p>\n<p>&nbsp;<\/p>\n<h2>Situation m\u00e9t\u00e9orologique<\/h2>\n<p>Le programme peut \u00eatre modifi\u00e9 en fonction des conditions m\u00e9t\u00e9orologiques.<\/p>\n<p>&nbsp;<\/p>\n<h2>Vol<\/h2>\n<p><span style=\"font-weight: 400;\">T<\/span><span style=\"font-weight: 400;\">Je vous rappelle que les voyages SeaYou n'incluent pas les vols aller-retour depuis l'Italie, ce qui permet aux participants de choisir leur propre compagnie a\u00e9rienne, leur a\u00e9roport de d\u00e9part et leurs \u00e9ventuelles escales. <\/span><a href=\"https:\/\/www.skyscanner.it\/\" target=\"_blank\" rel=\"noopener\"><span style=\"font-weight: 400;\">Recherchez votre vol<\/span><\/a><\/p>","protected":false},"featured_media":10744,"comment_status":"open","ping_status":"closed","template":"","meta":{"_acf_changed":false,"_joinchat":[]},"product_brand":[],"product_cat":[28,15],"product_tag":[],"class_list":{"0":"post-10741","1":"product","2":"type-product","3":"status-publish","4":"has-post-thumbnail","6":"brw_brw_tour_difficulty-ocean-experience","7":"product_cat-esperienze","8":"product_cat-uncategorized","10":"first","11":"instock","12":"sale","13":"taxable","14":"shipping-taxable","15":"purchasable","16":"product-type-ovabrw_car_rental"},"acf":[],"aioseo_notices":[],"_links":{"self":[{"href":"https:\/\/seayougroup.com\/fr\/wp-json\/wp\/v2\/product\/10741","targetHints":{"allow":["GET"]}}],"collection":[{"href":"https:\/\/seayougroup.com\/fr\/wp-json\/wp\/v2\/product"}],"about":[{"href":"https:\/\/seayougroup.com\/fr\/wp-json\/wp\/v2\/types\/product"}],"replies":[{"embeddable":true,"href":"https:\/\/seayougroup.com\/fr\/wp-json\/wp\/v2\/comments?post=10741"}],"wp:featuredmedia":[{"embeddable":true,"href":"https:\/\/seayougroup.com\/fr\/wp-json\/wp\/v2\/media\/10744"}],"wp:attachment":[{"href":"https:\/\/seayougroup.com\/fr\/wp-json\/wp\/v2\/media?parent=10741"}],"wp:term":[{"taxonomy":"product_brand","embeddable":true,"href":"https:\/\/seayougroup.com\/fr\/wp-json\/wp\/v2\/product_brand?post=10741"},{"taxonomy":"product_cat","embeddable":true,"href":"https:\/\/seayougroup.com\/fr\/wp-json\/wp\/v2\/product_cat?post=10741"},{"taxonomy":"product_tag","embeddable":true,"href":"https:\/\/seayougroup.com\/fr\/wp-json\/wp\/v2\/product_tag?post=10741"}],"curies":[{"name":"wp","href":"https:\/\/api.w.org\/{rel}","templated":true}]}}