{"id":10746,"date":"2024-08-07T09:48:33","date_gmt":"2024-08-07T09:48:33","guid":{"rendered":"https:\/\/seayougroup.com\/?post_type=product&#038;p=10746"},"modified":"2025-09-26T15:52:26","modified_gmt":"2025-09-26T13:52:26","slug":"isole-eolie-trekking-vulcanico","status":"publish","type":"product","link":"https:\/\/seayougroup.com\/fr\/esperienza\/isole-eolie-trekking-vulcanico\/","title":{"rendered":"\u00celes \u00c9oliennes : Trekking volcanique"},"content":{"rendered":"<h1>Que ferez-vous ?<\/h1>\n<p>D\u00e9couvrez le paradis des \u00eeles \u00c9oliennes, le \"Hawa\u00ef de l'Europe\", avec une aventure qui allie la mer, la gastronomie et la joie de nouvelles amiti\u00e9s. Imaginez que vous naviguez entre des criques cach\u00e9es et enchanteresses, o\u00f9 chaque d\u00e9jeuner est un festin face \u00e0 des eaux cristallines et o\u00f9 chaque ap\u00e9ritif est une exp\u00e9rience m\u00e9morable, entour\u00e9e de panoramas de r\u00eave. Au cours de nos journ\u00e9es, des baignades interminables dans des eaux turquoise et des brises balay\u00e9es par le vent vous attendent tandis que vous naviguez vers des coins uniques inaccessibles par la terre.<\/p>\n<p>Au coucher du soleil, nous d\u00e9barquons pour nous immerger dans les ar\u00f4mes enveloppants des \u00eeles \u00c9oliennes et d\u00e9guster des plats typiques qui racontent l'histoire et les traditions locales. La cuisine \u00e9olienne, avec ses saveurs authentiques et fra\u00eeches, enrichira chaque soir\u00e9e, tandis que nous dormirons face \u00e0 des falaises spectaculaires et que nous nous laisserons enchanter par les couchers de soleil \u00e0 couper le souffle.<\/p>\n<p>Vivre les \u00eeles \u00c9oliennes avec Sea You, c'est vivre une exp\u00e9rience authentique : se faire de nouveaux amis, explorer la beaut\u00e9 naturelle de ces \u00eeles magiques et d\u00e9couvrir un monde de merveilles. Partagez des moments inoubliables avec nous et laissez-vous s\u00e9duire par le charme de la mer et de la culture \u00e9olienne. Rejoignez-nous et vivez l'aventure de vos r\u00eaves dans les \u00eeles \u00c9oliennes, o\u00f9 chaque jour est une c\u00e9l\u00e9bration de la vie et de l'amiti\u00e9.<\/p>","protected":false},"excerpt":{"rendered":"<h2>Equipement<\/h2>\n<ul>\n<li>Mackintosh complet<\/li>\n<li>M\u00e9dicaments essentiels<\/li>\n<li>Serviette de bain<\/li>\n<li>Hygi\u00e8ne personnelle : savon, brosse \u00e0 dents, etc.<\/li>\n<li>Feu avant<\/li>\n<li>Serviette de plage<\/li>\n<li>Cr\u00e8me solaire, chapeau<\/li>\n<li>V\u00eatements d'\u00e9t\u00e9, maillots de bain et \u00e9quipement de randonn\u00e9e<\/li>\n<\/ul>\n<p>Avant chaque voyage, une liste d\u00e9taill\u00e9e de l'\u00e9quipement sera envoy\u00e9e par courriel et par l'interm\u00e9diaire d'un groupe WhatsApp d\u00e9di\u00e9, afin de s'assurer que les participants sont bien pr\u00e9par\u00e9s. Lire le\u00a0 <a href=\"https:\/\/seayougroup.com\/fr\/faq\/\">FAQ<\/a> pour les dimensions des bagages.<\/p>\n<p>&nbsp;<\/p>\n<h2>Situation m\u00e9t\u00e9orologique<\/h2>\n<p>Le programme peut \u00eatre modifi\u00e9 en fonction des conditions m\u00e9t\u00e9orologiques.<\/p>\n<p>&nbsp;<\/p>\n<h2>Vol<\/h2>\n<p><span style=\"font-weight: 400;\">T<\/span><span style=\"font-weight: 400;\">Je vous rappelle que les voyages SeaYou n'incluent pas les vols aller-retour, ce qui permet aux participants de choisir leur propre compagnie a\u00e9rienne, leur a\u00e9roport de d\u00e9part et leurs \u00e9ventuelles escales. <\/span><a href=\"https:\/\/www.skyscanner.it\/\" target=\"_blank\" rel=\"noopener\"><span style=\"font-weight: 400;\">Recherchez votre vol<\/span><\/a><\/p>","protected":false},"featured_media":12164,"comment_status":"open","ping_status":"closed","template":"","meta":{"_acf_changed":false,"_joinchat":[]},"product_brand":[],"product_cat":[121],"product_tag":[],"class_list":{"0":"post-10746","1":"product","2":"type-product","3":"status-publish","4":"has-post-thumbnail","6":"brw_brw_brw_brw_type_adventure-hike-and-sail","7":"product_cat-adventure","9":"first","10":"instock","11":"sale","12":"taxable","13":"shipping-taxable","14":"purchasable","15":"product-type-ovabrw_car_rental"},"acf":[],"aioseo_notices":[],"_links":{"self":[{"href":"https:\/\/seayougroup.com\/fr\/wp-json\/wp\/v2\/product\/10746","targetHints":{"allow":["GET"]}}],"collection":[{"href":"https:\/\/seayougroup.com\/fr\/wp-json\/wp\/v2\/product"}],"about":[{"href":"https:\/\/seayougroup.com\/fr\/wp-json\/wp\/v2\/types\/product"}],"replies":[{"embeddable":true,"href":"https:\/\/seayougroup.com\/fr\/wp-json\/wp\/v2\/comments?post=10746"}],"wp:featuredmedia":[{"embeddable":true,"href":"https:\/\/seayougroup.com\/fr\/wp-json\/wp\/v2\/media\/12164"}],"wp:attachment":[{"href":"https:\/\/seayougroup.com\/fr\/wp-json\/wp\/v2\/media?parent=10746"}],"wp:term":[{"taxonomy":"product_brand","embeddable":true,"href":"https:\/\/seayougroup.com\/fr\/wp-json\/wp\/v2\/product_brand?post=10746"},{"taxonomy":"product_cat","embeddable":true,"href":"https:\/\/seayougroup.com\/fr\/wp-json\/wp\/v2\/product_cat?post=10746"},{"taxonomy":"product_tag","embeddable":true,"href":"https:\/\/seayougroup.com\/fr\/wp-json\/wp\/v2\/product_tag?post=10746"}],"curies":[{"name":"wp","href":"https:\/\/api.w.org\/{rel}","templated":true}]}}