{"id":11437,"date":"2024-09-19T15:34:34","date_gmt":"2024-09-19T15:34:34","guid":{"rendered":"https:\/\/seayougroup.com\/?post_type=product&#038;p=11437"},"modified":"2025-09-26T15:51:42","modified_gmt":"2025-09-26T13:51:42","slug":"grecia-ionica-veleggia-tra-miti-e-bellezze","status":"publish","type":"product","link":"https:\/\/seayougroup.com\/fr\/esperienza\/grecia-ionica-veleggia-tra-miti-e-bellezze\/","title":{"rendered":"Gr\u00e8ce ionienne : naviguer entre mythes et beaut\u00e9"},"content":{"rendered":"<p><b>Une exp\u00e9rience de r\u00eave avec une touche d'aventure !<\/b><\/p>\n<p>Pr\u00e9parez-vous \u00e0 d\u00e9couvrir l'essence de la Gr\u00e8ce ionienne avec le circuit \"Ionian Explore\" : un m\u00e9lange parfait de d\u00e9tente, de d\u00e9couverte et d'aventure ! Vous naviguerez le long de plages magnifiques et d'eaux turquoises, le vent chaud caressant vos voiles et l'odeur de la mer embaumant l'air. Imaginez des couchers de soleil spectaculaires se refl\u00e9tant sur les eaux bleues, des rires partag\u00e9s avec de nouveaux amis et la libert\u00e9 de vous laisser bercer par les vagues.<\/p>\n<p>Au cours du voyage, vous d\u00e9couvrirez \u00e9galement des ports pittoresques et des restaurants de bord de mer caract\u00e9ristiques, o\u00f9 vous pourrez d\u00e9guster les d\u00e9lices de la cuisine grecque, tels que la moussaka, les salades fra\u00eeches avec de la feta et des olives, et le poisson fra\u00eechement p\u00each\u00e9 pr\u00e9par\u00e9 avec des herbes.<\/p>\n<p>Nous nous arr\u00eaterons sur les magnifiques \u00eeles de Corfou, Paxos et Leucade, chacune ayant son propre charme. \u00c0 Corfou, vous pourrez explorer la vieille ville class\u00e9e par l'UNESCO et prendre un caf\u00e9 sur l'une des places anim\u00e9es. \u00c0 Paxos, les eaux cristallines et les grottes marines vous enchanteront, tandis qu'\u00e0 Leucade, vous d\u00e9couvrirez des plages de r\u00eave comme Porto Katsiki.<\/p>\n<p><strong>Mais ce n'est pas tout !<\/strong><\/p>\n<p>Pendant le voyage, vous aurez \u00e9galement l'occasion d'apprendre l'art de la voile d'une mani\u00e8re l\u00e9g\u00e8re et amusante. Aucune exp\u00e9rience pr\u00e9alable n'est n\u00e9cessaire : il ne s'agit pas de simples vacances, mais d'un voyage qui vous permet d'apprendre quelque chose de nouveau sans sacrifier le plaisir. Chaque jour sera un \u00e9quilibre entre aventure et d\u00e9tente, avec des moments de navigation, d'exploration et d'immersion dans la culture locale.<\/p>\n<p>Laissez-vous s\u00e9duire par la beaut\u00e9 naturelle de la Gr\u00e8ce ionienne et ses traditions hospitali\u00e8res !<\/p>\n<h3><b>D\u00e9couvrez le r\u00f4le qui vous convient<\/b><\/h3>\n<p>A bord, vous aurez l'occasion de participer \u00e0 la conduite du bateau, mais toujours dans un cadre informel et agr\u00e9able. Vous vous essayerez \u00e0 la barre, au r\u00e9glage des voiles et d\u00e9couvrirez peut-\u00eatre comment g\u00e9rer la vie \u00e0 bord. Apr\u00e8s chaque journ\u00e9e en mer, vous aurez la possibilit\u00e9 de faire un d\u00e9briefing d\u00e9tendu et de vous promener dans les villages voisins ou de d\u00eener dans un restaurant typique.<\/p>\n<h3><b>Pour les amoureux de la mer, sans oublier l'aventure !<\/b><\/h3>\n<p>Apprenez les bases de la navigation naturellement, sans stress, et d\u00e9couvrez comment :<\/p>\n<ul>\n<li aria-level=\"1\">R\u00e9gler les voiles et comprendre les secrets du vent.<\/li>\n<li aria-level=\"1\">Amarrez dans des baies \u00e0 couper le souffle et utilisez l'annexe pour atteindre le rivage.<\/li>\n<li aria-level=\"1\">Naviguez en toute s\u00e9curit\u00e9 et apprenez les astuces de la vie \u00e0 bord.<\/li>\n<\/ul>\n<p>Le tout dans un souci de s\u00e9curit\u00e9 et de d\u00e9couverte : de la r\u00e9cup\u00e9ration de l'homme \u00e0 la mer \u00e0 la gestion de l'\u00e9quipage. Vous participerez \u00e0 une exp\u00e9rience compl\u00e8te qui vous donnera l'impression d'\u00eatre un vrai marin... ou tout simplement quelqu'un qui a d\u00e9cid\u00e9 de vivre pleinement la mer !<\/p>\n<h3><b>Plus que des vacances : une aventure avec SeaYou<\/b><\/h3>\n<p>Peu importe que vous choisissiez d'apprendre chaque d\u00e9tail technique ou que vous pr\u00e9f\u00e9riez profiter des couchers de soleil : Ionica Explore vous attend pour vous faire vivre des moments uniques, o\u00f9 la mer n'est pas seulement une toile de fond, mais le v\u00e9ritable protagoniste.<\/p>","protected":false},"excerpt":{"rendered":"<h2>Equipement<\/h2>\n<ul>\n<li>Draps de lit ou sac de couchage<\/li>\n<li>Mackintosh complet<\/li>\n<li>M\u00e9dicaments essentiels<\/li>\n<li>Serviettes<\/li>\n<li>Chaussures bateau<\/li>\n<li>Gants de bateau<\/li>\n<li>Feu avant<\/li>\n<\/ul>\n<p>Avant chaque voyage, une liste d\u00e9taill\u00e9e de l'\u00e9quipement sera envoy\u00e9e par courriel et par l'interm\u00e9diaire d'un groupe WhatsApp d\u00e9di\u00e9, afin de s'assurer que les participants sont bien pr\u00e9par\u00e9s. Lire le\u00a0 <a href=\"https:\/\/seayougroup.com\/fr\/faq\/\">FAQ<\/a> pour les dimensions des bagages.<\/p>\n<p>&nbsp;<\/p>\n<h2>Conditions pr\u00e9alables requises<\/h2>\n<p><span style=\"font-weight: 400;\">Connaissance des n\u0153uds, de la s\u00e9curit\u00e9 de base \u00e0 bord, de la nomenclature des bateaux, \u00e9ventuellement connaissance des principales man\u0153uvres et de l'organisation de la navigation. <\/span>des diff\u00e9rentes techniques d'amarrage.<\/p>\n<p>&nbsp;<\/p>\n<h2>Situation m\u00e9t\u00e9orologique<\/h2>\n<p>Le programme peut \u00eatre modifi\u00e9 en fonction des conditions m\u00e9t\u00e9orologiques.<\/p>\n<p>&nbsp;<\/p>\n<h2><span style=\"vertical-align: inherit;\"><span style=\"vertical-align: inherit;\">Vol<\/span><\/span><\/h2>\n<p><span style=\"font-weight: 400;\">T<\/span><span style=\"font-weight: 400;\">Je vous rappelle que les voyages SeaYou n'incluent pas les vols aller-retour depuis l'Italie, ce qui permet aux participants de choisir leur propre compagnie a\u00e9rienne, leur a\u00e9roport de d\u00e9part et leurs \u00e9ventuelles escales. <\/span><a href=\"https:\/\/www.skyscanner.it\/\" target=\"_blank\" rel=\"noopener\"><span style=\"font-weight: 400;\">Recherchez votre vol<\/span><\/a><\/p>","protected":false},"featured_media":11656,"comment_status":"open","ping_status":"closed","template":"","meta":{"_acf_changed":false,"_joinchat":[]},"product_brand":[],"product_cat":[28],"product_tag":[],"class_list":{"0":"post-11437","1":"product","2":"type-product","3":"status-publish","4":"has-post-thumbnail","6":"brw_brw_tour_difficulty-day-skipper","7":"product_cat-esperienze","9":"first","10":"outofstock","11":"sale","12":"taxable","13":"shipping-taxable","14":"purchasable","15":"product-type-ovabrw_car_rental"},"acf":[],"aioseo_notices":[],"_links":{"self":[{"href":"https:\/\/seayougroup.com\/fr\/wp-json\/wp\/v2\/product\/11437","targetHints":{"allow":["GET"]}}],"collection":[{"href":"https:\/\/seayougroup.com\/fr\/wp-json\/wp\/v2\/product"}],"about":[{"href":"https:\/\/seayougroup.com\/fr\/wp-json\/wp\/v2\/types\/product"}],"replies":[{"embeddable":true,"href":"https:\/\/seayougroup.com\/fr\/wp-json\/wp\/v2\/comments?post=11437"}],"wp:featuredmedia":[{"embeddable":true,"href":"https:\/\/seayougroup.com\/fr\/wp-json\/wp\/v2\/media\/11656"}],"wp:attachment":[{"href":"https:\/\/seayougroup.com\/fr\/wp-json\/wp\/v2\/media?parent=11437"}],"wp:term":[{"taxonomy":"product_brand","embeddable":true,"href":"https:\/\/seayougroup.com\/fr\/wp-json\/wp\/v2\/product_brand?post=11437"},{"taxonomy":"product_cat","embeddable":true,"href":"https:\/\/seayougroup.com\/fr\/wp-json\/wp\/v2\/product_cat?post=11437"},{"taxonomy":"product_tag","embeddable":true,"href":"https:\/\/seayougroup.com\/fr\/wp-json\/wp\/v2\/product_tag?post=11437"}],"curies":[{"name":"wp","href":"https:\/\/api.w.org\/{rel}","templated":true}]}}