{"id":12282,"date":"2025-04-07T12:14:38","date_gmt":"2025-04-07T10:14:38","guid":{"rendered":"https:\/\/seayougroup.com\/?post_type=product&#038;p=12282"},"modified":"2026-03-30T10:53:48","modified_gmt":"2026-03-30T08:53:48","slug":"sail-hiking-alle-lofoten-dove-le-montagne-uniscono-il-mare-e-il-cielo","status":"publish","type":"product","link":"https:\/\/seayougroup.com\/fr\/esperienza\/sail-hiking-alle-lofoten-dove-le-montagne-uniscono-il-mare-e-il-cielo\/","title":{"rendered":"Randonn\u00e9e en voilier aux Lofoten : l\u00e0 o\u00f9 les montagnes unissent la mer et le ciel"},"content":{"rendered":"<h3><strong>Norv\u00e8ge : Fjords et \u00eeles Lofoten - voile, randonn\u00e9e et aurores bor\u00e9ales<\/strong><\/h3>\n<p class=\"cvGsUA direction-ltr align-justify para-style-body\"><span class=\"OYPEnA font-feature-liga-off font-feature-clig-off font-feature-calt-off text-decoration-none text-strikethrough-none\">Une exp\u00e9rience de r\u00eave avec une touche d'aventure !<\/span><\/p>\n<p class=\"cvGsUA direction-ltr align-justify para-style-body\"><span class=\"OYPEnA font-feature-liga-off font-feature-clig-off font-feature-calt-off text-decoration-none text-strikethrough-none\">D\u00e9couvrez la magie de la Norv\u00e8ge gr\u00e2ce \u00e0 un circuit unique qui vous emm\u00e8ne \u00e0 travers les fjords majestueux et les \u00eeles Lofoten enchanteresses. Non seulement vous explorerez des paysages \u00e0 couper le souffle, mais vous aurez \u00e9galement l'occasion de naviguer sous les aurores bor\u00e9ales. <\/span><span class=\"OYPEnA font-feature-liga-off font-feature-clig-off font-feature-calt-off text-decoration-none text-strikethrough-none\">bor\u00e9ale, une exp\u00e9rience qui vous laissera bouche b\u00e9e.<\/span><\/p>\n<p class=\"cvGsUA direction-ltr align-justify para-style-body\"><span class=\"OYPEnA font-feature-liga-off font-feature-clig-off font-feature-calt-off text-decoration-none text-strikethrough-none\">Naviguez le long de falaises imposantes et d'eaux cristallines tandis que la danse des aurores bor\u00e9ales illumine le ciel. Chaque jour sera une aventure dans la nature sauvage et les villages norv\u00e9giens pittoresques, ce qui rendra ce voyage inoubliable.<\/span><\/p>\n<p class=\"cvGsUA direction-ltr align-justify para-style-body\"><span class=\"OYPEnA font-feature-liga-off font-feature-clig-off font-feature-calt-off text-decoration-none text-strikethrough-none\">Mais ce n'est pas tout !<\/span><\/p>\n<p class=\"cvGsUA direction-ltr align-justify para-style-body\"><span class=\"OYPEnA font-feature-liga-off font-feature-clig-off font-feature-calt-off text-decoration-none text-strikethrough-none\">\u00c0 chaque \u00e9tape de notre voyage, nous ferons des randonn\u00e9es avec des vues \u00e0 couper le souffle !<\/span><\/p>\n<p class=\"cvGsUA direction-ltr align-justify para-style-body\"><span class=\"OYPEnA font-feature-liga-off font-feature-clig-off font-feature-calt-off text-decoration-none text-strikethrough-none\">Pas \u00e0 pas, avec un guide local \u00e0 vos c\u00f4t\u00e9s, vous d\u00e9couvrirez la beaut\u00e9 naturelle des Lofoten et vous vous immergerez dans la culture locale.<\/span><\/p>\n<p class=\"cvGsUA direction-ltr align-justify para-style-body\"><span class=\"OYPEnA font-feature-liga-off font-feature-clig-off font-feature-calt-off text-decoration-none text-strikethrough-none\">Chaque journ\u00e9e sera un \u00e9quilibre entre aventure et d\u00e9tente, avec des moments de navigation, d'exploration et de convivialit\u00e9.<\/span><\/p>\n<p>*Apr\u00e8s-midi au SPA <em>y compris<\/em><\/p>\n<h3><\/h3>","protected":false},"excerpt":{"rendered":"<h2>Equipement<\/h2>\n<ul>\n<li>Imperm\u00e9able \u00e0 l'eau<\/li>\n<li>M\u00e9dicaments essentiels<\/li>\n<li>Serviette d'hygi\u00e8ne personnelle<\/li>\n<li>V\u00eatements (attendre le briefing avant le d\u00e9part)<\/li>\n<li>Feu avant<\/li>\n<\/ul>\n<p>Avant chaque voyage, une liste d\u00e9taill\u00e9e de l'\u00e9quipement sera envoy\u00e9e par courriel et par l'interm\u00e9diaire d'un groupe WhatsApp d\u00e9di\u00e9, afin de s'assurer que les participants sont bien pr\u00e9par\u00e9s. Lire le\u00a0 <a href=\"https:\/\/seayougroup.com\/fr\/faq\/\">FAQ<\/a> pour les dimensions des bagages.<\/p>\n<p>&nbsp;<\/p>\n<h2>Conditions pr\u00e9alables requises<\/h2>\n<p>Aucune condition pr\u00e9alable n'est requise<\/p>\n<p>&nbsp;<\/p>\n<h2>Situation m\u00e9t\u00e9orologique<\/h2>\n<p>Le programme peut \u00eatre modifi\u00e9 en fonction des conditions m\u00e9t\u00e9orologiques.<\/p>","protected":false},"featured_media":12287,"comment_status":"open","ping_status":"closed","template":"","meta":{"_acf_changed":false,"_joinchat":[]},"product_brand":[],"product_cat":[121,48],"product_tag":[],"class_list":{"0":"post-12282","1":"product","2":"type-product","3":"status-publish","4":"has-post-thumbnail","6":"brw_brw_brw_brw_type_adventure-hike-and-sail","7":"brw_brw_brw_tour_status-confermato","8":"product_cat-adventure","9":"product_cat-vacanze","11":"first","12":"instock","13":"sale","14":"taxable","15":"shipping-taxable","16":"purchasable","17":"product-type-ovabrw_car_rental"},"acf":[],"aioseo_notices":[],"_links":{"self":[{"href":"https:\/\/seayougroup.com\/fr\/wp-json\/wp\/v2\/product\/12282","targetHints":{"allow":["GET"]}}],"collection":[{"href":"https:\/\/seayougroup.com\/fr\/wp-json\/wp\/v2\/product"}],"about":[{"href":"https:\/\/seayougroup.com\/fr\/wp-json\/wp\/v2\/types\/product"}],"replies":[{"embeddable":true,"href":"https:\/\/seayougroup.com\/fr\/wp-json\/wp\/v2\/comments?post=12282"}],"wp:featuredmedia":[{"embeddable":true,"href":"https:\/\/seayougroup.com\/fr\/wp-json\/wp\/v2\/media\/12287"}],"wp:attachment":[{"href":"https:\/\/seayougroup.com\/fr\/wp-json\/wp\/v2\/media?parent=12282"}],"wp:term":[{"taxonomy":"product_brand","embeddable":true,"href":"https:\/\/seayougroup.com\/fr\/wp-json\/wp\/v2\/product_brand?post=12282"},{"taxonomy":"product_cat","embeddable":true,"href":"https:\/\/seayougroup.com\/fr\/wp-json\/wp\/v2\/product_cat?post=12282"},{"taxonomy":"product_tag","embeddable":true,"href":"https:\/\/seayougroup.com\/fr\/wp-json\/wp\/v2\/product_tag?post=12282"}],"curies":[{"name":"wp","href":"https:\/\/api.w.org\/{rel}","templated":true}]}}