{"id":12337,"date":"2025-04-07T18:25:03","date_gmt":"2025-04-07T16:25:03","guid":{"rendered":"https:\/\/seayougroup.com\/?post_type=product&#038;p=12337"},"modified":"2026-04-20T15:37:58","modified_gmt":"2026-04-20T13:37:58","slug":"thailandia-climbing-nella-baia-di-phang-nga","status":"publish","type":"product","link":"https:\/\/seayougroup.com\/fr\/esperienza\/thailandia-climbing-nella-baia-di-phang-nga\/","title":{"rendered":"Tha\u00eflande : Escalade dans la baie de Phang Nga"},"content":{"rendered":"<h4>Sur les sommets de Phang Nga : un voyage \u00e0 travers la roche, la mer et la culture<\/h4>\n<p>Rejoignez-nous pour une aventure inoubliable dans la baie de Phang Nga ! Avec nos guides exp\u00e9riment\u00e9s, vous escaladerez quelques-uns des meilleurs murs d'escalade d'Asie, avec des voies de niveau 5 \u00e0 7b, adapt\u00e9es \u00e0 tous les niveaux. Profitez des eaux cristallines et tranquilles, faites trempette dans des endroits incroyables et laissez-vous submerger par la culture locale. Vous aurez \u00e9galement l'occasion de vous faire de nouveaux amis, de vous d\u00e9tendre sur le bateau et d'assister \u00e0 des couchers de soleil \u00e0 couper le souffle. Pendant le voyage, vous d\u00e9gusterez de d\u00e9licieux plats locaux, explorerez des villes baln\u00e9aires anim\u00e9es o\u00f9 la nuit s'anime d'une atmosph\u00e8re transgressive, et aurez l'occasion de faire de la plong\u00e9e en apn\u00e9e, du stand-up paddle et du kayak. Un m\u00e9lange parfait d'aventure, de d\u00e9tente et de moments inoubliables dans l'un des plus beaux endroits de Tha\u00eflande !\"<\/p>","protected":false},"excerpt":{"rendered":"<h2>Equipement<\/h2>\n<ul>\n<li>V\u00eatements d'\u00e9t\u00e9<\/li>\n<li>Chapeau et cr\u00e8me solaire<\/li>\n<li>Masque + tuba<\/li>\n<li>kit de bain (savon + serviette + kit d'hygi\u00e8ne personnelle)<\/li>\n<li>Imperm\u00e9able \u00e0 l'eau<\/li>\n<li>M\u00e9dicaments essentiels<\/li>\n<li>Serviette de plage<\/li>\n<li>Lunettes de soleil<\/li>\n<li>Chaussons<\/li>\n<li>Mat\u00e9riel d'escalade, le cas \u00e9ch\u00e9ant<\/li>\n<\/ul>\n<p>Avant chaque voyage, une liste d\u00e9taill\u00e9e de l'\u00e9quipement sera envoy\u00e9e par courriel et par l'interm\u00e9diaire d'un groupe WhatsApp d\u00e9di\u00e9, afin de s'assurer que les participants sont bien pr\u00e9par\u00e9s. Lire le\u00a0 <a href=\"https:\/\/seayougroup.com\/fr\/faq\/\">FAQ<\/a> pour les dimensions des bagages.<\/p>\n<p>&nbsp;<\/p>\n<h2>Situation m\u00e9t\u00e9orologique<\/h2>\n<p>Le programme peut \u00eatre modifi\u00e9 en fonction des conditions m\u00e9t\u00e9orologiques.<\/p>","protected":false},"featured_media":12344,"comment_status":"open","ping_status":"closed","template":"","meta":{"_acf_changed":false,"_joinchat":[]},"product_brand":[],"product_cat":[121],"product_tag":[],"class_list":{"0":"post-12337","1":"product","2":"type-product","3":"status-publish","4":"has-post-thumbnail","6":"brw_brw_brw_brw_type_adventure-sail-and-climb","7":"brw_brw_brw_tour_status-confermato","8":"product_cat-adventure","10":"first","11":"instock","12":"sale","13":"taxable","14":"shipping-taxable","15":"purchasable","16":"product-type-ovabrw_car_rental"},"acf":[],"aioseo_notices":[],"_links":{"self":[{"href":"https:\/\/seayougroup.com\/fr\/wp-json\/wp\/v2\/product\/12337","targetHints":{"allow":["GET"]}}],"collection":[{"href":"https:\/\/seayougroup.com\/fr\/wp-json\/wp\/v2\/product"}],"about":[{"href":"https:\/\/seayougroup.com\/fr\/wp-json\/wp\/v2\/types\/product"}],"replies":[{"embeddable":true,"href":"https:\/\/seayougroup.com\/fr\/wp-json\/wp\/v2\/comments?post=12337"}],"wp:featuredmedia":[{"embeddable":true,"href":"https:\/\/seayougroup.com\/fr\/wp-json\/wp\/v2\/media\/12344"}],"wp:attachment":[{"href":"https:\/\/seayougroup.com\/fr\/wp-json\/wp\/v2\/media?parent=12337"}],"wp:term":[{"taxonomy":"product_brand","embeddable":true,"href":"https:\/\/seayougroup.com\/fr\/wp-json\/wp\/v2\/product_brand?post=12337"},{"taxonomy":"product_cat","embeddable":true,"href":"https:\/\/seayougroup.com\/fr\/wp-json\/wp\/v2\/product_cat?post=12337"},{"taxonomy":"product_tag","embeddable":true,"href":"https:\/\/seayougroup.com\/fr\/wp-json\/wp\/v2\/product_tag?post=12337"}],"curies":[{"name":"wp","href":"https:\/\/api.w.org\/{rel}","templated":true}]}}