{"id":13362,"date":"2025-09-11T15:00:19","date_gmt":"2025-09-11T13:00:19","guid":{"rendered":"https:\/\/seayougroup.com\/?post_type=product&#038;p=13362"},"modified":"2025-09-11T17:27:09","modified_gmt":"2025-09-11T15:27:09","slug":"solo-sailor-regatta-mode-on-ottobre","status":"publish","type":"product","link":"https:\/\/seayougroup.com\/fr\/esperienza\/solo-sailor-regatta-mode-on-ottobre\/","title":{"rendered":"Sailor Only : Regatta Mode ON - OCTOBRE"},"content":{"rendered":"<h2>Que ferez-vous ?<\/h2>\n<p>\u00cates-vous pr\u00eat \u00e0 franchir le pas et \u00e0 transformer votre passion en un v\u00e9ritable d\u00e9fi ? Si vous r\u00eavez de naviguer en solitaire, non pas comme un simple marin, mais comme un vrai marin, vous \u00eates pr\u00eat \u00e0 relever le d\u00e9fi. <b>coureur solitaire<\/b>notre <b>exp\u00e9rience<\/b> vous convient.<\/p>\n<p>L'<b>Experience Only Sailor Regatta Mode On<\/b> est con\u00e7u pour les marins qui veulent tester leurs comp\u00e9tences et apprendre \u00e0 man\u0153uvrer un bateau en totale autonomie, comme dans une course au large en solitaire. Le tout \u00e0 bord d'un fantastique <b>Mini 6.50 du chantier naval Cima Boats<\/b>L'\u00e9quipe de l'Oc\u00e9an Indien a choisi le mod\u00e8le Wevo, un bateau parfait pour affronter le grand large et les d\u00e9fis d'une course oc\u00e9anique.<\/p>\n<h3>Ce que vous apprendrez<\/h3>\n<p>Il ne s'agit pas d'une simple promenade en bateau, mais d'une exp\u00e9rience immersive. <b>trois jours<\/b> qui vous permettra de passer au niveau sup\u00e9rieur. Nous commen\u00e7ons le vendredi apr\u00e8s-midi \u00e0 la Lega Navale de La Spezia par un examen approfondi des man\u0153uvres, des allures et de l'utilisation correcte de la barre. Avant de prendre la mer, nous analyserons les conditions m\u00e9t\u00e9orologiques avec l'\u00e9quipe de la Lega Navale. <b>routage m\u00e9t\u00e9orologique<\/b> plus moderne pour planifier notre strat\u00e9gie de navigation, comme dans une r\u00e9gate.<\/p>\n<p>Nous mettrons le cap sur l'\u00eele d'Elbe ou la Corse et reviendrons le dimanche apr\u00e8s-midi. Pendant la navigation, nous vous apprendrons \u00e0.. :<\/p>\n<ul>\n<li><b>Analyse de la m\u00e9t\u00e9o<\/b> de mani\u00e8re autonome.<\/li>\n<li><b>Gestion d'une tactique de course<\/b> et prendre des d\u00e9cisions cruciales.<\/li>\n<li><b>Hisser et affaler le spinnaker<\/b>une man\u0153uvre fondamentale dans les r\u00e9gates.<\/li>\n<li><b>Effectuer des collisions et des virages<\/b> rapidement et efficacement.<\/li>\n<\/ul>\n<hr \/>\n<p>Notre objectif est de faire de vous un <b>excellent coureur au large en solitaire<\/b>Vous pourrez ainsi g\u00e9rer tous les aspects du bateau et de la course.<\/p>\n<p>Si vous \u00eates pr\u00eat \u00e0 vous mettre \u00e0 l'\u00e9preuve et \u00e0 vivre le frisson d'une r\u00e9gate en solitaire, cette exp\u00e9rience est faite pour vous.<\/p>","protected":false},"excerpt":{"rendered":"<h2>Equipement<\/h2>\n<ul>\n<li>Sac de couchage<\/li>\n<li>Combinaison off shore<\/li>\n<li>M\u00e9dicaments essentiels<\/li>\n<li>Serviette<\/li>\n<li>Chaussures bateau<\/li>\n<li>Gants de bateau<\/li>\n<li>Feu avant<\/li>\n<\/ul>\n<p>Avant chaque voyage, une liste d\u00e9taill\u00e9e de l'\u00e9quipement sera envoy\u00e9e par courriel et par l'interm\u00e9diaire d'un groupe WhatsApp d\u00e9di\u00e9, afin de s'assurer que les participants sont bien pr\u00e9par\u00e9s. Lire le\u00a0 <a href=\"https:\/\/seayougroup.com\/fr\/faq\/\">FAQ<\/a> pour les dimensions des bagages.<\/p>\n<h2>Conditions pr\u00e9alables requises<\/h2>\n<p>Bases de la navigation de plaisance et de la navigation, nomenclature, savoir faire des virages et r\u00e9trograder.<\/p>\n<p>&nbsp;<\/p>\n<h2>Situation m\u00e9t\u00e9orologique<\/h2>\n<p>Le programme peut \u00eatre modifi\u00e9 en fonction des conditions m\u00e9t\u00e9orologiques.<\/p>\n<p>&nbsp;<\/p>\n<h2>Vol<\/h2>\n<p><span style=\"font-weight: 400;\">T<\/span><span style=\"font-weight: 400;\">Je vous rappelle que les voyages SeaYou n'incluent pas les vols aller-retour depuis l'Italie, ce qui permet aux participants de choisir leur propre compagnie a\u00e9rienne, leur a\u00e9roport de d\u00e9part et leurs \u00e9ventuelles escales. <\/span><a href=\"https:\/\/www.skyscanner.it\/\" target=\"_blank\" rel=\"noopener\"><span style=\"font-weight: 400;\">Recherchez votre vol<\/span><\/a><\/p>","protected":false},"featured_media":13365,"comment_status":"open","ping_status":"closed","template":"","meta":{"_acf_changed":false,"_joinchat":[]},"product_brand":[],"product_cat":[28,126,15],"product_tag":[],"class_list":{"0":"post-13362","1":"product","2":"type-product","3":"status-publish","4":"has-post-thumbnail","6":"brw_brw_tour_difficulty-solo-sailor","7":"product_cat-esperienze","8":"product_cat-sail-academy","9":"product_cat-uncategorized","11":"first","12":"instock","13":"sale","14":"taxable","15":"shipping-taxable","16":"purchasable","17":"product-type-ovabrw_car_rental"},"acf":[],"aioseo_notices":[],"_links":{"self":[{"href":"https:\/\/seayougroup.com\/fr\/wp-json\/wp\/v2\/product\/13362","targetHints":{"allow":["GET"]}}],"collection":[{"href":"https:\/\/seayougroup.com\/fr\/wp-json\/wp\/v2\/product"}],"about":[{"href":"https:\/\/seayougroup.com\/fr\/wp-json\/wp\/v2\/types\/product"}],"replies":[{"embeddable":true,"href":"https:\/\/seayougroup.com\/fr\/wp-json\/wp\/v2\/comments?post=13362"}],"wp:featuredmedia":[{"embeddable":true,"href":"https:\/\/seayougroup.com\/fr\/wp-json\/wp\/v2\/media\/13365"}],"wp:attachment":[{"href":"https:\/\/seayougroup.com\/fr\/wp-json\/wp\/v2\/media?parent=13362"}],"wp:term":[{"taxonomy":"product_brand","embeddable":true,"href":"https:\/\/seayougroup.com\/fr\/wp-json\/wp\/v2\/product_brand?post=13362"},{"taxonomy":"product_cat","embeddable":true,"href":"https:\/\/seayougroup.com\/fr\/wp-json\/wp\/v2\/product_cat?post=13362"},{"taxonomy":"product_tag","embeddable":true,"href":"https:\/\/seayougroup.com\/fr\/wp-json\/wp\/v2\/product_tag?post=13362"}],"curies":[{"name":"wp","href":"https:\/\/api.w.org\/{rel}","templated":true}]}}