{"id":13377,"date":"2025-09-11T16:40:57","date_gmt":"2025-09-11T14:40:57","guid":{"rendered":"https:\/\/seayougroup.com\/?post_type=product&#038;p=13377"},"modified":"2026-04-20T15:35:14","modified_gmt":"2026-04-20T13:35:14","slug":"corso-yachtmaster-offshore-rya","status":"publish","type":"product","link":"https:\/\/seayougroup.com\/fr\/esperienza\/corso-yachtmaster-offshore-rya\/","title":{"rendered":"Cours de pr\u00e9paration au Yachtmaster Offshore RYA"},"content":{"rendered":"<p data-path-to-node=\"5\">Si vous souhaitez travailler s\u00e9rieusement dans le domaine du nautisme <b>Yachtmaster Offshore<\/b> est le titre le plus recherch\u00e9 au monde. Dans notre centre, le premier d'Europe du Sud en termes de nombre d'examens pass\u00e9s, nous vous fournissons la pr\u00e9paration n\u00e9cessaire pour r\u00e9ussir l'examen et commencer imm\u00e9diatement votre carri\u00e8re.<\/p>\n<h3 data-path-to-node=\"6\">1. Que vous offre le permis Yachtmaster ?<\/h3>\n<ul data-path-to-node=\"7\">\n<li>\n<p data-path-to-node=\"7,0,0\"><b>L'habilitation internationale :<\/b> Vous pouvez commander des navires jusqu'\u00e0 200 tonnes brutes dans un rayon de 150 milles de la c\u00f4te.<\/p>\n<\/li>\n<li>\n<p data-path-to-node=\"7,1,0\"><b>Acc\u00e8s au travail :<\/b> Avec la <i>Avenant commercial<\/i>vous pouvez travailler professionnellement sur des yachts de luxe et des bateaux de travail partout dans le monde.<\/p>\n<\/li>\n<li>\n<p data-path-to-node=\"7,2,0\"><b>Prestige et comp\u00e9tence :<\/b> Il ne s'agit pas d'un simple \"bout de papier\", mais de la preuve que vous pouvez g\u00e9rer en toute confiance le bateau, l'\u00e9quipage et les situations d'urgence.<\/p>\n<\/li>\n<\/ul>\n<h3 data-path-to-node=\"8\">2. Pourquoi est-il meilleur que l'officier italien de 2e classe ?<\/h3>\n<p data-path-to-node=\"9\">De nombreux candidats choisissent le Yachtmaster Offshore parce qu'il offre des avantages que la voie italienne n'offre pas :<\/p>\n<ul data-path-to-node=\"10\">\n<li>\n<p data-path-to-node=\"10,0,0\"><b>Reconnaissance mondiale :<\/b> Le Yachtmaster est universellement accept\u00e9 ; l'Officier de classe II est souvent limit\u00e9 au pavillon italien.<\/p>\n<\/li>\n<li>\n<p data-path-to-node=\"10,1,0\"><b>R\u00e9duction de la bureaucratie :<\/b> Le syst\u00e8me RYA est rapide et m\u00e9ritocratique, sans les d\u00e9lais et les temps d'attente des dipl\u00f4mes minist\u00e9riels.<\/p>\n<\/li>\n<li>\n<p data-path-to-node=\"10,2,0\"><b>Focus sur la pratique :<\/b> Alors que le titre italien est tr\u00e8s th\u00e9orique, le Yachtmaster certifie votre capacit\u00e9 r\u00e9elle \u00e0 commander en mer.<\/p>\n<\/li>\n<li>\n<p data-path-to-node=\"10,3,0\"><b>Langue de la mer :<\/b> L'examen se d\u00e9roule en anglais, ce qui vous donne un acc\u00e8s imm\u00e9diat au march\u00e9 international des superyachts.<\/p>\n<\/li>\n<\/ul>\n<h3 data-path-to-node=\"11\">3. Le programme de cours<\/h3>\n<p data-path-to-node=\"12\">Le cours est structur\u00e9 de mani\u00e8re \u00e0 vous donner une confiance totale \u00e0 chaque \u00e9tape de l'examen :<\/p>\n<ul data-path-to-node=\"13\">\n<li>\n<p data-path-to-node=\"13,0,0\"><b>En classe (6 jours) :<\/b> Nous \u00e9tudierons en d\u00e9tail la cartographie, le calcul des mar\u00e9es, la m\u00e9t\u00e9orologie, les r\u00e8gles COLREG et ferons de petits exercices pratiques sur les radars.<\/p>\n<\/li>\n<li>\n<p data-path-to-node=\"13,1,0\"><b>En bateau (5 jours) :<\/b> Nous nous d\u00e9placerons \u00e0 bord pour revoir et affiner toutes les man\u0153uvres pratiques, afin que vous arriviez \u00e0 l'examen pr\u00eat et d\u00e9tendu.<\/p>\n<\/li>\n<li>\n<p data-path-to-node=\"13,2,0\"><b>Certifications suppl\u00e9mentaires :<\/b> Si vous n'avez pas le certificat <b>GMDSS SRC<\/b>Vous pourrez le faire directement avec nous pendant les journ\u00e9es de cours, avant de vous rendre \u00e0 la base de l'a\u00e9roport. <b>Porto Santo Stefano<\/b>.<\/p>\n<\/li>\n<\/ul>\n<h3 data-path-to-node=\"14\">4. Co\u00fbts et promotions<\/h3>\n<ul data-path-to-node=\"15\">\n<li>\n<p data-path-to-node=\"15,0,0\"><b>Yachtmaster SAIL :<\/b> \u20ac 2.700<\/p>\n<\/li>\n<li>\n<p data-path-to-node=\"15,1,0\"><b>Yachtmaster ENGINE :<\/b> \u20ac 2.900<\/p>\n<\/li>\n<li>\n<p data-path-to-node=\"15,2,0\"><b>OFFRE COMBO (Voile + Moteur) : \u20ac 3,100<\/b> (Une \u00e9conomie consid\u00e9rable pour ceux qui veulent obtenir la double qualification).<\/p>\n<\/li>\n<li>\n<p data-path-to-node=\"15,3,0\"><i>Note : Les frais d'examen du MCA, qui s'\u00e9l\u00e8vent \u00e0 256 livres sterling (environ 280 euros), doivent \u00eatre ajout\u00e9s aux prix.<\/i><\/p>\n<\/li>\n<\/ul>\n<h3 data-path-to-node=\"16\">5. Notre garantie<\/h3>\n<p data-path-to-node=\"17\">Notre taux de r\u00e9ussite d\u00e9passe <b>90%<\/b> par le deuxi\u00e8me examen. Nous permettons \u00e0 tous les candidats d'acc\u00e9der \u00e0 deux sessions d'examen cons\u00e9cutives sans frais suppl\u00e9mentaires pour le centre. Si vous avez besoin de plus de temps, nous organiserons une formation sur mesure dans un d\u00e9lai de deux mois pour vous permettre d'atteindre votre objectif.<\/p>","protected":false},"excerpt":{"rendered":"<h3 data-path-to-node=\"2\">\u00c9quipement recommand\u00e9<\/h3>\n<p data-path-to-node=\"3\">Afin d'aborder le cours de mani\u00e8re optimale, vous devez avoir.. :<\/p>\n<ul data-path-to-node=\"4\">\n<li>\n<p data-path-to-node=\"4,0,0\"><b>V\u00eatements :<\/b> Combinaison Offshore compl\u00e8te et chaussures de bateau techniques.<\/p>\n<\/li>\n<li>\n<p data-path-to-node=\"4,1,0\"><b>Accessoires :<\/b> Gants de voile et lampe frontale (indispensable pour les essais de nuit).<\/p>\n<\/li>\n<li>\n<p data-path-to-node=\"4,2,0\"><b>Personnels :<\/b> M\u00e9dicaments essentiels.<\/p>\n<\/li>\n<\/ul>\n<blockquote data-path-to-node=\"5\">\n<p data-path-to-node=\"5,0\"><b>Remarque :<\/b> Avant le d\u00e9part, vous recevrez une liste d\u00e9taill\u00e9e par courriel et dans le groupe WhatsApp d\u00e9di\u00e9. Pour conna\u00eetre les dimensions maximales des bagages autoris\u00e9s \u00e0 bord, veuillez consulter notre section <b>FAQ<\/b>.<\/p>\n<\/blockquote>\n<hr data-path-to-node=\"6\" \/>\n<h3 data-path-to-node=\"7\">Pr\u00e9requis requis<\/h3>\n<p data-path-to-node=\"8\">Le cours Yachtmaster est un cours de commandement avanc\u00e9. Pour y participer, vous devez poss\u00e9der<\/p>\n<ul data-path-to-node=\"9\">\n<li>\n<p data-path-to-node=\"9,0,0\"><b>Comp\u00e9tences techniques :<\/b> Excellente connaissance de la nomenclature, du maniement du bateau (virement de bord et virement de fortune) et des man\u0153uvres d'amarrage.<\/p>\n<\/li>\n<li>\n<p data-path-to-node=\"9,1,0\"><b>Navigation :<\/b> Ma\u00eetrise de l'utilisation du traceur et bases solides en cartographie nautique.<\/p>\n<\/li>\n<li>\n<p data-path-to-node=\"9,2,0\"><b>Th\u00e9orie :<\/b> Connaissance approfondie des normes <b>COLREG<\/b> (collisions maritimes).<\/p>\n<\/li>\n<li>\n<p data-path-to-node=\"9,3,0\"><b>Langue :<\/b> Bonne connaissance de la langue anglaise (requise pour l'examen avec l'examinateur de la RYA).<\/p>\n<\/li>\n<\/ul>\n<p>&nbsp;<\/p>\n<h2>Situation m\u00e9t\u00e9orologique<\/h2>\n<p>Le programme peut \u00eatre modifi\u00e9 en fonction des conditions m\u00e9t\u00e9orologiques.<\/p>","protected":false},"featured_media":13290,"comment_status":"open","ping_status":"closed","template":"","meta":{"_acf_changed":false,"_joinchat":[]},"product_brand":[],"product_cat":[28,126,15],"product_tag":[],"class_list":{"0":"post-13377","1":"product","2":"type-product","3":"status-publish","4":"has-post-thumbnail","6":"brw_brw_tour_difficulty-day-skipper","7":"product_cat-esperienze","8":"product_cat-sail-academy","9":"product_cat-uncategorized","11":"first","12":"instock","13":"sale","14":"taxable","15":"shipping-taxable","16":"purchasable","17":"product-type-ovabrw_car_rental"},"acf":[],"aioseo_notices":[],"_links":{"self":[{"href":"https:\/\/seayougroup.com\/fr\/wp-json\/wp\/v2\/product\/13377","targetHints":{"allow":["GET"]}}],"collection":[{"href":"https:\/\/seayougroup.com\/fr\/wp-json\/wp\/v2\/product"}],"about":[{"href":"https:\/\/seayougroup.com\/fr\/wp-json\/wp\/v2\/types\/product"}],"replies":[{"embeddable":true,"href":"https:\/\/seayougroup.com\/fr\/wp-json\/wp\/v2\/comments?post=13377"}],"wp:featuredmedia":[{"embeddable":true,"href":"https:\/\/seayougroup.com\/fr\/wp-json\/wp\/v2\/media\/13290"}],"wp:attachment":[{"href":"https:\/\/seayougroup.com\/fr\/wp-json\/wp\/v2\/media?parent=13377"}],"wp:term":[{"taxonomy":"product_brand","embeddable":true,"href":"https:\/\/seayougroup.com\/fr\/wp-json\/wp\/v2\/product_brand?post=13377"},{"taxonomy":"product_cat","embeddable":true,"href":"https:\/\/seayougroup.com\/fr\/wp-json\/wp\/v2\/product_cat?post=13377"},{"taxonomy":"product_tag","embeddable":true,"href":"https:\/\/seayougroup.com\/fr\/wp-json\/wp\/v2\/product_tag?post=13377"}],"curies":[{"name":"wp","href":"https:\/\/api.w.org\/{rel}","templated":true}]}}