{"id":13409,"date":"2025-12-01T16:39:34","date_gmt":"2025-12-01T14:39:34","guid":{"rendered":"https:\/\/seayougroup.com\/?post_type=product&#038;p=13409"},"modified":"2025-12-09T20:04:35","modified_gmt":"2025-12-09T18:04:35","slug":"sardegnaarcipelago-della-mente-vela-yoga-e-il-respiro-della-gallura","status":"publish","type":"product","link":"https:\/\/seayougroup.com\/fr\/esperienza\/sardegnaarcipelago-della-mente-vela-yoga-e-il-respiro-della-gallura\/","title":{"rendered":"Sardaigne:L'archipel de l'esprit : la voile, le yoga et le souffle de la Gallura"},"content":{"rendered":"<h3>La voile yogique : l'\u00e9quilibre parfait entre la mer, les voiles et la conscience.<\/h3>\n<p data-path-to-node=\"3\">Imaginez que vous vous r\u00e9veillez chaque matin avec l'odeur du sel et du gommage m\u00e9diterran\u00e9en, berc\u00e9 par le doux balancement des vagues.<\/p>\n<p data-path-to-node=\"3\">Respiration, Asana, M\u00e9ditation et R\u00e9g\u00e9n\u00e9ration :<br \/>\nChaque jour sera marqu\u00e9 par des moments de connexion profonde, nous commencerons la journ\u00e9e par du Pranayama (techniques de pleine conscience et de respiration) pour enflammer l'\u00e9nergie et pr\u00e9parer le corps et l'esprit aux merveilles qui nous attendent. Nous compl\u00e9terons notre retraite par des pratiques de yoga inspir\u00e9es par les divinit\u00e9s du panth\u00e9on hindou dans des baies tranquilles et isol\u00e9es.<br \/>\nDes pratiques m\u00e9ditatives au coucher du soleil, la mer et l'\u00e9l\u00e9ment eau dont nous ferons partie, compl\u00e8teront le voyage introspectif.<\/p>\n<h3>L'itin\u00e9raire : Les perles de l'archipel<\/h3>\n<p data-path-to-node=\"7\">Nous naviguerons dans les eaux turquoise les plus c\u00e9l\u00e8bres de la M\u00e9diterran\u00e9e, \u00e0 la d\u00e9couverte de lieux embl\u00e9matiques et de criques secr\u00e8tes, en nous basant sur les r\u00e9gions anim\u00e9es de <b>Cannigione<\/b> e <b>Palau<\/b> et des incursions dans l'archipel des <b>La Maddalena<\/b>. Nous admirerons les l\u00e9gendaires piscines naturelles et l'embl\u00e9matique Pink Beach (de loin) tout en naviguant entre les deux villes. <b>Dispersion<\/b> e <b>Budelli<\/b>. Nous explorerons l'\u00eele de <b>Caprera<\/b> avec son littoral accident\u00e9 et sa riche histoire, et d\u00e9barquer \u00e0 <b>La Maddalena<\/b> pour d\u00e9couvrir la vie insulaire dans son centre pittoresque. Nous jetterons \u00e9galement l'ancre pr\u00e8s de l'\u00eele de <b>Molara<\/b> pour plonger dans ses incroyables eaux cristallines.<\/p>\n<h3>Aventure et contemplation au coucher du soleil<\/h3>\n<p data-path-to-node=\"9\">L'exp\u00e9rience ne s'arr\u00eate pas \u00e0 la pratique int\u00e9rieure. L'archipel sarde invite \u00e0 l'action et \u00e0 la joie : plongez dans les plus belles baies pour faire de la plong\u00e9e sous-marine. <b>Plong\u00e9e en apn\u00e9e<\/b> et d\u00e9couvrez la richesse de la vie sous-marine, ou prenez le large sur votre <b>Stand-Up Paddle (SUP)<\/b> pour une activit\u00e9 m\u00e9ditative et ludique sur eau plate. Nous terminerons la journ\u00e9e par un rituel de gratitude : un <b>Ap\u00e9ritif \u00e0 bord<\/b> alors que le soleil plonge dans la mer, teintant le ciel de couleurs spectaculaires. Un moment de convivialit\u00e9 pour partager les \u00e9motions de la journ\u00e9e.<\/p>\n<p data-path-to-node=\"10\">Cette semaine est une invitation \u00e0 ralentir, \u00e0 aligner les battements de son c\u0153ur sur le rythme de la nature et \u00e0 retrouver l'\u00e9quilibre entre son monde int\u00e9rieur et l'immensit\u00e9 de la mer. <b>\u00cates-vous pr\u00eat \u00e0 prendre le large pour ce voyage transformateur ?<\/b><\/p>","protected":false},"excerpt":{"rendered":"<h2>Equipement<\/h2>\n<ul>\n<li>Draps de lit ou sac de couchage<\/li>\n<li>Mackintosh complet<\/li>\n<li>M\u00e9dicaments essentiels<\/li>\n<li>Serviettes<\/li>\n<li>Feu avant<\/li>\n<li>Tapis de yoga<\/li>\n<\/ul>\n<p>Avant chaque voyage, une liste d\u00e9taill\u00e9e de l'\u00e9quipement sera envoy\u00e9e par courriel et par l'interm\u00e9diaire d'un groupe WhatsApp d\u00e9di\u00e9, afin de s'assurer que les participants sont bien pr\u00e9par\u00e9s. Lire le\u00a0 <a href=\"https:\/\/seayougroup.com\/fr\/faq\/\">FAQ<\/a> pour les dimensions des bagages.<\/p>\n<p>&nbsp;<\/p>\n<h2>Situation m\u00e9t\u00e9orologique<\/h2>\n<p>Le programme peut \u00eatre modifi\u00e9 en fonction des conditions m\u00e9t\u00e9orologiques.<\/p>\n<p>&nbsp;<\/p>\n<h2>Vol<\/h2>\n<p><span style=\"font-weight: 400;\">T<\/span><span style=\"font-weight: 400;\">Je vous rappelle que les voyages SeaYou n'incluent pas les vols aller-retour, ce qui permet aux participants de choisir leur propre compagnie a\u00e9rienne, leur a\u00e9roport de d\u00e9part et leurs \u00e9ventuelles escales. <\/span><a href=\"https:\/\/www.skyscanner.it\/\" target=\"_blank\" rel=\"noopener\"><span style=\"font-weight: 400;\">Recherchez votre vol<\/span><\/a><\/p>","protected":false},"featured_media":13410,"comment_status":"open","ping_status":"closed","template":"","meta":{"_acf_changed":false,"_joinchat":[]},"product_brand":[],"product_cat":[121,48],"product_tag":[],"class_list":{"0":"post-13409","1":"product","2":"type-product","3":"status-publish","4":"has-post-thumbnail","6":"brw_brw_brw_type_holiday-holidays","7":"brw_brw_brw_type_holiday-yoga-retreat","8":"brw_brw_brw_tour_status-confermato","9":"product_cat-adventure","10":"product_cat-vacanze","12":"first","13":"instock","14":"sale","15":"taxable","16":"shipping-taxable","17":"purchasable","18":"product-type-ovabrw_car_rental"},"acf":[],"aioseo_notices":[],"_links":{"self":[{"href":"https:\/\/seayougroup.com\/fr\/wp-json\/wp\/v2\/product\/13409","targetHints":{"allow":["GET"]}}],"collection":[{"href":"https:\/\/seayougroup.com\/fr\/wp-json\/wp\/v2\/product"}],"about":[{"href":"https:\/\/seayougroup.com\/fr\/wp-json\/wp\/v2\/types\/product"}],"replies":[{"embeddable":true,"href":"https:\/\/seayougroup.com\/fr\/wp-json\/wp\/v2\/comments?post=13409"}],"wp:featuredmedia":[{"embeddable":true,"href":"https:\/\/seayougroup.com\/fr\/wp-json\/wp\/v2\/media\/13410"}],"wp:attachment":[{"href":"https:\/\/seayougroup.com\/fr\/wp-json\/wp\/v2\/media?parent=13409"}],"wp:term":[{"taxonomy":"product_brand","embeddable":true,"href":"https:\/\/seayougroup.com\/fr\/wp-json\/wp\/v2\/product_brand?post=13409"},{"taxonomy":"product_cat","embeddable":true,"href":"https:\/\/seayougroup.com\/fr\/wp-json\/wp\/v2\/product_cat?post=13409"},{"taxonomy":"product_tag","embeddable":true,"href":"https:\/\/seayougroup.com\/fr\/wp-json\/wp\/v2\/product_tag?post=13409"}],"curies":[{"name":"wp","href":"https:\/\/api.w.org\/{rel}","templated":true}]}}