{"id":13412,"date":"2025-12-03T12:56:31","date_gmt":"2025-12-03T10:56:31","guid":{"rendered":"https:\/\/seayougroup.com\/?post_type=product&#038;p=13412"},"modified":"2025-12-03T15:57:48","modified_gmt":"2025-12-03T13:57:48","slug":"solo-sailor-esperienza-intensiva-per-navigatori-solitari","status":"publish","type":"product","link":"https:\/\/seayougroup.com\/fr\/esperienza\/solo-sailor-esperienza-intensiva-per-navigatori-solitari\/","title":{"rendered":"Solo Sailor : exp\u00e9rience intensive pour les navigateurs solitaires"},"content":{"rendered":"<h2 data-path-to-node=\"4\">Que ferez-vous ?<\/h2>\n<p data-path-to-node=\"4\">\u00cates-vous pr\u00eat \u00e0 franchir le pas et \u00e0 transformer votre passion pour la voile en une entreprise ? <strong>navigateur solitaire<\/strong>?<\/p>\n<p data-path-to-node=\"5\">Si vous r\u00eavez de conduire un bateau en toute ind\u00e9pendance, non seulement en naviguant, mais aussi en ma\u00eetrisant tous les aspects de la vie \u00e0 bord - de la m\u00e9canique aux urgences - cette exp\u00e9rience intensive est faite pour vous.<\/p>\n<p data-path-to-node=\"6\">Exp\u00e9rience <b>Marin seulement<\/b> est con\u00e7u pour les marins qui souhaitent devenir <b>des skippers enti\u00e8rement autonomes<\/b>capable de faire face \u00e0 n'importe quelle situation, dans n'importe quelle condition, sans l'aide de personne. Le tout \u00e0 bord d'un fantastique <strong>Oceanis 43<\/strong> un bateau tr\u00e8s performant, parfait pour s'initier \u00e0 la navigation hauturi\u00e8re en solitaire.<\/p>\n<h3 data-path-to-node=\"7\">Ce que vous apprendrez : Autonomie totale, pas de compromis<\/h3>\n<p data-path-to-node=\"8\">Il ne s'agit pas d'une simple excursion en bateau, mais d'une exp\u00e9rience immersive. <b>trois jours<\/b> qui vous am\u00e8nera \u00e0 un niveau de comp\u00e9tence plus \u00e9lev\u00e9. Nous commen\u00e7ons le vendredi matin \u00e0 Porto Santo Stefano (GR) avec une formation th\u00e9orique et pratique approfondie visant \u00e0 faire de vous un marin complet.<\/p>\n<p data-path-to-node=\"9\">Nous mettrons le cap sur l'\u00eele d'Elbe ou la Corse et reviendrons le dimanche apr\u00e8s-midi. Pendant la navigation, nous vous apprendrons \u00e0.. :<\/p>\n<ul data-path-to-node=\"10\">\n<li>\n<p data-path-to-node=\"10,0,0\"><b>Amarrage et man\u0153uvres en solitaire :<\/b> Effectuer des man\u0153uvres d'amarrage et de d\u00e9samarrage (m\u00eame dans des conditions difficiles) et de navigation en toute autonomie.<\/p>\n<\/li>\n<li>\n<p data-path-to-node=\"10,1,0\"><b>Navigation avanc\u00e9e en eaux profondes :<\/b> Planifier des itin\u00e9raires efficaces et naviguer en toute s\u00e9curit\u00e9, en optimisant les allures.<\/p>\n<\/li>\n<li>\n<p data-path-to-node=\"10,2,0\"><b>Analyse m\u00e9t\u00e9orologique autonome :<\/b> Utiliser le <i>routage m\u00e9t\u00e9orologique<\/i> et interpr\u00e9ter les bulletins pour prendre des d\u00e9cisions cruciales (non seulement tactiques, mais aussi en mati\u00e8re de s\u00e9curit\u00e9).<\/p>\n<\/li>\n<li>\n<p data-path-to-node=\"10,3,0\"><b>Gestion de l'instrumentation :<\/b> Ma\u00eetriser l'utilisation du <b>Traceur<\/b>de la<b>Pilote automatique<\/b> et les instruments de bord essentiels \u00e0 la navigation en mer.<\/p>\n<\/li>\n<li>\n<p data-path-to-node=\"10,4,0\"><b>M\u00e9canique embarqu\u00e9e et r\u00e9parations :<\/b> Effectuer l'entretien de routine, diagnostiquer et r\u00e9parer les petites erreurs. <b>d\u00e9faillances du moteur<\/b> ou des syst\u00e8mes embarqu\u00e9s.<\/p>\n<\/li>\n<li>\n<p data-path-to-node=\"10,5,0\"><b>Gestion des urgences :<\/b> Faire face de mani\u00e8re autonome aux situations d'urgence les plus courantes (homme \u00e0 la mer, panne d'\u00e9quipement, probl\u00e8mes de sant\u00e9) de mani\u00e8re rapide et efficace.<\/p>\n<\/li>\n<\/ul>\n<p data-path-to-node=\"11\">Notre objectif est de faire de vous un skipper <b>exp\u00e9riment\u00e9 et autonome<\/b>capable de g\u00e9rer tous les aspects du bateau et de la navigation en mer, garantissant une s\u00e9curit\u00e9 et une libert\u00e9 maximales en mer.<\/p>\n<p data-path-to-node=\"12\">Si vous \u00eates pr\u00eat \u00e0 transformer votre passion en une v\u00e9ritable comp\u00e9tence professionnelle en solo, cette exp\u00e9rience est faite pour vous.<\/p>","protected":false},"excerpt":{"rendered":"<h2>Equipement<\/h2>\n<ul>\n<li>Sac de couchage<\/li>\n<li>Combinaison off shore<\/li>\n<li>M\u00e9dicaments essentiels<\/li>\n<li>Serviette<\/li>\n<li>Chaussures bateau<\/li>\n<li>Gants de bateau<\/li>\n<li>Feu avant<\/li>\n<\/ul>\n<p>Avant chaque voyage, une liste d\u00e9taill\u00e9e de l'\u00e9quipement sera envoy\u00e9e par courriel et par l'interm\u00e9diaire d'un groupe WhatsApp d\u00e9di\u00e9, afin de s'assurer que les participants sont bien pr\u00e9par\u00e9s. Lire le\u00a0 <a href=\"https:\/\/seayougroup.com\/fr\/faq\/\">FAQ<\/a> pour les dimensions des bagages.<\/p>\n<h2>Conditions pr\u00e9alables requises<\/h2>\n<p>Bases de la navigation de plaisance et de la navigation, nomenclature, savoir faire des virages et r\u00e9trograder.<\/p>\n<p>&nbsp;<\/p>\n<h2>Situation m\u00e9t\u00e9orologique<\/h2>\n<p>Le programme peut \u00eatre modifi\u00e9 en fonction des conditions m\u00e9t\u00e9orologiques.<\/p>\n<p>&nbsp;<\/p>\n<h2>Vol<\/h2>\n<p><span style=\"font-weight: 400;\">T<\/span><span style=\"font-weight: 400;\">Je vous rappelle que les voyages SeaYou n'incluent pas les vols aller-retour depuis l'Italie, ce qui permet aux participants de choisir leur propre compagnie a\u00e9rienne, leur a\u00e9roport de d\u00e9part et leurs \u00e9ventuelles escales. <\/span><a href=\"https:\/\/www.skyscanner.it\/\" target=\"_blank\" rel=\"noopener\"><span style=\"font-weight: 400;\">Recherchez votre vol<\/span><\/a><\/p>","protected":false},"featured_media":13413,"comment_status":"open","ping_status":"closed","template":"","meta":{"_acf_changed":false,"_joinchat":[]},"product_brand":[],"product_cat":[28,126,15],"product_tag":[],"class_list":{"0":"post-13412","1":"product","2":"type-product","3":"status-publish","4":"has-post-thumbnail","6":"brw_brw_tour_difficulty-day-skipper","7":"brw_brw_tour_difficulty-solo-sailor","8":"brw_brw_brw_tour_status-programmato","9":"product_cat-esperienze","10":"product_cat-sail-academy","11":"product_cat-uncategorized","13":"first","14":"instock","15":"sale","16":"taxable","17":"shipping-taxable","18":"purchasable","19":"product-type-ovabrw_car_rental"},"acf":[],"aioseo_notices":[],"_links":{"self":[{"href":"https:\/\/seayougroup.com\/fr\/wp-json\/wp\/v2\/product\/13412","targetHints":{"allow":["GET"]}}],"collection":[{"href":"https:\/\/seayougroup.com\/fr\/wp-json\/wp\/v2\/product"}],"about":[{"href":"https:\/\/seayougroup.com\/fr\/wp-json\/wp\/v2\/types\/product"}],"replies":[{"embeddable":true,"href":"https:\/\/seayougroup.com\/fr\/wp-json\/wp\/v2\/comments?post=13412"}],"wp:featuredmedia":[{"embeddable":true,"href":"https:\/\/seayougroup.com\/fr\/wp-json\/wp\/v2\/media\/13413"}],"wp:attachment":[{"href":"https:\/\/seayougroup.com\/fr\/wp-json\/wp\/v2\/media?parent=13412"}],"wp:term":[{"taxonomy":"product_brand","embeddable":true,"href":"https:\/\/seayougroup.com\/fr\/wp-json\/wp\/v2\/product_brand?post=13412"},{"taxonomy":"product_cat","embeddable":true,"href":"https:\/\/seayougroup.com\/fr\/wp-json\/wp\/v2\/product_cat?post=13412"},{"taxonomy":"product_tag","embeddable":true,"href":"https:\/\/seayougroup.com\/fr\/wp-json\/wp\/v2\/product_tag?post=13412"}],"curies":[{"name":"wp","href":"https:\/\/api.w.org\/{rel}","templated":true}]}}