{"id":9789,"date":"2024-04-05T14:47:32","date_gmt":"2024-04-05T14:47:32","guid":{"rendered":"https:\/\/seayougroup.com\/?post_type=product&#038;p=9789"},"modified":"2025-08-19T12:31:03","modified_gmt":"2025-08-19T10:31:03","slug":"ocean-da-lisbona-alle-azzorre","status":"publish","type":"product","link":"https:\/\/seayougroup.com\/fr\/esperienza\/ocean-da-lisbona-alle-azzorre\/","title":{"rendered":"Oc\u00e9an : de Lisbonne aux A\u00e7ores"},"content":{"rendered":"<h2>Que ferez-vous ?<\/h2>\n<p>Pr\u00e9parez-vous \u00e0 vivre l'aventure d'une vie : une travers\u00e9e de l'oc\u00e9an qui nous fera traverser l'immensit\u00e9 de l'Atlantique. Partager cette exp\u00e9rience avec de nouveaux amis rend chaque moment encore plus sp\u00e9cial, transformant un r\u00eave en r\u00e9alit\u00e9. Imaginez la sensation d'\u00eatre au milieu de l'oc\u00e9an, o\u00f9 l'horizon semble infini et o\u00f9 le ciel nocturne est une couverture d'\u00e9toiles que l'on peut presque toucher. Chaque nuit sous les \u00e9toiles devient un moment magique, o\u00f9 le temps s'arr\u00eate et o\u00f9 l'univers se r\u00e9v\u00e8le dans toute sa beaut\u00e9.<\/p>\n<p>L'adr\u00e9naline d'affronter l'Atlantique est palpable : les vagues puissantes, le vent qui souffle fort dans les voiles, le c\u0153ur qui bat alors que nous naviguons vers l'inconnu. Chaque jour est un nouveau d\u00e9fi, une mise \u00e0 l'\u00e9preuve de nos comp\u00e9tences et de notre esprit d'aventure. Mais c'est pr\u00e9cis\u00e9ment dans ces moments que le groupe se rassemble, que l'amiti\u00e9 se renforce et que des liens ind\u00e9fectibles se tissent. Entendre l'appel de l'oc\u00e9an, s'abandonner \u00e0 la force de la nature et d\u00e9couvrir ensemble des endroits o\u00f9 peu de gens sont all\u00e9s est un privil\u00e8ge auquel peu de gens peuvent pr\u00e9tendre.<\/p>\n<p>Cette travers\u00e9e n'est pas seulement un voyage, c'est une exp\u00e9rience qui vous change, qui vous marque profond\u00e9ment. C'est l'occasion de d\u00e9couvrir non seulement de nouvelles terres, mais aussi de nouvelles parties de vous-m\u00eame, le tout partag\u00e9 avec un groupe de personnes qui, comme vous, recherchent l'aventure et la libert\u00e9. Naviguer sur l'oc\u00e9an signifie embrasser l'inconnu, se laisser guider par le vent et vivre chaque instant avec intensit\u00e9 et passion. Une aventure que vous n'oublierez jamais, o\u00f9 l'oc\u00e9an devient votre maison et les nouveaux amis votre famille.<\/p>\n<p><span style=\"font-weight: 400;\">Cette exp\u00e9rience vous permettra de consolider vos connaissances en mati\u00e8re de navigation en haute mer et de syst\u00e8mes de s\u00e9curit\u00e9 de pointe. <\/span><span style=\"font-weight: 400;\">Vous vous familiariserez avec le pilote automatique, les syst\u00e8mes AIS et radar, vous apprendrez \u00e0 g\u00e9rer le navire en solo et vous serez en mesure d'effectuer des t\u00e2ches de routage en toute autonomie.<\/span><\/p>\n<p>&nbsp;<\/p>\n<p><b>Man\u0153uvrer le bateau :<\/b><\/p>\n<ul>\n<li>Aper\u00e7u du maniement et de l'utilisation des voiles<\/li>\n<li>Connaissances en mati\u00e8re de gr\u00e9ement et de man\u0153uvres<\/li>\n<li>Man\u0153uvres en \u00e9quipage r\u00e9duit<\/li>\n<li>R\u00e9glage de la voile et du spinnaker<\/li>\n<li>Navigation de nuit et par mauvais temps<\/li>\n<\/ul>\n<p>&nbsp;<\/p>\n<p><b>Comp\u00e9tences en mati\u00e8re de navigation :<\/b><\/p>\n<ul>\n<li>Gestion des itin\u00e9raires en fonction des conditions m\u00e9t\u00e9orologiques<\/li>\n<li>Utilisation des syst\u00e8mes informatiques pour les activit\u00e9s de s\u00e9curit\u00e9 et de routage<\/li>\n<li>Utilisation des syst\u00e8mes MOB, EPIRB, PLB et AIS<\/li>\n<li>Gestion du sommeil et du stress<\/li>\n<\/ul>\n<p><b>La s\u00e9curit\u00e9 :<\/b><\/p>\n<ul>\n<li style=\"font-weight: 400;\" aria-level=\"1\"><span style=\"font-weight: 400;\">Appel d'urgence<\/span><\/li>\n<li style=\"font-weight: 400;\" aria-level=\"1\"><span style=\"font-weight: 400;\">Proc\u00e9dures de s\u00e9curit\u00e9<\/span><\/li>\n<li style=\"font-weight: 400;\" aria-level=\"1\"><span style=\"font-weight: 400;\">Gestion<\/span> <span style=\"font-weight: 400;\">de<\/span> <span style=\"font-weight: 400;\">le stress et le sommeil<\/span><\/li>\n<li style=\"font-weight: 400;\" aria-level=\"1\"><span style=\"font-weight: 400;\">Alimentation et cuisine<\/span><\/li>\n<li style=\"font-weight: 400;\" aria-level=\"1\">Journal de bord<\/li>\n<\/ul>","protected":false},"excerpt":{"rendered":"<h2>Equipement<\/h2>\n<ul>\n<li>Draps de lit ou sac de couchage<\/li>\n<li>Mackintosh complet<\/li>\n<li>M\u00e9dicaments essentiels<\/li>\n<li>Serviettes<\/li>\n<li>Chaussures bateau<\/li>\n<li>Gants de bateau<\/li>\n<li>Feu avant<\/li>\n<\/ul>\n<p>Avant chaque voyage, une liste d\u00e9taill\u00e9e de l'\u00e9quipement sera envoy\u00e9e par courriel et par l'interm\u00e9diaire d'un groupe WhatsApp d\u00e9di\u00e9, afin de s'assurer que les participants sont bien pr\u00e9par\u00e9s. Lire le\u00a0 <a href=\"https:\/\/seayougroup.com\/fr\/faq\/\">FAQ<\/a> pour les dimensions des bagages.<\/p>\n<p>&nbsp;<\/p>\n<h2>Conditions pr\u00e9alables requises<\/h2>\n<p>Bases de la navigation et des bateaux, nomenclature, th\u00e9orie des man\u0153uvres de navigation, m\u00e9t\u00e9orologie de base.<\/p>\n<p>&nbsp;<\/p>\n<h2>Situation m\u00e9t\u00e9orologique<\/h2>\n<p>Le programme peut \u00eatre modifi\u00e9 en fonction des conditions m\u00e9t\u00e9orologiques.<\/p>\n<p>&nbsp;<\/p>\n<h2>Vol<\/h2>\n<p><span style=\"font-weight: 400;\">T<\/span><span style=\"font-weight: 400;\">Je vous rappelle que les voyages SeaYou n'incluent pas les vols aller-retour depuis l'Italie, ce qui permet aux participants de choisir leur propre compagnie a\u00e9rienne, leur a\u00e9roport de d\u00e9part et leurs \u00e9ventuelles escales. <\/span><a href=\"https:\/\/www.skyscanner.it\/\" target=\"_blank\" rel=\"noopener\"><span style=\"font-weight: 400;\">Recherchez votre vol<\/span><\/a><\/p>","protected":false},"featured_media":10615,"comment_status":"open","ping_status":"closed","template":"","meta":{"_acf_changed":false,"_joinchat":[]},"product_brand":[],"product_cat":[28],"product_tag":[],"class_list":{"0":"post-9789","1":"product","2":"type-product","3":"status-publish","4":"has-post-thumbnail","6":"brw_tour_types-tutte-le-attivita","7":"brw_brw_tour_difficulty-ocean-experience","8":"product_cat-esperienze","10":"first","11":"instock","12":"sale","13":"taxable","14":"shipping-taxable","15":"purchasable","16":"product-type-ovabrw_car_rental"},"acf":[],"aioseo_notices":[],"_links":{"self":[{"href":"https:\/\/seayougroup.com\/fr\/wp-json\/wp\/v2\/product\/9789","targetHints":{"allow":["GET"]}}],"collection":[{"href":"https:\/\/seayougroup.com\/fr\/wp-json\/wp\/v2\/product"}],"about":[{"href":"https:\/\/seayougroup.com\/fr\/wp-json\/wp\/v2\/types\/product"}],"replies":[{"embeddable":true,"href":"https:\/\/seayougroup.com\/fr\/wp-json\/wp\/v2\/comments?post=9789"}],"wp:featuredmedia":[{"embeddable":true,"href":"https:\/\/seayougroup.com\/fr\/wp-json\/wp\/v2\/media\/10615"}],"wp:attachment":[{"href":"https:\/\/seayougroup.com\/fr\/wp-json\/wp\/v2\/media?parent=9789"}],"wp:term":[{"taxonomy":"product_brand","embeddable":true,"href":"https:\/\/seayougroup.com\/fr\/wp-json\/wp\/v2\/product_brand?post=9789"},{"taxonomy":"product_cat","embeddable":true,"href":"https:\/\/seayougroup.com\/fr\/wp-json\/wp\/v2\/product_cat?post=9789"},{"taxonomy":"product_tag","embeddable":true,"href":"https:\/\/seayougroup.com\/fr\/wp-json\/wp\/v2\/product_tag?post=9789"}],"curies":[{"name":"wp","href":"https:\/\/api.w.org\/{rel}","templated":true}]}}