{"id":9790,"date":"2024-04-05T14:53:08","date_gmt":"2024-04-05T14:53:08","guid":{"rendered":"https:\/\/seayougroup.com\/?post_type=product&#038;p=9790"},"modified":"2025-08-19T12:30:30","modified_gmt":"2025-08-19T10:30:30","slug":"norvegia-fiordi-e-isole-lofoten-veleggia-sotto-laurora-boreale","status":"publish","type":"product","link":"https:\/\/seayougroup.com\/fr\/esperienza\/norvegia-fiordi-e-isole-lofoten-veleggia-sotto-laurora-boreale\/","title":{"rendered":"Norv\u00e8ge, Fjords et \u00eeles Lofoten : naviguer sous les aurores bor\u00e9ales"},"content":{"rendered":"<h2><b>Une exp\u00e9rience de r\u00eave avec une touche d'aventure !<\/b><\/h2>\n<p>D\u00e9couvrez la magie de la Norv\u00e8ge gr\u00e2ce \u00e0 un circuit unique qui vous emm\u00e8ne \u00e0 travers les fjords majestueux et les \u00eeles Lofoten enchanteresses. Non seulement vous explorerez des paysages \u00e0 couper le souffle, mais vous aurez \u00e9galement l'occasion de naviguer sous les aurores bor\u00e9ales, une exp\u00e9rience qui vous laissera bouche b\u00e9e. Naviguez le long de falaises imposantes et d'eaux cristallines tandis que la danse des aurores bor\u00e9ales illumine le ciel. Chaque jour sera une aventure dans la nature sauvage et les villages norv\u00e9giens pittoresques, ce qui rendra ce voyage inoubliable.<\/p>\n<p><b>Mais ce n'est pas tout !<\/b><\/p>\n<p><span style=\"font-weight: 400;\">Pendant le voyage, vous pourrez \u00e9galement d\u00e9couvrir l'art de la voile d'une mani\u00e8re l\u00e9g\u00e8re et amusante. Aucune exp\u00e9rience pr\u00e9alable n'est n\u00e9cessaire : il ne s'agit pas seulement de vacances, mais d'un voyage qui vous permet d'apprendre quelque chose de nouveau sans sacrifier le plaisir. Chaque jour sera un \u00e9quilibre entre aventure et d\u00e9tente, avec des moments de navigation, d'exploration et d'immersion dans la culture locale.<\/span><\/p>\n<h3><b>D\u00e9couvrez le r\u00f4le qui vous convient<\/b><\/h3>\n<p><span style=\"font-weight: 400;\">A bord, vous aurez l'occasion de participer \u00e0 la conduite du bateau \u00e0 tour de r\u00f4le, mais toujours dans un cadre informel et agr\u00e9able. Vous vous essayerez \u00e0 la barre, au r\u00e9glage des voiles et d\u00e9couvrirez peut-\u00eatre comment g\u00e9rer la vie \u00e0 bord. Apr\u00e8s chaque journ\u00e9e en mer, un d\u00e9briefing d\u00e9tendu est pr\u00e9vu et, pourquoi pas, une balade dans les villages voisins ou un d\u00eener dans un restaurant typique.<\/span><\/p>\n<h3><b>Pour les amoureux de la mer, sans oublier l'aventure !<\/b><\/h3>\n<p><span style=\"font-weight: 400;\">Apprenez les bases de la navigation naturellement, sans stress, et d\u00e9couvrez comment :<\/span><\/p>\n<ul>\n<li style=\"font-weight: 400;\" aria-level=\"1\"><span style=\"font-weight: 400;\">R\u00e9gler les voiles et comprendre les secrets du vent.<\/span><\/li>\n<li style=\"font-weight: 400;\" aria-level=\"1\"><span style=\"font-weight: 400;\">Amarrez dans des baies \u00e0 couper le souffle et utilisez l'annexe pour atteindre le rivage.<\/span><\/li>\n<li style=\"font-weight: 400;\" aria-level=\"1\"><span style=\"font-weight: 400;\">Naviguez en toute s\u00e9curit\u00e9 et apprenez les astuces de la vie \u00e0 bord.<\/span><\/li>\n<\/ul>\n<p><span style=\"font-weight: 400;\">Le tout dans un souci de s\u00e9curit\u00e9 et de d\u00e9couverte : de la r\u00e9cup\u00e9ration de l'homme \u00e0 la mer (dont nous esp\u00e9rons que vous n'aurez jamais besoin !) \u00e0 la gestion du stress d'un \u00e9quipage. Vous ferez partie d'une exp\u00e9rience compl\u00e8te qui vous donnera l'impression d'\u00eatre un vrai marin... ou simplement quelqu'un qui a d\u00e9cid\u00e9 de vivre la mer \u00e0 fond !<\/span><\/p>\n<h3><b>Plus que des vacances : une aventure avec SeaYou<\/b><\/h3>\n<p><span style=\"font-weight: 400;\">Peu importe que vous choisissiez d'apprendre chaque d\u00e9tail technique ou que vous pr\u00e9f\u00e9riez profiter des couchers de soleil : \"Norway Explore\" vous r\u00e9serve des moments uniques, o\u00f9 la mer n'est pas qu'une simple toile de fond, mais le v\u00e9ritable protagoniste.<\/span><\/p>","protected":false},"excerpt":{"rendered":"<h2>Equipement<\/h2>\n<ul>\n<li>Draps de lit ou sac de couchage<\/li>\n<li>Mackintosh complet<\/li>\n<li>M\u00e9dicaments essentiels<\/li>\n<li>Serviettes<\/li>\n<li>Chaussures bateau<\/li>\n<li>Gants de bateau<\/li>\n<li>Feu avant<\/li>\n<\/ul>\n<p>Avant chaque voyage, une liste d\u00e9taill\u00e9e de l'\u00e9quipement sera envoy\u00e9e par courriel et par l'interm\u00e9diaire d'un groupe WhatsApp d\u00e9di\u00e9, afin de s'assurer que les participants sont bien pr\u00e9par\u00e9s. Lire le\u00a0 <a href=\"https:\/\/seayougroup.com\/fr\/faq\/\">FAQ<\/a> pour les dimensions des bagages.<\/p>\n<p>&nbsp;<\/p>\n<h2>Conditions pr\u00e9alables requises<\/h2>\n<p>Aucune condition pr\u00e9alable n'est requise<\/p>\n<p>&nbsp;<\/p>\n<h2>Situation m\u00e9t\u00e9orologique<\/h2>\n<p>Le programme peut \u00eatre modifi\u00e9 en fonction des conditions m\u00e9t\u00e9orologiques.<\/p>\n<p>&nbsp;<\/p>\n<h2>Vol<\/h2>\n<p><span style=\"font-weight: 400;\">T<\/span><span style=\"font-weight: 400;\">Je vous rappelle que les voyages SeaYou n'incluent pas les vols aller-retour depuis l'Italie, ce qui permet aux participants de choisir leur propre compagnie a\u00e9rienne, leur a\u00e9roport de d\u00e9part et leurs \u00e9ventuelles escales. <\/span><a href=\"https:\/\/www.skyscanner.it\/\" target=\"_blank\" rel=\"noopener\"><span style=\"font-weight: 400;\">Recherchez votre vol<\/span><\/a><\/p>","protected":false},"featured_media":11661,"comment_status":"open","ping_status":"closed","template":"","meta":{"_acf_changed":false,"_joinchat":[]},"product_brand":[],"product_cat":[28],"product_tag":[],"class_list":{"0":"post-9790","1":"product","2":"type-product","3":"status-publish","4":"has-post-thumbnail","6":"brw_tour_types-tutte-le-attivita","7":"brw_brw_tour_difficulty-day-skipper","8":"product_cat-esperienze","10":"first","11":"instock","12":"sale","13":"taxable","14":"shipping-taxable","15":"purchasable","16":"product-type-ovabrw_car_rental"},"acf":[],"aioseo_notices":[],"_links":{"self":[{"href":"https:\/\/seayougroup.com\/fr\/wp-json\/wp\/v2\/product\/9790","targetHints":{"allow":["GET"]}}],"collection":[{"href":"https:\/\/seayougroup.com\/fr\/wp-json\/wp\/v2\/product"}],"about":[{"href":"https:\/\/seayougroup.com\/fr\/wp-json\/wp\/v2\/types\/product"}],"replies":[{"embeddable":true,"href":"https:\/\/seayougroup.com\/fr\/wp-json\/wp\/v2\/comments?post=9790"}],"wp:featuredmedia":[{"embeddable":true,"href":"https:\/\/seayougroup.com\/fr\/wp-json\/wp\/v2\/media\/11661"}],"wp:attachment":[{"href":"https:\/\/seayougroup.com\/fr\/wp-json\/wp\/v2\/media?parent=9790"}],"wp:term":[{"taxonomy":"product_brand","embeddable":true,"href":"https:\/\/seayougroup.com\/fr\/wp-json\/wp\/v2\/product_brand?post=9790"},{"taxonomy":"product_cat","embeddable":true,"href":"https:\/\/seayougroup.com\/fr\/wp-json\/wp\/v2\/product_cat?post=9790"},{"taxonomy":"product_tag","embeddable":true,"href":"https:\/\/seayougroup.com\/fr\/wp-json\/wp\/v2\/product_tag?post=9790"}],"curies":[{"name":"wp","href":"https:\/\/api.w.org\/{rel}","templated":true}]}}