{"id":9791,"date":"2024-04-05T14:57:51","date_gmt":"2024-04-05T14:57:51","guid":{"rendered":"https:\/\/seayougroup.com\/?post_type=product&#038;p=9791"},"modified":"2025-09-26T15:56:01","modified_gmt":"2025-09-26T13:56:01","slug":"thailandia-baia-di-phang-nga","status":"publish","type":"product","link":"https:\/\/seayougroup.com\/fr\/esperienza\/thailandia-baia-di-phang-nga\/","title":{"rendered":"Tha\u00eflande : Baie de Phang Nga"},"content":{"rendered":"<h2>Que ferez-vous ?<\/h2>\n<p>D\u00e9couvrez la magie de la p\u00e9ninsule de Phang Nga gr\u00e2ce \u00e0 notre exp\u00e9rience exclusive, o\u00f9 la mer cristalline et les \u00eeles enchanteresses \u00e9mergent comme des pierres pr\u00e9cieuses d'un paysage \u00e0 couper le souffle. Naviguez \u00e0 travers les parcs nationaux marins et admirez les montagnes majestueuses qui surgissent de l'eau, cr\u00e9ant une toile de fond naturelle unique et fascinante. Chaque recoin de Phang Nga est une explosion de couleurs : des eaux turquoise profondes \u00e0 l'arc-en-ciel vibrant des saveurs de la cuisine tha\u00eflandaise, qui propose des plats authentiques et \u00e9pic\u00e9s qui ravissent le palais. Plongez dans la culture locale, qui m\u00eale en parfaite harmonie vie tr\u00e9pidante et s\u00e9r\u00e9nit\u00e9 spirituelle. Gr\u00e2ce \u00e0 l'hospitalit\u00e9 authentique des Tha\u00eflandais, chaque instant sera une c\u00e9l\u00e9bration de la beaut\u00e9 et de la culture de ce coin de terre enchanteur. Naviguer entre amis dans ce paradis marin est un r\u00eave devenu r\u00e9alit\u00e9 : imaginez des cocktails entour\u00e9s de panoramas \u00e0 couper le souffle et de couchers de soleil qui peignent le ciel de couleurs chaudes tandis que les montagnes se profilent \u00e0 l'horizon. Rejoignez-nous pour une aventure qui combine le charme naturel de la p\u00e9ninsule tha\u00eflandaise avec des exp\u00e9riences uniques que nous sommes les seuls \u00e0 pouvoir offrir.<\/p>\n<p>Par rotation, les participants apprendront les diff\u00e9rents r\u00f4les : commandement et gestion du bateau\/de l'\u00e9quipage, quarts et gardes, gouvernail, r\u00e9glage des voiles.  Apr\u00e8s l'amarrage, un d\u00e9briefing aura lieu et les environs seront explor\u00e9s. Tout en naviguant, les \u00e9tudiants pourront appr\u00e9cier la mer, profiter de mouillages \u00e0 couper le souffle et auront \u00e9galement du temps libre pour explorer les diff\u00e9rents villages et restaurants de la r\u00e9gion.<\/p>\n<p><b>Man\u0153uvrer le bateau :<\/b><\/p>\n<ul>\n<li style=\"font-weight: 400;\" aria-level=\"1\"><span style=\"font-weight: 400;\">Armement et d\u00e9sarmement des voiles<\/span><\/li>\n<li style=\"font-weight: 400;\" aria-level=\"1\"><span style=\"font-weight: 400;\">Conna\u00eetre le vent et les allures<\/span><\/li>\n<li style=\"font-weight: 400;\" aria-level=\"1\"><span style=\"font-weight: 400;\">Virages \u00e0 l'avant et \u00e0 l'arri\u00e8re<\/span><\/li>\n<li style=\"font-weight: 400;\" aria-level=\"1\"><span style=\"font-weight: 400;\">R\u00e9duction du voile<\/span><\/li>\n<li style=\"font-weight: 400;\" aria-level=\"1\"><span style=\"font-weight: 400;\">Man\u0153uvres de la cagoule<\/span><\/li>\n<li style=\"font-weight: 400;\" aria-level=\"1\"><span style=\"font-weight: 400;\">\u00c9p\u00e9es et ancres<\/span><\/li>\n<li style=\"font-weight: 400;\" aria-level=\"1\"><span style=\"font-weight: 400;\">Man\u0153uvres motoris\u00e9es<\/span><\/li>\n<li style=\"font-weight: 400;\" aria-level=\"1\"><span style=\"font-weight: 400;\">Man\u0153uvres dans les eaux restreintes<\/span><\/li>\n<li style=\"font-weight: 400;\" aria-level=\"1\"><span style=\"font-weight: 400;\">Utiliser l'appel d'offres<\/span><\/li>\n<\/ul>\n<p>&nbsp;<\/p>\n<p><b>Comp\u00e9tences en mati\u00e8re de navigation :<\/b><\/p>\n<ul>\n<li style=\"font-weight: 400;\" aria-level=\"1\"><span style=\"font-weight: 400;\">Analyse des conditions m\u00e9t\u00e9orologiques et lecture des cartes synoptiques et de leurs caract\u00e9ristiques<\/span> <span style=\"font-weight: 400;\">interpr\u00e9tation<\/span><\/li>\n<li style=\"font-weight: 400;\" aria-level=\"1\"><span style=\"font-weight: 400;\">COLREG<\/span><\/li>\n<li style=\"font-weight: 400;\" aria-level=\"1\"><span style=\"font-weight: 400;\">Analyse et premi\u00e8re approche des instruments de bord et de leur utilisation<\/span><\/li>\n<li style=\"font-weight: 400;\" aria-level=\"1\"><span style=\"font-weight: 400;\">Analyse de l'appareil moteur et d\u00e9tection des anomalies initiales<\/span><\/li>\n<li style=\"font-weight: 400;\" aria-level=\"1\"><span style=\"font-weight: 400;\">N\u0153uds<\/span><\/li>\n<li style=\"font-weight: 400;\" aria-level=\"1\"><span style=\"font-weight: 400;\">Nomenclature<\/span><\/li>\n<\/ul>\n<p>&nbsp;<\/p>\n<p><b>La s\u00e9curit\u00e9 :<\/b><\/p>\n<ul>\n<li style=\"font-weight: 400;\" aria-level=\"1\"><span style=\"font-weight: 400;\">R\u00e9cup\u00e9ration d'un homme \u00e0 la mer<\/span><\/li>\n<li style=\"font-weight: 400;\" aria-level=\"1\"><span style=\"font-weight: 400;\">Appel d'urgence<\/span><\/li>\n<li style=\"font-weight: 400;\" aria-level=\"1\"><span style=\"font-weight: 400;\">Proc\u00e9dures de sauvegarde de l'\u00e9quipage<\/span><\/li>\n<li style=\"font-weight: 400;\" aria-level=\"1\"><span style=\"font-weight: 400;\">Gestion<\/span> <span style=\"font-weight: 400;\">de<\/span> <span style=\"font-weight: 400;\">stress et \u00e9quipage<\/span><\/li>\n<li style=\"font-weight: 400;\" aria-level=\"1\"><span style=\"font-weight: 400;\">Alimentation et cuisine<\/span><\/li>\n<li style=\"font-weight: 400;\" aria-level=\"1\"><span style=\"font-weight: 400;\">Journal de bord<\/span><\/li>\n<\/ul>","protected":false},"excerpt":{"rendered":"<h2>Equipement<\/h2>\n<ul>\n<li>Draps de lit ou sac de couchage<\/li>\n<li>Mackintosh complet<\/li>\n<li>M\u00e9dicaments essentiels<\/li>\n<li>Serviettes<\/li>\n<li>Chaussures bateau<\/li>\n<li>Gants de bateau<\/li>\n<li>Feu avant<\/li>\n<\/ul>\n<p>Avant chaque voyage, une liste d\u00e9taill\u00e9e de l'\u00e9quipement sera envoy\u00e9e par courriel et par l'interm\u00e9diaire d'un groupe WhatsApp d\u00e9di\u00e9, afin de s'assurer que les participants sont bien pr\u00e9par\u00e9s. Lire le\u00a0 <a href=\"https:\/\/seayougroup.com\/fr\/faq\/\">FAQ<\/a> pour les dimensions des bagages.<\/p>\n<p>&nbsp;<\/p>\n<h2>Conditions pr\u00e9alables requises<\/h2>\n<p>Aucune condition pr\u00e9alable n'est requise.<\/p>\n<p>&nbsp;<\/p>\n<h2>Situation m\u00e9t\u00e9orologique<\/h2>\n<p>Le programme peut \u00eatre modifi\u00e9 en fonction des conditions m\u00e9t\u00e9orologiques.<\/p>\n<p>&nbsp;<\/p>\n<h2>Vol<\/h2>\n<p><span style=\"font-weight: 400;\">T<\/span><span style=\"font-weight: 400;\">Je vous rappelle que les voyages SeaYou n'incluent pas les vols aller-retour depuis l'Italie, ce qui permet aux participants de choisir leur propre compagnie a\u00e9rienne, leur a\u00e9roport de d\u00e9part et leurs \u00e9ventuelles escales. <\/span><a href=\"https:\/\/www.skyscanner.it\/\" target=\"_blank\" rel=\"noopener\"><span style=\"font-weight: 400;\">Recherchez votre vol<\/span><\/a><\/p>","protected":false},"featured_media":11660,"comment_status":"open","ping_status":"closed","template":"","meta":{"_acf_changed":false,"_joinchat":[]},"product_brand":[],"product_cat":[28],"product_tag":[112],"class_list":{"0":"post-9791","1":"product","2":"type-product","3":"status-publish","4":"has-post-thumbnail","6":"brw_tour_types-tutte-le-attivita","7":"brw_brw_tour_difficulty-day-skipper","8":"product_cat-esperienze","9":"product_tag-sold-out","11":"first","12":"outofstock","13":"sale","14":"taxable","15":"shipping-taxable","16":"purchasable","17":"product-type-ovabrw_car_rental"},"acf":[],"aioseo_notices":[],"_links":{"self":[{"href":"https:\/\/seayougroup.com\/fr\/wp-json\/wp\/v2\/product\/9791","targetHints":{"allow":["GET"]}}],"collection":[{"href":"https:\/\/seayougroup.com\/fr\/wp-json\/wp\/v2\/product"}],"about":[{"href":"https:\/\/seayougroup.com\/fr\/wp-json\/wp\/v2\/types\/product"}],"replies":[{"embeddable":true,"href":"https:\/\/seayougroup.com\/fr\/wp-json\/wp\/v2\/comments?post=9791"}],"wp:featuredmedia":[{"embeddable":true,"href":"https:\/\/seayougroup.com\/fr\/wp-json\/wp\/v2\/media\/11660"}],"wp:attachment":[{"href":"https:\/\/seayougroup.com\/fr\/wp-json\/wp\/v2\/media?parent=9791"}],"wp:term":[{"taxonomy":"product_brand","embeddable":true,"href":"https:\/\/seayougroup.com\/fr\/wp-json\/wp\/v2\/product_brand?post=9791"},{"taxonomy":"product_cat","embeddable":true,"href":"https:\/\/seayougroup.com\/fr\/wp-json\/wp\/v2\/product_cat?post=9791"},{"taxonomy":"product_tag","embeddable":true,"href":"https:\/\/seayougroup.com\/fr\/wp-json\/wp\/v2\/product_tag?post=9791"}],"curies":[{"name":"wp","href":"https:\/\/api.w.org\/{rel}","templated":true}]}}